{"id":2,"date":"2021-07-20T07:57:32","date_gmt":"2021-07-20T07:57:32","guid":{"rendered":"https:\/\/corp-web.gauss.i2-sys.com\/es\/?page_id=2"},"modified":"2021-09-14T16:21:29","modified_gmt":"2021-09-14T16:21:29","slug":"home","status":"publish","type":"page","link":"https:\/\/corp-web.gauss.i2-sys.com\/it\/","title":{"rendered":"Home"},"content":{"rendered":"\n<div class=\"wp-block-group alignwide module-hero hero-home\"><div class=\"wp-block-group__inner-container\">\n<div class=\"wp-block-columns container\">\n<div class=\"wp-block-column is-vertically-aligned-center col-md-8\">\n<h1 class=\"mb-30\">Le imprese hanno successo in base alla velocit\u00e0 e alla qualit\u00e0 delle loro decisioni<\/h1>\n\n\n\n<p class=\"xl\">Gauss \u00e8 una piattaforma che offre una suite di soluzioni tecnologiche basate sul suo marketing data hub per il processo decisionale nei processi chiave della strategia di marketing digitale.<\/p>\n<\/div>\n<\/div>\n<\/div><\/div>\n\n\n\n<div class=\"wp-block-group\"><div class=\"wp-block-group__inner-container\">\n<div class=\"wp-block-columns alignwide\">\n<div class=\"wp-block-column\" style=\"flex-basis:50%\">\n<figure class=\"wp-block-image\"><img loading=\"lazy\" width=\"672\" height=\"440\" src=\"https:\/\/corp-web.gauss.i2-sys.com\/es\/wp-content\/uploads\/sites\/6\/2021\/08\/img-IA.png\" alt=\"L\u00edder en datos e IA\" class=\"wp-image-59\" srcset=\"https:\/\/corp-web.gauss.i2-sys.com\/es\/wp-content\/uploads\/sites\/6\/2021\/08\/img-IA.png 672w, https:\/\/corp-web.gauss.i2-sys.com\/es\/wp-content\/uploads\/sites\/6\/2021\/08\/img-IA.png 300w\" sizes=\"(max-width: 672px) 100vw, 672px\" \/><\/figure>\n<\/div>\n\n\n\n<div class=\"wp-block-column is-vertically-aligned-center thinner\" style=\"flex-basis:50%\">\n<h2>Leader in dati e AI<\/h2>\n\n\n\n<p>L&#8217;informazione \u00e8 comprensione e questa \u00e8 l&#8217;intelligenza artificiale, rendere comprensibile l&#8217;incomprensibile, aiutare a capire cosa significano i dati da una dimensione maggiore.<\/p>\n\n\n\n<p class=\"external-link\"><strong><a href=\"https:\/\/corp-web.gauss.i2-sys.com\/it\/facebook-solutions\/\">Leggi di pi\u00f9<\/a><\/strong><\/p>\n<\/div>\n<\/div>\n<\/div><\/div>\n\n\n\n<div class=\"wp-block-group\"><div class=\"wp-block-group__inner-container\">\n<div class=\"wp-block-columns alignwide\">\n<div class=\"wp-block-column is-vertically-aligned-center thinner\" style=\"flex-basis:50%\">\n<h2>Modernizzazione dei dati<\/h2>\n\n\n\n<p>Rendere i vostri dati pi\u00f9 accessibili in tempo reale e soddisfare gli standard di qualit\u00e0 e affidabilit\u00e0 vi permette di essere un&#8217;organizzazione data-driven.<\/p>\n\n\n\n<p class=\"external-link\"><strong><strong><a href=\"https:\/\/corp-web.gauss.i2-sys.com\/it\/google-solutions\/\">Leggi di pi\u00f9<\/a><\/strong><\/strong><\/p>\n<\/div>\n\n\n\n<div class=\"wp-block-column\" style=\"flex-basis:50%\">\n<figure class=\"wp-block-image\"><img loading=\"lazy\" width=\"1024\" height=\"813\" src=\"https:\/\/corp-web.gauss.i2-sys.com\/es\/wp-content\/uploads\/sites\/6\/2021\/07\/hero_dashboard-1024x813.png\" alt=\"Modernizaci\u00f3n de datos\" class=\"wp-image-7\" srcset=\"https:\/\/corp-web.gauss.i2-sys.com\/es\/wp-content\/uploads\/sites\/6\/2021\/07\/hero_dashboard-1024x813.png 1024w, https:\/\/corp-web.gauss.i2-sys.com\/es\/wp-content\/uploads\/sites\/6\/2021\/07\/hero_dashboard-1024x813.png 300w, https:\/\/corp-web.gauss.i2-sys.com\/es\/wp-content\/uploads\/sites\/6\/2021\/07\/hero_dashboard-1024x813.png 768w, https:\/\/corp-web.gauss.i2-sys.com\/es\/wp-content\/uploads\/sites\/6\/2021\/07\/hero_dashboard-1024x813.png 1196w\" sizes=\"(max-width: 1024px) 100vw, 1024px\" \/><\/figure>\n<\/div>\n<\/div>\n<\/div><\/div>\n\n\n\n<div class=\"wp-block-group\"><div class=\"wp-block-group__inner-container\">\n<div class=\"wp-block-columns\">\n<div class=\"wp-block-column\">\n<figure class=\"wp-block-image size-full\"><img loading=\"lazy\" width=\"672\" height=\"419\" src=\"https:\/\/corp-web.gauss.i2-sys.com\/es\/wp-content\/uploads\/sites\/6\/2021\/08\/img-normativa-seguridad-privacidad.png\" alt=\"Privacidad y seguridad de los datos\" class=\"wp-image-62\" srcset=\"https:\/\/corp-web.gauss.i2-sys.com\/es\/wp-content\/uploads\/sites\/6\/2021\/08\/img-normativa-seguridad-privacidad.png 672w, https:\/\/corp-web.gauss.i2-sys.com\/es\/wp-content\/uploads\/sites\/6\/2021\/08\/img-normativa-seguridad-privacidad.png 300w\" sizes=\"(max-width: 672px) 100vw, 672px\" \/><\/figure>\n<\/div>\n\n\n\n<div class=\"wp-block-column is-vertically-aligned-center thinner\">\n<h2>Conforme ai regolamenti sulla sicurezza dei dati e sulla privacy<\/h2>\n\n\n\n<p>L&#8217;ambiente odierno senza cucina vi costringe a spostarvi da un ecosistema digitale in cui sfruttate i dati degli utenti raccolti da fonti esterne a uno in cui dovete fare affidamento sui vostri dati utente (First Party Data).<\/p>\n\n\n\n<p class=\"external-link\"><strong><strong><a href=\"https:\/\/corp-web.gauss.i2-sys.com\/it\/other-solutions\/\">Leggi di pi\u00f9<\/a><\/strong><\/strong><\/p>\n<\/div>\n<\/div>\n<\/div><\/div>\n\n\n\n<div class=\"wp-block-group\"><div class=\"wp-block-group__inner-container\">\n<div class=\"wp-block-cover\"><img loading=\"lazy\" width=\"1341\" height=\"633\" class=\"wp-block-cover__image-background wp-image-64\" alt=\"\" src=\"https:\/\/corp-web.gauss.i2-sys.com\/es\/wp-content\/uploads\/sites\/6\/2021\/08\/img-partners-tecnologicos.png\" data-object-fit=\"cover\" srcset=\"https:\/\/corp-web.gauss.i2-sys.com\/es\/wp-content\/uploads\/sites\/6\/2021\/08\/img-partners-tecnologicos.png 1341w, https:\/\/corp-web.gauss.i2-sys.com\/es\/wp-content\/uploads\/sites\/6\/2021\/08\/img-partners-tecnologicos.png 300w, https:\/\/corp-web.gauss.i2-sys.com\/es\/wp-content\/uploads\/sites\/6\/2021\/08\/img-partners-tecnologicos.png 1024w, https:\/\/corp-web.gauss.i2-sys.com\/es\/wp-content\/uploads\/sites\/6\/2021\/08\/img-partners-tecnologicos.png 768w\" sizes=\"(max-width: 1341px) 100vw, 1341px\" \/><div class=\"wp-block-cover__inner-container\">\n<div class=\"wp-block-group col-md-6 mx-auto\"><div class=\"wp-block-group__inner-container\">\n<h2 class=\"has-text-align-center heading-color has-text-color mb-30\">Gauss e i suoi partner tecnologici<\/h2>\n\n\n\n<p class=\"has-text-align-left normal-color has-text-color mb-30\">I nostri partner sono leader mondiali nella tecnologia digitale. Non importa quanto grandi o piccoli siano i vostri obiettivi, noi otterremo dei risultati. Insieme, portiamo avanti il tuo business in modo pi\u00f9 rapido ed efficiente.<\/p>\n\n\n\n<div class=\"wp-block-columns\">\n<div class=\"wp-block-column\">\n<div class=\"wp-block-image\"><figure class=\"aligncenter size-full\"><a href=\"https:\/\/corp-web.gauss.i2-sys.com\/it\/google-solutions\/\"><img loading=\"lazy\" width=\"58\" height=\"60\" src=\"https:\/\/corp-web.gauss.i2-sys.com\/es\/wp-content\/uploads\/sites\/6\/2021\/08\/google.png\" alt=\"Soluciones Google\" class=\"wp-image-84\"\/><\/a><\/figure><\/div>\n\n\n\n<p class=\"has-text-align-center external-link\"><a href=\"https:\/\/corp-web.gauss.i2-sys.com\/it\/google-solutions\/\">Soluzioni di Google<\/a><\/p>\n<\/div>\n\n\n\n<div class=\"wp-block-column\">\n<div class=\"wp-block-image\"><figure class=\"aligncenter size-full\"><a href=\"https:\/\/corp-web.gauss.i2-sys.com\/it\/facebook-solutions\/\"><img loading=\"lazy\" width=\"65\" height=\"64\" src=\"https:\/\/corp-web.gauss.i2-sys.com\/es\/wp-content\/uploads\/sites\/6\/2021\/08\/facebook.png\" alt=\"Soluciones Facebook\" class=\"wp-image-83\"\/><\/a><\/figure><\/div>\n\n\n\n<p class=\"has-text-align-center external-link\"><a href=\"https:\/\/corp-web.gauss.i2-sys.com\/it\/facebook-solutions\/\">Soluzioni di Facebook<\/a><\/p>\n<\/div>\n<\/div>\n<\/div><\/div>\n<\/div><\/div>\n<\/div><\/div>\n\n\n\n<div class=\"wp-block-group bg-custom-grey pt-big pb-big no-space-footer\"><div class=\"wp-block-group__inner-container\">\n<h2 class=\"has-text-align-center mb-70\">Abbiamo la fiducia dei nostri clienti<\/h2>\n\n\n\n<div class=\"wp-block-columns container\">\n<div class=\"wp-block-column\">\n<div class=\"wp-block-image\"><figure class=\"aligncenter size-full\"><img loading=\"lazy\" width=\"160\" height=\"72\" src=\"https:\/\/corp-web.gauss.i2-sys.com\/es\/wp-content\/uploads\/sites\/6\/2021\/08\/optica-universitaria.png\" alt=\"\u00d3ptica Universitaria\" class=\"wp-image-73\"\/><\/figure><\/div>\n<\/div>\n\n\n\n<div class=\"wp-block-column\">\n<div class=\"wp-block-image\"><figure class=\"aligncenter size-full\"><img loading=\"lazy\" width=\"160\" height=\"72\" src=\"https:\/\/corp-web.gauss.i2-sys.com\/es\/wp-content\/uploads\/sites\/6\/2021\/08\/drinks-and-co.png\" alt=\"Drinks &amp; co\" class=\"wp-image-103\"\/><\/figure><\/div>\n<\/div>\n\n\n\n<div class=\"wp-block-column\">\n<div class=\"wp-block-image\"><figure class=\"aligncenter size-full\"><img loading=\"lazy\" width=\"160\" height=\"72\" src=\"https:\/\/corp-web.gauss.i2-sys.com\/es\/wp-content\/uploads\/sites\/6\/2021\/08\/okaa.png\" alt=\"okaa\" class=\"wp-image-72\"\/><\/figure><\/div>\n<\/div>\n\n\n\n<div class=\"wp-block-column\">\n<div class=\"wp-block-image\"><figure class=\"aligncenter size-full\"><img loading=\"lazy\" width=\"160\" height=\"72\" src=\"https:\/\/corp-web.gauss.i2-sys.com\/es\/wp-content\/uploads\/sites\/6\/2021\/08\/venca.png\" alt=\"Venca\" class=\"wp-image-75\"\/><\/figure><\/div>\n<\/div>\n<\/div>\n\n\n\n<div class=\"wp-block-columns container\">\n<div class=\"wp-block-column\">\n<div class=\"wp-block-image\"><figure class=\"aligncenter size-full\"><img loading=\"lazy\" width=\"161\" height=\"72\" src=\"https:\/\/corp-web.gauss.i2-sys.com\/es\/wp-content\/uploads\/sites\/6\/2021\/08\/marina-rinaldi.png\" alt=\"Marina Rinaldi\" class=\"wp-image-78\"\/><\/figure><\/div>\n<\/div>\n\n\n\n<div class=\"wp-block-column\">\n<div class=\"wp-block-image\"><figure class=\"aligncenter size-full\"><img loading=\"lazy\" width=\"160\" height=\"72\" src=\"https:\/\/corp-web.gauss.i2-sys.com\/es\/wp-content\/uploads\/sites\/6\/2021\/08\/pull-and-bear.png\" alt=\"Pull &amp; Bear\" class=\"wp-image-74\"\/><\/figure><\/div>\n<\/div>\n\n\n\n<div class=\"wp-block-column\">\n<div class=\"wp-block-image\"><figure class=\"aligncenter size-full\"><img loading=\"lazy\" width=\"160\" height=\"72\" src=\"https:\/\/corp-web.gauss.i2-sys.com\/es\/wp-content\/uploads\/sites\/6\/2021\/08\/mount-legend.png\" alt=\"Mount Legend\" class=\"wp-image-104\"\/><\/figure><\/div>\n<\/div>\n\n\n\n<div class=\"wp-block-column\">\n<div class=\"wp-block-image\"><figure class=\"aligncenter size-full\"><img loading=\"lazy\" width=\"160\" height=\"72\" src=\"https:\/\/corp-web.gauss.i2-sys.com\/es\/wp-content\/uploads\/sites\/6\/2021\/08\/ebay.png\" alt=\"ebay\" class=\"wp-image-77\"\/><\/figure><\/div>\n<\/div>\n<\/div>\n<\/div><\/div>\n","protected":false},"excerpt":{"rendered":"<p>Le imprese hanno successo in base alla velocit\u00e0 e alla qualit\u00e0 delle loro decisioni Gauss \u00e8 una piattaforma che offre una suite di soluzioni tecnologiche basate sul suo marketing data hub per il processo decisionale nei processi chiave della strategia di marketing digitale. Leader in dati e AI L&#8217;informazione \u00e8 comprensione e questa \u00e8 l&#8217;intelligenza [&hellip;]<\/p>\n","protected":false},"author":1,"featured_media":0,"parent":0,"menu_order":0,"comment_status":"closed","ping_status":"open","template":"","meta":[],"_links":{"self":[{"href":"https:\/\/corp-web.gauss.i2-sys.com\/it\/wp-json\/wp\/v2\/pages\/2"}],"collection":[{"href":"https:\/\/corp-web.gauss.i2-sys.com\/it\/wp-json\/wp\/v2\/pages"}],"about":[{"href":"https:\/\/corp-web.gauss.i2-sys.com\/it\/wp-json\/wp\/v2\/types\/page"}],"author":[{"embeddable":true,"href":"https:\/\/corp-web.gauss.i2-sys.com\/it\/wp-json\/wp\/v2\/users\/1"}],"replies":[{"embeddable":true,"href":"https:\/\/corp-web.gauss.i2-sys.com\/it\/wp-json\/wp\/v2\/comments?post=2"}],"version-history":[{"count":0,"href":"https:\/\/corp-web.gauss.i2-sys.com\/it\/wp-json\/wp\/v2\/pages\/2\/revisions"}],"wp:attachment":[{"href":"https:\/\/corp-web.gauss.i2-sys.com\/it\/wp-json\/wp\/v2\/media?parent=2"}],"curies":[{"name":"wp","href":"https:\/\/api.w.org\/{rel}","templated":true}]}}