{"id":19,"date":"2021-07-20T11:32:53","date_gmt":"2021-07-20T11:32:53","guid":{"rendered":"https:\/\/corp-web.gauss.i2-sys.com\/es\/?page_id=19"},"modified":"2021-09-14T16:10:34","modified_gmt":"2021-09-14T16:10:34","slug":"politica-sulla-riservatezza","status":"publish","type":"page","link":"https:\/\/corp-web.gauss.i2-sys.com\/it\/politica-sulla-riservatezza\/","title":{"rendered":"Politica sulla riservatezza"},"content":{"rendered":"\n<div class=\"wp-block-group module-hero small\"><div class=\"wp-block-group__inner-container\">\n<div class=\"wp-block-cover\"><img loading=\"lazy\" width=\"1920\" height=\"853\" class=\"wp-block-cover__image-background wp-image-35\" alt=\"\" src=\"https:\/\/corp-web.gauss.i2-sys.com\/es\/wp-content\/uploads\/sites\/6\/2021\/07\/hero_ai_bg.jpg\" data-object-fit=\"cover\" srcset=\"https:\/\/corp-web.gauss.i2-sys.com\/es\/wp-content\/uploads\/sites\/6\/2021\/07\/hero_ai_bg.jpg 1920w, https:\/\/corp-web.gauss.i2-sys.com\/es\/wp-content\/uploads\/sites\/6\/2021\/07\/hero_ai_bg.jpg 300w, https:\/\/corp-web.gauss.i2-sys.com\/es\/wp-content\/uploads\/sites\/6\/2021\/07\/hero_ai_bg.jpg 1024w, https:\/\/corp-web.gauss.i2-sys.com\/es\/wp-content\/uploads\/sites\/6\/2021\/07\/hero_ai_bg.jpg 768w, https:\/\/corp-web.gauss.i2-sys.com\/es\/wp-content\/uploads\/sites\/6\/2021\/07\/hero_ai_bg.jpg 1536w\" sizes=\"(max-width: 1920px) 100vw, 1920px\" \/><div class=\"wp-block-cover__inner-container\">\n<h1 class=\"has-text-align-center\">Politica sulla riservatezza<\/h1>\n<\/div><\/div>\n<\/div><\/div>\n\n\n\n<div class=\"wp-block-group container legal-text\"><div class=\"wp-block-group__inner-container\">\n<h2 class=\"h3\">1. Chi \u00e8 responsabile del trattamento dei tuoi dati?<\/h2>\n\n\n\n<p>Il responsabile del trattamento dei dati personali \u00e8 MAKING SCIENCE GROUP SA (di seguito, \u00abMAKING SCIENCE\u00bb), con NIF: A-82861428 e sede legale in Calle L\u00f3pez de Hoyos 135, Piso 3, 28002, Madrid, Spagna.<\/p>\n\n\n\n<p>La informiamo che la propriet\u00e0 di questo Sito Web (di seguito, il \u00abSito Web\u00bb), appartiene a MAKING SCIENCE.<\/p>\n\n\n\n<p>L&#8217;accesso e\/o l&#8217;utilizzo del Sito, conferisce la condizione di Utente (di seguito, l&#8217;\u00abUtente\u00bb), e implica l&#8217;accettazione, da tale accesso e\/o utilizzo, della presente Privacy Policy.<\/p>\n\n\n\n<p class=\"content-link\">L&#8217;Utente pu\u00f2 contattare MAKING SCIENCE al seguente indirizzo di posta elettronica:\u00a0<a href=\"mailto:protecciondedatos@makingscience.com\">protecciondedatos@makingscience.com<\/a>.<\/p>\n\n\n\n<h2 class=\"h3\">2. Perch\u00e9 MAKING SCIENCE ha il diritto di effettuare il trattamento dei dati?<\/h2>\n\n\n\n<p>MAKING SCIENCE \u00e8 autorizzata a trattare i tuoi dati al fine di fornire i propri servizi.<\/p>\n\n\n\n<p>MAKING SCIENCE prende molto sul serio la protezione della tua privacy e dei tuoi dati personali.&nbsp;Pertanto, le tue informazioni personali sono conservate in modo sicuro e trattate con la massima cura.<\/p>\n\n\n\n<p>La presente Privacy Policy disciplina l&#8217;accesso e l&#8217;utilizzo del servizio (di seguito il \u00abServizio\u00bb) che MAKING SCIENCE mette a disposizione dell&#8217;Utente interessato ai servizi.<\/p>\n\n\n\n<p>In tal senso, le basi di legittimit\u00e0 utilizzate da MAKING SCIENCE per il trattamento dei dati degli Utenti sono:<\/p>\n\n\n\n<ol><li>L&#8217;esecuzione di un rapporto contrattuale.<\/li><li>Consenso degli utenti al trattamento dei propri dati personali per le finalit\u00e0 di volta in volta specificate.<\/li><li>Interesse legittimo, ove applicabile.<\/li><\/ol>\n\n\n\n<h2 class=\"h3\">3. Quali sono le finalit\u00e0 del trattamento dei tuoi dati personali da parte di MAKING SCIENCE?<\/h2>\n\n\n\n<p>I Suoi dati personali raccolti da MAKING SCIENCE potranno essere utilizzati per le seguenti finalit\u00e0, previo consenso prestato nel relativo form di registrazione:<\/p>\n\n\n\n<p>3.1 La fornitura dei servizi di MAKING SCIENCE.<\/p>\n\n\n\n<p>Al fine di fornire il servizio richiesto dall&#8217;Utente, MAKING SCIENCE avr\u00e0 bisogno di trattare i dati personali ricavati dalle informazioni fornite dall&#8217;Utente a MAKING SCIENCE.<\/p>\n\n\n\n<h2 class=\"h3\">4. Accuratezza dei dati forniti dagli Utenti e dei dati dei minori<\/h2>\n\n\n\n<p>L&#8217;Utente garantisce la veridicit\u00e0 dei dati personali forniti ed \u00e8 tenuto a comunicare a MAKING SCIENCE qualsiasi variazione degli stessi.\u00a0L&#8217;Utente sar\u00e0 in ogni caso responsabile della veridicit\u00e0 dei dati forniti e MAKING SCIENCE si riserva il diritto di escludere dai Servizi registrati l&#8217;Utente che abbia fornito dati falsi, fatte salve le altre azioni eventualmente applicabili per legge .<\/p>\n\n\n\n<h2 class=\"h3\">5. Conservazione dei dati<\/h2>\n\n\n\n<p>I dati personali forniti saranno conservati da MAKING SCIENCE fintanto che l&#8217;utente non esprima la volont\u00e0 di disiscriversi dai servizi di MAKING SCIENCE per ricevere informazioni sui servizi della societ\u00e0.\u00a0Successivamente, se necessario, MAKING SCIENCE conserver\u00e0 le informazioni bloccate per i periodi di tempo legalmente stabiliti.<\/p>\n\n\n\n<h2 class=\"h3\">6. Diritti dell&#8217;utente in relazione ai propri dati<\/h2>\n\n\n\n<p>L&#8217;Utente ha diritto a<\/p>\n\n\n\n<ol><li>Accedi ai tuoi dati personali.<\/li><li>Richiedere la rettifica dei dati inesatti.<\/li><li>Richiedi la sua cancellazione.<\/li><li>Richiedi la limitazione del trattamento dei tuoi dati.<\/li><li>Opporsi al trattamento dei suoi dati.<\/li><li>Richiedi la portabilit\u00e0.<\/li><li>Non essere soggetto a decisioni individuali automatizzate.<\/li><\/ol>\n\n\n\n<p class=\"content-link\">L&#8217;Utente pu\u00f2 esercitare tutti questi diritti al seguente indirizzo di posta elettronica\u00a0<a href=\"mailto:protecciondedatos@makingscience.com\">protecciondedatos@makingscience.com<\/a>\u00a0indicando il motivo della sua richiesta e fornendo una copia della sua Carta d&#8217;Identit\u00e0 Nazionale.<\/p>\n\n\n\n<p>L&#8217;Utente pu\u00f2 inoltre inviare la sua richiesta tramite posta ordinaria al seguente indirizzo:<\/p>\n\n\n\n<p class=\"has-text-align-center\">Making Science Group, S.A<br>N.I.F. A-82861428<br>Calle Lopez De Hoyos 135,<br>Piso 3, 28002 Madrid.<\/p>\n\n\n\n<p>Fatto salvo ogni altro ricorso amministrativo o giurisdizionale, l&#8217;Utente ha il diritto di proporre reclamo a un&#8217;autorit\u00e0 di controllo, segnatamente nello Stato membro in cui ha la residenza abituale, il luogo di lavoro o il luogo del presunta violazione, qualora ritenga che il trattamento dei suoi dati personali non sia lecito e non sia soddisfatto l&#8217;esercizio dei suoi diritti.\u00a0L&#8217;autorit\u00e0 di controllo alla quale \u00e8 stato proposto il reclamo informa il reclamante dello stato di avanzamento e dell&#8217;esito del reclamo.<\/p>\n\n\n\n<h2 class=\"h3\">7. Sicurezza dei dati<\/h2>\n\n\n\n<p>La protezione della privacy e dei dati personali degli Utenti \u00e8 molto importante per MAKING SCIENCE.&nbsp;Pertanto, MAKING SCIENCE fa ogni sforzo per impedire che i tuoi dati vengano utilizzati in modo improprio consentendo l&#8217;accesso solo al personale autorizzato.<\/p>\n\n\n\n<p>MAKING SCIENCE mantiene i livelli di sicurezza della protezione dei dati personali in conformit\u00e0 con le normative applicabili e ha stabilito tutti i mezzi tecnici a sua disposizione per evitare la perdita, l&#8217;uso improprio, l&#8217;alterazione, l&#8217;accesso non autorizzato e il furto dei dati forniti dall&#8217;Utente attraverso il Sito Web, fatta salva l&#8217;informazione dell&#8217;Utente che le misure di sicurezza su Internet non sono inespugnabili.<\/p>\n\n\n\n<p>MAKING SCIENCE si impegna a rispettare il dovere di segretezza e riservatezza rispetto ai dati personali secondo la normativa applicabile, nonch\u00e9 a trattarli in modo sicuro nelle cessioni e nei trasferimenti internazionali di dati che, ove opportuno, dovessero verificarsi.<\/p>\n\n\n\n<p>In quei servizi del Sito che richiedono la registrazione come Utente, deve essere scelta una password.&nbsp;L&#8217;Utente \u00e8 responsabile del mantenimento della riservatezza di tale password, nonch\u00e9 di tutte le attivit\u00e0 che si verificano nella sessione avviata con il proprio nome e password.<\/p>\n\n\n\n<p>L&#8217;Utente si impegna a comunicare al pi\u00f9 presto a MAKING SCIENCE qualsiasi utilizzo non autorizzato del nome utente e\/o password dell&#8217;Utente o qualsiasi altra violazione della sicurezza.&nbsp;MAKING SCIENCE non sar\u00e0 responsabile per eventuali perdite o danni derivanti dal mancato rispetto da parte dell&#8217;Utente di tale obbligo.&nbsp;ING SCIENCE si impegna a rispettare il dovere di segretezza e riservatezza rispetto ai dati personali ai sensi della normativa applicabile.<\/p>\n\n\n\n<h2 class=\"h3\">8. Modifiche<\/h2>\n\n\n\n<p>MAKING SCIENCE si riserva il diritto di rivedere la presente Informativa sulla privacy in qualsiasi momento.&nbsp;Per questo motivo, si prega di controllare regolarmente questa Informativa sulla privacy per leggere la versione pi\u00f9 recente di questa Informativa sulla privacy.<\/p>\n\n\n\n<p>Tuttavia, eventuali modifiche alla presente Privacy Policy saranno comunicate all&#8217;Utente.<\/p>\n\n\n\n<h2 class=\"h3\">9. Collegamenti a siti Web<\/h2>\n\n\n\n<p>Il sito web di MAKING SCIENCE pu\u00f2 contenere collegamenti a siti web di societ\u00e0 ed enti terzi.&nbsp;MAKING SCIENCE non pu\u00f2 essere ritenuto responsabile per il modo in cui queste societ\u00e0 trattano la privacy e la protezione dei dati personali, quindi ti consigliamo di leggere attentamente le dichiarazioni sulla Privacy Policy di questi siti Web che non sono di propriet\u00e0 di MAKING SCIENCE in relazione all&#8217;uso, elaborazione e protezione dei dati personali..<\/p>\n\n\n\n<p>Le condizioni offerte da questi siti Web potrebbero non essere le stesse di quelle offerte da MAKING SCIENCE.<\/p>\n\n\n\n<h2 class=\"h3\">10. Domande<\/h2>\n\n\n\n<p class=\"content-link\">In caso di domande sulla presente Informativa sulla privacy o sul trattamento dei dati, contattare MAKING SCIENCE tramite e-mail al seguente indirizzo:\u00a0<a href=\"mailto:protecciondedatos@makingscience.com\">protecciondedatos@makingscience.com<\/a>.<\/p>\n\n\n\n<h2 class=\"h3\">11. Accettazione e Consenso<\/h2>\n\n\n\n<p>L&#8217;Utente dichiara di essere stato informato delle condizioni in materia di protezione dei dati personali, accettando e acconsentendo al trattamento degli stessi da parte di MAKING SCIENCE, nelle forme e per le finalit\u00e0 indicate nella presente Privacy Policy.<\/p>\n<\/div><\/div>\n","protected":false},"excerpt":{"rendered":"<p>1. Chi \u00e8 responsabile del trattamento dei tuoi dati? Il responsabile del trattamento dei dati personali \u00e8 MAKING SCIENCE GROUP SA (di seguito, \u00abMAKING SCIENCE\u00bb), con NIF: A-82861428 e sede legale in Calle L\u00f3pez de Hoyos 135, Piso 3, 28002, Madrid, Spagna. La informiamo che la propriet\u00e0 di questo Sito Web (di seguito, il \u00abSito [&hellip;]<\/p>\n","protected":false},"author":1,"featured_media":0,"parent":0,"menu_order":0,"comment_status":"closed","ping_status":"closed","template":"","meta":[],"_links":{"self":[{"href":"https:\/\/corp-web.gauss.i2-sys.com\/it\/wp-json\/wp\/v2\/pages\/19"}],"collection":[{"href":"https:\/\/corp-web.gauss.i2-sys.com\/it\/wp-json\/wp\/v2\/pages"}],"about":[{"href":"https:\/\/corp-web.gauss.i2-sys.com\/it\/wp-json\/wp\/v2\/types\/page"}],"author":[{"embeddable":true,"href":"https:\/\/corp-web.gauss.i2-sys.com\/it\/wp-json\/wp\/v2\/users\/1"}],"replies":[{"embeddable":true,"href":"https:\/\/corp-web.gauss.i2-sys.com\/it\/wp-json\/wp\/v2\/comments?post=19"}],"version-history":[{"count":0,"href":"https:\/\/corp-web.gauss.i2-sys.com\/it\/wp-json\/wp\/v2\/pages\/19\/revisions"}],"wp:attachment":[{"href":"https:\/\/corp-web.gauss.i2-sys.com\/it\/wp-json\/wp\/v2\/media?parent=19"}],"curies":[{"name":"wp","href":"https:\/\/api.w.org\/{rel}","templated":true}]}}