{"id":18,"date":"2021-07-20T11:32:32","date_gmt":"2021-07-20T11:32:32","guid":{"rendered":"https:\/\/corp-web.gauss.i2-sys.com\/es\/?page_id=18"},"modified":"2021-09-14T16:03:44","modified_gmt":"2021-09-14T16:03:44","slug":"avviso-legale","status":"publish","type":"page","link":"https:\/\/corp-web.gauss.i2-sys.com\/it\/avviso-legale\/","title":{"rendered":"Avviso legale"},"content":{"rendered":"\n<div class=\"wp-block-group module-hero small\"><div class=\"wp-block-group__inner-container\">\n<div class=\"wp-block-cover\"><img loading=\"lazy\" width=\"1920\" height=\"853\" class=\"wp-block-cover__image-background wp-image-35\" alt=\"\" src=\"https:\/\/corp-web.gauss.i2-sys.com\/es\/wp-content\/uploads\/sites\/6\/2021\/07\/hero_ai_bg.jpg\" data-object-fit=\"cover\" srcset=\"https:\/\/corp-web.gauss.i2-sys.com\/es\/wp-content\/uploads\/sites\/6\/2021\/07\/hero_ai_bg.jpg 1920w, https:\/\/corp-web.gauss.i2-sys.com\/es\/wp-content\/uploads\/sites\/6\/2021\/07\/hero_ai_bg.jpg 300w, https:\/\/corp-web.gauss.i2-sys.com\/es\/wp-content\/uploads\/sites\/6\/2021\/07\/hero_ai_bg.jpg 1024w, https:\/\/corp-web.gauss.i2-sys.com\/es\/wp-content\/uploads\/sites\/6\/2021\/07\/hero_ai_bg.jpg 768w, https:\/\/corp-web.gauss.i2-sys.com\/es\/wp-content\/uploads\/sites\/6\/2021\/07\/hero_ai_bg.jpg 1536w\" sizes=\"(max-width: 1920px) 100vw, 1920px\" \/><div class=\"wp-block-cover__inner-container\">\n<h1 class=\"has-text-align-center\">Avviso legale<\/h1>\n<\/div><\/div>\n<\/div><\/div>\n\n\n\n<div class=\"wp-block-group container legal-text\"><div class=\"wp-block-group__inner-container\">\n<h2 class=\"h3\">1. Diritto dell&#8217;informazione<\/h2>\n\n\n\n<p>Ti informiamo che questo sito web \u00e8 di propriet\u00e0 di MAKING SCIENCE GROUP SA, (di seguito, \u00ab&nbsp;<strong>MAKING SCIENCE<\/strong>&nbsp;\u00ab), con NIF: A-82861428 e sede legale in Calle L\u00f3pez de Hoyos 135, Piso 3, 28002, Madrid, Spagna.<\/p>\n\n\n\n<p>L&#8217;accesso e\/o l&#8217;utilizzo del sito web conferisce la condizione di utente e accetta, da tale accesso e\/o utilizzo, il presente Avviso Legale.<\/p>\n\n\n\n<p>L&#8217;utente (di seguito l&#8217;\u00ab\u00a0<strong>Utente<\/strong>\u00a0\u00bb) pu\u00f2 contattare MAKING SCIENCE al seguente indirizzo e-mail:\u00a0<a href=\"mailto:protecciondedatos@makingscience.com\">protecciondedatos@makingscience.com<\/a>.<\/p>\n\n\n\n<h2 class=\"h3\">2. Utilizzo del sito web<\/h2>\n\n\n\n<p>L&#8217;Utente si assume la responsabilit\u00e0 dell&#8217;uso del Sito Web di MAKING SCIENCE (di seguito il \u00abSito Web\u00bb).\u00a0Il Sito Web pu\u00f2 fornire accesso a una moltitudine di testi, grafici, disegni, disegni, fotografie, contenuti multimediali e informazioni (di seguito i \u00ab\u00a0<strong>Contenuti<\/strong>\u00a0\u00bb) appartenenti a MAKING SCIENCE oa terzi a cui l&#8217;Utente pu\u00f2 avere accesso.<\/p>\n\n\n\n<p>L&#8217;Utente si impegna a fare un uso appropriato dei Contenuti e dei Servizi offerti attraverso il Sito e, a titolo esemplificativo, ma non esaustivo, a non utilizzarli per:<\/p>\n\n\n\n<ol><li>Impegnarsi in attivit\u00e0 illecite, illegali o contrarie alla buona fede e all&#8217;ordine pubblico.<\/li><li>Causare danni ai sistemi fisici e logici del Sito Web di MAKING SCIENCE, dei suoi fornitori o di terzi.<\/li><li>Introdurre o diffondere virus informatici o qualsiasi altro sistema fisico o logico in grado di causare i suddetti danni.<\/li><li>Tentare di accedere, utilizzare e\/o manipolare i dati dei fornitori terzi di MAKING SCIENCE e di altri utenti.<\/li><li>Riprodurre o copiare, distribuire, consentire l&#8217;accesso al pubblico attraverso qualsiasi forma di comunicazione pubblica, trasformare o modificare i Contenuti, salvo autorizzazione di MAKING SCIENCE.<\/li><li>Sopprimere, nascondere o manipolare i Contenuti soggetti a diritti di propriet\u00e0 intellettuale o industriale e altri dati identificativi di detti diritti di MAKING SCIENCE o di terzi incorporati nei Contenuti, nonch\u00e9 i dispositivi tecnici di protezione o eventuali meccanismi di informazione che possono essere inseriti in i contenuti.<\/li><\/ol>\n\n\n\n<p>Sono quindi insufficienti per prendere decisioni o prendere posizione in un caso specifico.<\/p>\n\n\n\n<p>L&#8217;Utente deve essere consapevole che i materiali contenuti in questo sito Web potrebbero non riflettere l&#8217;ultimo stato legislativo o giurisprudenziale sulle questioni discusse.\u00a0Inoltre, questi materiali possono essere modificati, sviluppati o aggiornati senza preavviso.<\/p>\n\n\n\n<p>Il diritto di indagare e denunciare le suddette condotte in conformit\u00e0 alla legge, nonch\u00e9 di cooperare con le autorit\u00e0 nell&#8217;accertamento di tali azioni.<\/p>\n\n\n\n<p>MAKING SCIENCE pu\u00f2 sospendere temporaneamente, senza preavviso, l&#8217;accesso al Sito Web per manutenzione, riparazione, aggiornamento o upgrade.\u00a0Tuttavia, MAKING SCIENCE, quando le circostanze lo permetteranno, dar\u00e0 all&#8217;Utente un&#8217;adeguata comunicazione della data prevista per la sospensione dei Servizi.\u00a0MAKING SCIENCE non \u00e8 responsabile dell&#8217;uso che gli Utenti possono fare dei Contenuti inclusi nel Sito Web.<\/p>\n\n\n\n<h2 class=\"h3\">3. Propriet\u00e0 intellettuale e industriale<\/h2>\n\n\n\n<p>MAKING SCIENCE, o di un terzo che ne ha autorizzato l&#8217;uso, quindi \u00e8 MAKING SCIENCE che ha l&#8217;esercizio esclusivo dei diritti di sfruttamento di questi.\u00a0Per questo ed in virt\u00f9 di quanto previsto dalla normativa applicabile in materia di Diritti di Propriet\u00e0 Intellettuale e Industriale.<\/p>\n\n\n\n<p>MAKING SCIENCE does not grant any licence or authorisation of use of any kind over its intellectual and industrial prMAKING SCIENCE non concede alcuna licenza o autorizzazione d&#8217;uso di alcun tipo sui propri diritti di propriet\u00e0 intellettuale e industriale o su qualsiasi altra propriet\u00e0 o diritto relativo al Sito Web, ai Servizi o ai Contenuti del Sito Web.<\/p>\n\n\n\n<p>La riproduzione e l&#8217;archiviazione temporanea dei contenuti del Sito \u00e8 consentita nella misura strettamente necessaria per l&#8217;utilizzo e la visualizzazione del Sito da un dispositivo personale.<\/p>\n\n\n\n<p>L&#8217;Utente manleva MAKING SCIENCE da qualsiasi pretesa di terzi derivante dall&#8217;uso illecito dei Contenuti del Sito.<\/p>\n\n\n\n<h2 class=\"h3\">4. Responsabilit\u00e0 e Garanzie<\/h2>\n\n\n\n<p>MAKING SCIENCE declares that it has adopted the necessary measures that, within its possibilities and the state of the MAKING SCIENCE dichiara di aver adottato le misure necessarie che, nell&#8217;ambito delle proprie possibilit\u00e0 e dello stato della tecnologia, consentono il corretto funzionamento del proprio Sito Web, nonch\u00e9 l&#8217;assenza di virus e componenti dannosi.\u00a0Tuttavia, MAKING SCIENCE non pu\u00f2 essere ritenuta responsabile per:<\/p>\n\n\n\n<ol><li>La continuit\u00e0 e la disponibilit\u00e0 dei Contenuti e dei Servizi.<\/li><li>L&#8217;assenza di errori in detti Contenuti o la correzione di eventuali difetti che possono verificarsi.<\/li><li>L&#8217;assenza di virus e\/o altri componenti dannosi.<\/li><li>I danni causati da chiunque violi i sistemi di sicurezza di MAKING SCIENCE.<\/li><\/ol>\n\n\n\n<p>I contributi in queste pagine sono forniti solo a scopo informativo.&nbsp;MAKING SCIENCE non garantisce la completezza, la correttezza e l&#8217;attualit\u00e0 dei contenuti.<\/p>\n\n\n\n<p>MAKING SCIENCE non ha alcun controllo e l&#8217;inclusione di collegamenti ad altri siti Web non implica alcuna approvazione dei loro contenuti da parte di MAKING SCIENCE o alcuna associazione tra MAKING SCIENCE e i loro proprietari.&nbsp;Pertanto, l&#8217;Utente accede ai Contenuti e alle condizioni di utilizzo di tali siti a proprio rischio.<\/p>\n\n\n\n<h2 class=\"h3\">5. Duration and amendment<\/h2>\n\n\n\n<p>Il presente Avviso Legale sar\u00e0 in vigore a tempo indeterminato, MAKING SCIENCE potr\u00e0 apportare modifiche alle condizioni in esso specificate, che entreranno in vigore dal momento della sua pubblicazione.<\/p>\n\n\n\n<p>MAKING SCIENCE potr\u00e0 sopprimere, aggiungere o modificare tanto i Contenuti quanto i Servizi che offre, nonch\u00e9 la forma in cui questi appaiono localizzati o presentati.&nbsp;Le condizioni che vengono pubblicate nel momento in cui l&#8217;Utente accede al Sito Web di MAKING SCIENCE si intendono in vigore.<\/p>\n\n\n\n<p>L&#8217;accesso e\/o l&#8217;utilizzo del Sito Web deve intendersi come accettazione da parte dell&#8217;Utente del presente Avviso Legale e delle sue condizioni e, se del caso, delle eventuali modifiche alle stesse apportate.<\/p>\n<\/div><\/div>\n","protected":false},"excerpt":{"rendered":"<p>1. Diritto dell&#8217;informazione Ti informiamo che questo sito web \u00e8 di propriet\u00e0 di MAKING SCIENCE GROUP SA, (di seguito, \u00ab&nbsp;MAKING SCIENCE&nbsp;\u00ab), con NIF: A-82861428 e sede legale in Calle L\u00f3pez de Hoyos 135, Piso 3, 28002, Madrid, Spagna. L&#8217;accesso e\/o l&#8217;utilizzo del sito web conferisce la condizione di utente e accetta, da tale accesso e\/o [&hellip;]<\/p>\n","protected":false},"author":1,"featured_media":0,"parent":0,"menu_order":0,"comment_status":"closed","ping_status":"closed","template":"","meta":[],"_links":{"self":[{"href":"https:\/\/corp-web.gauss.i2-sys.com\/it\/wp-json\/wp\/v2\/pages\/18"}],"collection":[{"href":"https:\/\/corp-web.gauss.i2-sys.com\/it\/wp-json\/wp\/v2\/pages"}],"about":[{"href":"https:\/\/corp-web.gauss.i2-sys.com\/it\/wp-json\/wp\/v2\/types\/page"}],"author":[{"embeddable":true,"href":"https:\/\/corp-web.gauss.i2-sys.com\/it\/wp-json\/wp\/v2\/users\/1"}],"replies":[{"embeddable":true,"href":"https:\/\/corp-web.gauss.i2-sys.com\/it\/wp-json\/wp\/v2\/comments?post=18"}],"version-history":[{"count":0,"href":"https:\/\/corp-web.gauss.i2-sys.com\/it\/wp-json\/wp\/v2\/pages\/18\/revisions"}],"wp:attachment":[{"href":"https:\/\/corp-web.gauss.i2-sys.com\/it\/wp-json\/wp\/v2\/media?parent=18"}],"curies":[{"name":"wp","href":"https:\/\/api.w.org\/{rel}","templated":true}]}}