{"id":9,"date":"2021-07-20T09:30:08","date_gmt":"2021-07-20T09:30:08","guid":{"rendered":"https:\/\/corp-web.gauss.i2-sys.com\/es\/?page_id=9"},"modified":"2021-10-22T10:33:16","modified_gmt":"2021-10-22T10:33:16","slug":"solutions-google","status":"publish","type":"page","link":"https:\/\/corp-web.gauss.i2-sys.com\/fr\/solutions-google\/","title":{"rendered":"Solutions Google"},"content":{"rendered":"\n<div class=\"wp-block-group\"><div class=\"wp-block-group__inner-container\">\n<div class=\"wp-block-cover\"><img loading=\"lazy\" width=\"1440\" height=\"512\" class=\"wp-block-cover__image-background wp-image-90\" alt=\"\" src=\"https:\/\/corp-web.gauss.i2-sys.com\/es\/wp-content\/uploads\/sites\/5\/2021\/08\/img-hero-fb-solutions.jpg\" data-object-fit=\"cover\" srcset=\"https:\/\/corp-web.gauss.i2-sys.com\/es\/wp-content\/uploads\/sites\/5\/2021\/08\/img-hero-fb-solutions.jpg 1440w, https:\/\/corp-web.gauss.i2-sys.com\/es\/wp-content\/uploads\/sites\/5\/2021\/08\/img-hero-fb-solutions.jpg 300w, https:\/\/corp-web.gauss.i2-sys.com\/es\/wp-content\/uploads\/sites\/5\/2021\/08\/img-hero-fb-solutions.jpg 1024w, https:\/\/corp-web.gauss.i2-sys.com\/es\/wp-content\/uploads\/sites\/5\/2021\/08\/img-hero-fb-solutions.jpg 768w\" sizes=\"(max-width: 1440px) 100vw, 1440px\" \/><div class=\"wp-block-cover__inner-container\">\n<figure class=\"wp-block-image size-full is-resized container\"><img loading=\"lazy\" src=\"https:\/\/corp-web.gauss.i2-sys.com\/es\/wp-content\/uploads\/sites\/5\/2021\/08\/google_marketing_platform.png\" alt=\"Partner Google\" class=\"wp-image-171\" width=\"180\" height=\"63\" srcset=\"https:\/\/corp-web.gauss.i2-sys.com\/es\/wp-content\/uploads\/sites\/5\/2021\/08\/google_marketing_platform.png 360w, https:\/\/corp-web.gauss.i2-sys.com\/es\/wp-content\/uploads\/sites\/5\/2021\/08\/google_marketing_platform.png 300w\" sizes=\"(max-width: 180px) 100vw, 180px\" \/><\/figure>\n\n\n\n<h1 class=\"has-text-align-left container\">Solutions technologiques pour aider \u00e0 atteindre les objectifs de marketing et de vente<\/h1>\n<\/div><\/div>\n<\/div><\/div>\n\n\n\n<div class=\"wp-block-group float-up\"><div class=\"wp-block-group__inner-container\">\n<div class=\"wp-block-columns\">\n<div class=\"wp-block-column\">\n<figure class=\"wp-block-image size-full\"><img loading=\"lazy\" width=\"678\" height=\"366\" src=\"https:\/\/corp-web.gauss.i2-sys.com\/es\/wp-content\/uploads\/sites\/5\/2021\/08\/gmp.png\" alt=\"Google Marketing Platform\" class=\"wp-image-168\" srcset=\"https:\/\/corp-web.gauss.i2-sys.com\/es\/wp-content\/uploads\/sites\/5\/2021\/08\/gmp.png 678w, https:\/\/corp-web.gauss.i2-sys.com\/es\/wp-content\/uploads\/sites\/5\/2021\/08\/gmp.png 300w\" sizes=\"(max-width: 678px) 100vw, 678px\" \/><\/figure>\n<\/div>\n\n\n\n<div class=\"wp-block-column is-vertically-aligned-center thin\">\n<h2 class=\"h3 mb-30\">Entreprise et partenaires commerciaux certifi\u00e9s Google Marketing Platform<\/h2>\n\n\n\n<p>Vous avez besoin d&#8217;une solution globale, nous avons les ressources et l&#8217;exp\u00e9rience dont vous avez besoin pour vous aider \u00e0 atteindre vos objectifs marketing et commerciaux.<\/p>\n<\/div>\n<\/div>\n<\/div><\/div>\n\n\n\n<div class=\"wp-block-group module-soluciones container mt-big\"><div class=\"wp-block-group__inner-container\">\n<div class=\"wp-block-columns\">\n<div class=\"wp-block-column\">\n<div class=\"wp-block-group\"><div class=\"wp-block-group__inner-container\">\n<figure class=\"wp-block-image size-full\"><img loading=\"lazy\" width=\"60\" height=\"36\" src=\"https:\/\/corp-web.gauss.i2-sys.com\/es\/wp-content\/uploads\/sites\/5\/2021\/08\/icon-fb-solutions-1.png\" alt=\"\" class=\"wp-image-139\" \/><\/figure>\n\n\n\n<h2 class=\"h1\">Smart Advertising<\/h2>\n\n\n\n<p>L&#8217;intelligence artificielle appliqu\u00e9e \u00e0 l&#8217;optimisation des investissements dans Google Ads.<\/p>\n\n\n\n<p>Optimisez vos campagnes de publicit\u00e9 num\u00e9rique gr\u00e2ce \u00e0 une connaissance approfondie de l&#8217;acheteur, bas\u00e9e sur les First Party Data, et \u00e0 l&#8217;apprentissage automatique, qui enrichit en temps r\u00e9el les audiences que vous priorisez dans vos campagnes Google.<\/p>\n\n\n\n<p class=\"external-link open-pdf\"><a href=\"https:\/\/corp-web.gauss.i2-sys.com\/es\/wp-content\/uploads\/sites\/5\/2021\/08\/Datasheet_Smart-Advertising_EN.pdf\" target=\"_blank\" rel=\"noreferrer noopener\"><strong>Lire la suite<\/strong><\/a><\/p>\n\n\n\n<div class=\"wp-block-pdf-viewer-block-standard\" style=\"text-align:left\"><div class=\"uploaded-pdf\"><a href=\"https:\/\/corp-web.gauss.i2-sys.com\/es\/wp-content\/uploads\/sites\/5\/2021\/08\/Datasheet_Smart-Advertising_EN.pdf\" data-width=\"\" data-height=\"\"><\/a><\/div><\/div>\n<\/div><\/div>\n<\/div>\n\n\n\n<div class=\"wp-block-column\">\n<div class=\"wp-block-group\"><div class=\"wp-block-group__inner-container\">\n<figure class=\"wp-block-image size-full\"><img loading=\"lazy\" width=\"37\" height=\"48\" src=\"https:\/\/corp-web.gauss.i2-sys.com\/es\/wp-content\/uploads\/sites\/5\/2021\/08\/icon-fb-solutions-2.png\" alt=\"\" class=\"wp-image-140\" \/><\/figure>\n\n\n\n<h2 class=\"h1\">Offline Conversions<\/h2>\n\n\n\n<p><br>Mesurez l&#8217;impact de vos annonces Google sur la conversion en ventes et dynamisez vos campagnes num\u00e9riques en connectant vos donn\u00e9es hors ligne.<\/p>\n\n\n\n<p class=\"external-link open-pdf\"><a href=\"https:\/\/corp-web.gauss.i2-sys.com\/es\/wp-content\/uploads\/sites\/5\/2021\/08\/Datasheet_Gauss-Offline-Conversions_EN.pdf\" target=\"_blank\" rel=\"noreferrer noopener\"><strong>Lire la suite<\/strong><\/a><\/p>\n\n\n\n<div class=\"wp-block-pdf-viewer-block-standard\" style=\"text-align:left\"><div class=\"uploaded-pdf\"><a href=\"https:\/\/corp-web.gauss.i2-sys.com\/es\/wp-content\/uploads\/sites\/5\/2021\/08\/Datasheet_Gauss-Offline-Conversions_EN.pdf\" data-width=\"\" data-height=\"\"><\/a><\/div><\/div>\n<\/div><\/div>\n<\/div>\n<\/div>\n\n\n\n<div class=\"wp-block-columns\">\n<div class=\"wp-block-column\">\n<div class=\"wp-block-group\"><div class=\"wp-block-group__inner-container\">\n<figure class=\"wp-block-image size-full\"><img loading=\"lazy\" width=\"44\" height=\"44\" src=\"https:\/\/corp-web.gauss.i2-sys.com\/es\/wp-content\/uploads\/sites\/5\/2021\/08\/icon-gmt-solutions-3.png\" alt=\"\" class=\"wp-image-153\" \/><\/figure>\n\n\n\n<h2 class=\"h1\">Attribution<\/h2>\n\n\n\n<p>Nous cr\u00e9ons un mod\u00e8le d&#8217;attribution adapt\u00e9 \u00e0 vos objectifs commerciaux afin que vos d\u00e9penses publicitaires soient align\u00e9es sur les strat\u00e9gies qui ont donn\u00e9 les meilleurs r\u00e9sultats en mati\u00e8re de conversion de ventes.<\/p>\n<\/div><\/div>\n<\/div>\n\n\n\n<div class=\"wp-block-column\">\n<div class=\"wp-block-group\"><div class=\"wp-block-group__inner-container\">\n<figure class=\"wp-block-image size-full\"><img loading=\"lazy\" width=\"51\" height=\"44\" src=\"https:\/\/corp-web.gauss.i2-sys.com\/es\/wp-content\/uploads\/sites\/5\/2021\/08\/icon-gmt-solutions-4.png\" alt=\"\" class=\"wp-image-154\" \/><\/figure>\n\n\n\n<h2 class=\"h1\">Data Quality<\/h2>\n\n\n\n<p>Recevez des alertes en temps r\u00e9el sur les \u00e9v\u00e9nements pertinents de votre site web pour vous aider \u00e0 r\u00e9soudre les incidents et ainsi minimiser l&#8217;impact sur votre entreprise. Surveillez, dans un seul panneau de contr\u00f4le, les informations provenant des outils de mesure des diff\u00e9rentes plateformes et comparez-les avec notre propre outil pour voir les divergences.<\/p>\n\n\n\n<p class=\"external-link open-pdf\"><a href=\"https:\/\/corp-web.gauss.i2-sys.com\/es\/wp-content\/uploads\/sites\/5\/2021\/08\/Datasheet_Gauss-Data-Quality_EN.pdf\" target=\"_blank\" rel=\"noreferrer noopener\"><strong>Lire la suite<\/strong><\/a><\/p>\n\n\n\n<div class=\"wp-block-pdf-viewer-block-standard\" style=\"text-align:left\"><div class=\"uploaded-pdf\"><a href=\"https:\/\/corp-web.gauss.i2-sys.com\/es\/wp-content\/uploads\/sites\/5\/2021\/08\/Datasheet_Gauss-Data-Quality_EN.pdf\" data-width=\"\" data-height=\"\"><\/a><\/div><\/div>\n<\/div><\/div>\n<\/div>\n<\/div>\n<\/div><\/div>\n\n\n\n<div class=\"wp-block-group bg-custom-grey pt-big pb-big no-space-footer\"><div class=\"wp-block-group__inner-container\">\n<h2 class=\"has-text-align-center mb-70\">Les clients qui nous font confiance<\/h2>\n\n\n\n<div class=\"wp-block-columns container\">\n<div class=\"wp-block-column\">\n<div class=\"wp-block-image\"><figure class=\"aligncenter size-full\"><img loading=\"lazy\" width=\"160\" height=\"72\" src=\"https:\/\/corp-web.gauss.i2-sys.com\/es\/wp-content\/uploads\/sites\/5\/2021\/08\/optica-universitaria.png\" alt=\"\u00d3ptica Universitaria\" class=\"wp-image-73\" \/><\/figure><\/div>\n<\/div>\n\n\n\n<div class=\"wp-block-column\">\n<div class=\"wp-block-image\"><figure class=\"aligncenter size-full\"><img loading=\"lazy\" width=\"160\" height=\"72\" src=\"https:\/\/corp-web.gauss.i2-sys.com\/es\/wp-content\/uploads\/sites\/5\/2021\/08\/drinks-and-co.png\" alt=\"Drinks &amp; co\" class=\"wp-image-103\" \/><\/figure><\/div>\n<\/div>\n\n\n\n<div class=\"wp-block-column\">\n<div class=\"wp-block-image\"><figure class=\"aligncenter size-full\"><img loading=\"lazy\" width=\"160\" height=\"72\" src=\"https:\/\/corp-web.gauss.i2-sys.com\/es\/wp-content\/uploads\/sites\/5\/2021\/08\/okaa.png\" alt=\"okaa\" class=\"wp-image-72\" \/><\/figure><\/div>\n<\/div>\n\n\n\n<div class=\"wp-block-column\">\n<div class=\"wp-block-image\"><figure class=\"aligncenter size-full\"><img loading=\"lazy\" width=\"160\" height=\"72\" src=\"https:\/\/corp-web.gauss.i2-sys.com\/es\/wp-content\/uploads\/sites\/5\/2021\/08\/venca.png\" alt=\"Venca\" class=\"wp-image-75\" \/><\/figure><\/div>\n<\/div>\n<\/div>\n\n\n\n<div class=\"wp-block-columns container\">\n<div class=\"wp-block-column\">\n<div class=\"wp-block-image\"><figure class=\"aligncenter size-full\"><img loading=\"lazy\" width=\"161\" height=\"72\" src=\"https:\/\/corp-web.gauss.i2-sys.com\/es\/wp-content\/uploads\/sites\/5\/2021\/08\/marina-rinaldi.png\" alt=\"Marina Rinaldi\" class=\"wp-image-78\" \/><\/figure><\/div>\n<\/div>\n\n\n\n<div class=\"wp-block-column\">\n<div class=\"wp-block-image\"><figure class=\"aligncenter size-full\"><img loading=\"lazy\" width=\"160\" height=\"72\" src=\"https:\/\/corp-web.gauss.i2-sys.com\/es\/wp-content\/uploads\/sites\/5\/2021\/08\/pull-and-bear.png\" alt=\"Pull &amp; Bear\" class=\"wp-image-74\" \/><\/figure><\/div>\n<\/div>\n\n\n\n<div class=\"wp-block-column\">\n<div class=\"wp-block-image\"><figure class=\"aligncenter size-full\"><img loading=\"lazy\" width=\"160\" height=\"72\" src=\"https:\/\/corp-web.gauss.i2-sys.com\/es\/wp-content\/uploads\/sites\/5\/2021\/08\/mount-legend.png\" alt=\"Mount Legend\" class=\"wp-image-104\" \/><\/figure><\/div>\n<\/div>\n\n\n\n<div class=\"wp-block-column\">\n<div class=\"wp-block-image\"><figure class=\"aligncenter size-full\"><img loading=\"lazy\" width=\"160\" height=\"72\" src=\"https:\/\/corp-web.gauss.i2-sys.com\/es\/wp-content\/uploads\/sites\/5\/2021\/08\/ebay.png\" alt=\"ebay\" class=\"wp-image-77\" \/><\/figure><\/div>\n<\/div>\n<\/div>\n<\/div><\/div>\n","protected":false},"excerpt":{"rendered":"<p>Entreprise et partenaires commerciaux certifi\u00e9s Google Marketing Platform Vous avez besoin d&#8217;une solution globale, nous avons les ressources et l&#8217;exp\u00e9rience dont vous avez besoin pour vous aider \u00e0 atteindre vos objectifs marketing et commerciaux. Smart Advertising L&#8217;intelligence artificielle appliqu\u00e9e \u00e0 l&#8217;optimisation des investissements dans Google Ads. Optimisez vos campagnes de publicit\u00e9 num\u00e9rique gr\u00e2ce \u00e0 une [&hellip;]<\/p>\n","protected":false},"author":1,"featured_media":0,"parent":0,"menu_order":0,"comment_status":"closed","ping_status":"closed","template":"","meta":[],"_links":{"self":[{"href":"https:\/\/corp-web.gauss.i2-sys.com\/fr\/wp-json\/wp\/v2\/pages\/9"}],"collection":[{"href":"https:\/\/corp-web.gauss.i2-sys.com\/fr\/wp-json\/wp\/v2\/pages"}],"about":[{"href":"https:\/\/corp-web.gauss.i2-sys.com\/fr\/wp-json\/wp\/v2\/types\/page"}],"author":[{"embeddable":true,"href":"https:\/\/corp-web.gauss.i2-sys.com\/fr\/wp-json\/wp\/v2\/users\/1"}],"replies":[{"embeddable":true,"href":"https:\/\/corp-web.gauss.i2-sys.com\/fr\/wp-json\/wp\/v2\/comments?post=9"}],"version-history":[{"count":7,"href":"https:\/\/corp-web.gauss.i2-sys.com\/fr\/wp-json\/wp\/v2\/pages\/9\/revisions"}],"predecessor-version":[{"id":235,"href":"https:\/\/corp-web.gauss.i2-sys.com\/fr\/wp-json\/wp\/v2\/pages\/9\/revisions\/235"}],"wp:attachment":[{"href":"https:\/\/corp-web.gauss.i2-sys.com\/fr\/wp-json\/wp\/v2\/media?parent=9"}],"curies":[{"name":"wp","href":"https:\/\/api.w.org\/{rel}","templated":true}]}}