{"id":8,"date":"2021-07-20T09:29:50","date_gmt":"2021-07-20T09:29:50","guid":{"rendered":"https:\/\/corp-web.gauss.i2-sys.com\/es\/?page_id=8"},"modified":"2021-10-18T14:44:06","modified_gmt":"2021-10-18T14:44:06","slug":"solutions-facebook","status":"publish","type":"page","link":"https:\/\/corp-web.gauss.i2-sys.com\/fr\/solutions-facebook\/","title":{"rendered":"Solutions Facebook"},"content":{"rendered":"\n<div class=\"wp-block-group\"><div class=\"wp-block-group__inner-container\">\n<div class=\"wp-block-cover\"><img loading=\"lazy\" width=\"1440\" height=\"512\" class=\"wp-block-cover__image-background wp-image-90\" alt=\"\" src=\"https:\/\/corp-web.gauss.i2-sys.com\/es\/wp-content\/uploads\/sites\/5\/2021\/08\/img-hero-fb-solutions.jpg\" data-object-fit=\"cover\" srcset=\"https:\/\/corp-web.gauss.i2-sys.com\/es\/wp-content\/uploads\/sites\/5\/2021\/08\/img-hero-fb-solutions.jpg 1440w, https:\/\/corp-web.gauss.i2-sys.com\/es\/wp-content\/uploads\/sites\/5\/2021\/08\/img-hero-fb-solutions.jpg 300w, https:\/\/corp-web.gauss.i2-sys.com\/es\/wp-content\/uploads\/sites\/5\/2021\/08\/img-hero-fb-solutions.jpg 1024w, https:\/\/corp-web.gauss.i2-sys.com\/es\/wp-content\/uploads\/sites\/5\/2021\/08\/img-hero-fb-solutions.jpg 768w\" sizes=\"(max-width: 1440px) 100vw, 1440px\" \/><div class=\"wp-block-cover__inner-container\">\n<figure class=\"wp-block-image size-full is-resized container\"><img loading=\"lazy\" src=\"https:\/\/corp-web.gauss.i2-sys.com\/es\/wp-content\/uploads\/sites\/5\/2021\/08\/fb-marketing-partner.png\" alt=\"Facebook partner\" class=\"wp-image-173\" width=\"159\" height=\"69\" srcset=\"https:\/\/corp-web.gauss.i2-sys.com\/es\/wp-content\/uploads\/sites\/5\/2021\/08\/fb-marketing-partner.png 318w, https:\/\/corp-web.gauss.i2-sys.com\/es\/wp-content\/uploads\/sites\/5\/2021\/08\/fb-marketing-partner.png 300w\" sizes=\"(max-width: 159px) 100vw, 159px\" \/><\/figure>\n\n\n\n<h1 class=\"has-text-align-left container\"><strong>Des solutions concr\u00e8tes en r\u00e9ponse aux besoins marketing et commerciaux<\/strong><\/h1>\n<\/div><\/div>\n<\/div><\/div>\n\n\n\n<div class=\"wp-block-group float-up\"><div class=\"wp-block-group__inner-container\">\n<div class=\"wp-block-columns\">\n<div class=\"wp-block-column\">\n<figure class=\"wp-block-image size-full\"><img loading=\"lazy\" width=\"687\" height=\"397\" src=\"https:\/\/corp-web.gauss.i2-sys.com\/es\/wp-content\/uploads\/sites\/5\/2021\/08\/img-fb-solutions.png\" alt=\"Soluci\u00f3n Facebook\" class=\"wp-image-70\" srcset=\"https:\/\/corp-web.gauss.i2-sys.com\/es\/wp-content\/uploads\/sites\/5\/2021\/08\/img-fb-solutions.png 687w, https:\/\/corp-web.gauss.i2-sys.com\/es\/wp-content\/uploads\/sites\/5\/2021\/08\/img-fb-solutions.png 300w\" sizes=\"(max-width: 687px) 100vw, 687px\" \/><\/figure>\n<\/div>\n\n\n\n<div class=\"wp-block-column is-vertically-aligned-bottom thin thin_768\">\n<h2 class=\"h3 mb-30\">Nous sommes Facebook Marketing Partners, ce qui garantit notre capacit\u00e9 \u00e0 vous proposer des solutions propos\u00e9es par cette plateforme qui am\u00e9liorent la performance de vos campagnes.<\/h2>\n\n\n\n<p>Avec cette approche, vous pouvez vous concentrer sur ce que vous faites le mieux, tandis que nous d\u00e9veloppons des solutions technologiques pour des besoins sp\u00e9cifiques.<\/p>\n<\/div>\n<\/div>\n<\/div><\/div>\n\n\n\n<div class=\"wp-block-group module-soluciones container mt-big\"><div class=\"wp-block-group__inner-container\">\n<div class=\"wp-block-columns\">\n<div class=\"wp-block-column\">\n<div class=\"wp-block-group\"><div class=\"wp-block-group__inner-container\">\n<figure class=\"wp-block-image size-full\"><img loading=\"lazy\" width=\"60\" height=\"36\" src=\"https:\/\/corp-web.gauss.i2-sys.com\/es\/wp-content\/uploads\/sites\/5\/2021\/08\/icon-fb-solutions-1.png\" alt=\"\" class=\"wp-image-139\" \/><\/figure>\n\n\n\n<h2 class=\"h1\">Smart Advertising<\/h2>\n\n\n\n<p>L&#8217;intelligence artificielle appliqu\u00e9e \u00e0 l&#8217;optimisation des investissements dans Facebook.<\/p>\n\n\n\n<p>Optimisez vos campagnes de publicit\u00e9 num\u00e9rique gr\u00e2ce \u00e0 une connaissance approfondie de l&#8217;acheteur, bas\u00e9e sur les First Party Data, et \u00e0 l&#8217;apprentissage automatique, qui enrichit en temps r\u00e9el les audiences que vous priorisez dans vos campagnes Facebook.<\/p>\n\n\n\n<p class=\"external-link open-pdf\"><a href=\"https:\/\/corp-web.gauss.i2-sys.com\/es\/wp-content\/uploads\/sites\/5\/2021\/08\/Datasheet_Smart-Advertising_EN.pdf\" target=\"_blank\" rel=\"noreferrer noopener\"><strong>Lire la suite<\/strong><\/a><\/p>\n\n\n\n<div class=\"wp-block-pdf-viewer-block-standard\" style=\"text-align:left\"><div class=\"uploaded-pdf\"><a href=\"https:\/\/corp-web.gauss.i2-sys.com\/es\/wp-content\/uploads\/sites\/5\/2021\/08\/Datasheet_Smart-Advertising_EN.pdf\" data-width=\"\" data-height=\"\"><\/a><\/div><\/div>\n<\/div><\/div>\n<\/div>\n\n\n\n<div class=\"wp-block-column\">\n<div class=\"wp-block-group\"><div class=\"wp-block-group__inner-container\">\n<figure class=\"wp-block-image size-full\"><img loading=\"lazy\" width=\"37\" height=\"48\" src=\"https:\/\/corp-web.gauss.i2-sys.com\/es\/wp-content\/uploads\/sites\/5\/2021\/08\/icon-fb-solutions-2.png\" alt=\"\" class=\"wp-image-140\" \/><\/figure>\n\n\n\n<h2 class=\"h1\">Offline Conversions<\/h2>\n\n\n\n<p>Mesurez l&#8217;impact de vos annonces Facebook sur la conversion en ventes et dynamisez vos campagnes num\u00e9riques en connectant vos donn\u00e9es hors ligne.<\/p>\n\n\n\n<p class=\"external-link open-pdf\"><a href=\"https:\/\/corp-web.gauss.i2-sys.com\/es\/wp-content\/uploads\/sites\/5\/2021\/08\/Datasheet_Gauss-Offline-Conversions_EN.pdf\" target=\"_blank\" rel=\"noreferrer noopener\"><strong>Lire la suite<\/strong><\/a><\/p>\n\n\n\n<div class=\"wp-block-pdf-viewer-block-standard\" style=\"text-align:left\"><div class=\"uploaded-pdf\"><a href=\"https:\/\/corp-web.gauss.i2-sys.com\/es\/wp-content\/uploads\/sites\/5\/2021\/08\/Datasheet_Gauss-Offline-Conversions_EN.pdf\" data-width=\"\" data-height=\"\"><\/a><\/div><\/div>\n<\/div><\/div>\n<\/div>\n<\/div>\n\n\n\n<div class=\"wp-block-columns\">\n<div class=\"wp-block-column\">\n<div class=\"wp-block-group\"><div class=\"wp-block-group__inner-container\">\n<figure class=\"wp-block-image size-full\"><img loading=\"lazy\" width=\"34\" height=\"37\" src=\"https:\/\/corp-web.gauss.i2-sys.com\/es\/wp-content\/uploads\/sites\/5\/2021\/08\/icon-fb-solutions-3.png\" alt=\"\" class=\"wp-image-141\" \/><\/figure>\n\n\n\n<h2 class=\"h1\">Dynamic Creatives<\/h2>\n\n\n\n<p>Engagez votre public plus efficacement en affichant sur Facebook le produit le plus appropri\u00e9 aux int\u00e9r\u00eats sp\u00e9cifiques que chaque utilisateur a manifest\u00e9s sur votre site web.<\/p>\n<\/div><\/div>\n<\/div>\n\n\n\n<div class=\"wp-block-column\">\n<div class=\"wp-block-group\"><div class=\"wp-block-group__inner-container\">\n<figure class=\"wp-block-image size-full\"><img loading=\"lazy\" width=\"46\" height=\"37\" src=\"https:\/\/corp-web.gauss.i2-sys.com\/es\/wp-content\/uploads\/sites\/5\/2021\/08\/icon-fb-solutions-4.png\" alt=\"\" class=\"wp-image-142\" \/><\/figure>\n\n\n\n<h2 class=\"h1\">Feed Automation<\/h2>\n\n\n\n<p>Vendez vos produits sur la plateforme Facebook et d\u00e9veloppez votre activit\u00e9 en cr\u00e9ant votre catalogue num\u00e9rique de produits (flux).<\/p>\n<\/div><\/div>\n<\/div>\n<\/div>\n<\/div><\/div>\n\n\n\n<div class=\"wp-block-group bg-custom-grey pt-big pb-big no-space-footer\"><div class=\"wp-block-group__inner-container\">\n<h2 class=\"has-text-align-center mb-70\">Les clients qui nous font confiance<\/h2>\n\n\n\n<div class=\"wp-block-columns container\">\n<div class=\"wp-block-column\">\n<div class=\"wp-block-image\"><figure class=\"aligncenter size-full\"><img loading=\"lazy\" width=\"160\" height=\"72\" src=\"https:\/\/corp-web.gauss.i2-sys.com\/es\/wp-content\/uploads\/sites\/5\/2021\/08\/optica-universitaria.png\" alt=\"\u00d3ptica Universitaria\" class=\"wp-image-73\" \/><\/figure><\/div>\n<\/div>\n\n\n\n<div class=\"wp-block-column\">\n<div class=\"wp-block-image\"><figure class=\"aligncenter size-full\"><img loading=\"lazy\" width=\"160\" height=\"72\" src=\"https:\/\/corp-web.gauss.i2-sys.com\/es\/wp-content\/uploads\/sites\/5\/2021\/08\/drinks-and-co.png\" alt=\"Drinks &amp; co\" class=\"wp-image-103\" \/><\/figure><\/div>\n<\/div>\n\n\n\n<div class=\"wp-block-column\">\n<div class=\"wp-block-image\"><figure class=\"aligncenter size-full\"><img loading=\"lazy\" width=\"160\" height=\"72\" src=\"https:\/\/corp-web.gauss.i2-sys.com\/es\/wp-content\/uploads\/sites\/5\/2021\/08\/okaa.png\" alt=\"okaa\" class=\"wp-image-72\" \/><\/figure><\/div>\n<\/div>\n\n\n\n<div class=\"wp-block-column\">\n<div class=\"wp-block-image\"><figure class=\"aligncenter size-full\"><img loading=\"lazy\" width=\"160\" height=\"72\" src=\"https:\/\/corp-web.gauss.i2-sys.com\/es\/wp-content\/uploads\/sites\/5\/2021\/08\/venca.png\" alt=\"Venca\" class=\"wp-image-75\" \/><\/figure><\/div>\n<\/div>\n<\/div>\n\n\n\n<div class=\"wp-block-columns container\">\n<div class=\"wp-block-column\">\n<div class=\"wp-block-image\"><figure class=\"aligncenter size-full\"><img loading=\"lazy\" width=\"161\" height=\"72\" src=\"https:\/\/corp-web.gauss.i2-sys.com\/es\/wp-content\/uploads\/sites\/5\/2021\/08\/marina-rinaldi.png\" alt=\"Marina Rinaldi\" class=\"wp-image-78\" \/><\/figure><\/div>\n<\/div>\n\n\n\n<div class=\"wp-block-column\">\n<div class=\"wp-block-image\"><figure class=\"aligncenter size-full\"><img loading=\"lazy\" width=\"160\" height=\"72\" src=\"https:\/\/corp-web.gauss.i2-sys.com\/es\/wp-content\/uploads\/sites\/5\/2021\/08\/pull-and-bear.png\" alt=\"Pull &amp; Bear\" class=\"wp-image-74\" \/><\/figure><\/div>\n<\/div>\n\n\n\n<div class=\"wp-block-column\">\n<div class=\"wp-block-image\"><figure class=\"aligncenter size-full\"><img loading=\"lazy\" width=\"160\" height=\"72\" src=\"https:\/\/corp-web.gauss.i2-sys.com\/es\/wp-content\/uploads\/sites\/5\/2021\/08\/mount-legend.png\" alt=\"Mount Legend\" class=\"wp-image-104\" \/><\/figure><\/div>\n<\/div>\n\n\n\n<div class=\"wp-block-column\">\n<div class=\"wp-block-image\"><figure class=\"aligncenter size-full\"><img loading=\"lazy\" width=\"160\" height=\"72\" src=\"https:\/\/corp-web.gauss.i2-sys.com\/es\/wp-content\/uploads\/sites\/5\/2021\/08\/ebay.png\" alt=\"ebay\" class=\"wp-image-77\" \/><\/figure><\/div>\n<\/div>\n<\/div>\n<\/div><\/div>\n","protected":false},"excerpt":{"rendered":"<p>Nous sommes Facebook Marketing Partners, ce qui garantit notre capacit\u00e9 \u00e0 vous proposer des solutions propos\u00e9es par cette plateforme qui am\u00e9liorent la performance de vos campagnes. Avec cette approche, vous pouvez vous concentrer sur ce que vous faites le mieux, tandis que nous d\u00e9veloppons des solutions technologiques pour des besoins sp\u00e9cifiques. Smart Advertising L&#8217;intelligence artificielle [&hellip;]<\/p>\n","protected":false},"author":1,"featured_media":0,"parent":0,"menu_order":0,"comment_status":"closed","ping_status":"closed","template":"","meta":[],"_links":{"self":[{"href":"https:\/\/corp-web.gauss.i2-sys.com\/fr\/wp-json\/wp\/v2\/pages\/8"}],"collection":[{"href":"https:\/\/corp-web.gauss.i2-sys.com\/fr\/wp-json\/wp\/v2\/pages"}],"about":[{"href":"https:\/\/corp-web.gauss.i2-sys.com\/fr\/wp-json\/wp\/v2\/types\/page"}],"author":[{"embeddable":true,"href":"https:\/\/corp-web.gauss.i2-sys.com\/fr\/wp-json\/wp\/v2\/users\/1"}],"replies":[{"embeddable":true,"href":"https:\/\/corp-web.gauss.i2-sys.com\/fr\/wp-json\/wp\/v2\/comments?post=8"}],"version-history":[{"count":4,"href":"https:\/\/corp-web.gauss.i2-sys.com\/fr\/wp-json\/wp\/v2\/pages\/8\/revisions"}],"predecessor-version":[{"id":221,"href":"https:\/\/corp-web.gauss.i2-sys.com\/fr\/wp-json\/wp\/v2\/pages\/8\/revisions\/221"}],"wp:attachment":[{"href":"https:\/\/corp-web.gauss.i2-sys.com\/fr\/wp-json\/wp\/v2\/media?parent=8"}],"curies":[{"name":"wp","href":"https:\/\/api.w.org\/{rel}","templated":true}]}}