{"id":20,"date":"2021-07-20T11:33:08","date_gmt":"2021-07-20T11:33:08","guid":{"rendered":"https:\/\/corp-web.gauss.i2-sys.com\/es\/?page_id=20"},"modified":"2021-09-14T17:01:43","modified_gmt":"2021-09-14T17:01:43","slug":"politique-de-cookies","status":"publish","type":"page","link":"https:\/\/corp-web.gauss.i2-sys.com\/fr\/politique-de-cookies\/","title":{"rendered":"Politique de cookies"},"content":{"rendered":"\n<div class=\"wp-block-group module-hero small\"><div class=\"wp-block-group__inner-container\">\n<div class=\"wp-block-cover\"><img loading=\"lazy\" width=\"1920\" height=\"853\" class=\"wp-block-cover__image-background wp-image-35\" alt=\"\" src=\"https:\/\/corp-web.gauss.i2-sys.com\/es\/wp-content\/uploads\/sites\/5\/2021\/07\/hero_ai_bg.jpg\" data-object-fit=\"cover\" srcset=\"https:\/\/corp-web.gauss.i2-sys.com\/es\/wp-content\/uploads\/sites\/5\/2021\/07\/hero_ai_bg.jpg 1920w, https:\/\/corp-web.gauss.i2-sys.com\/es\/wp-content\/uploads\/sites\/5\/2021\/07\/hero_ai_bg.jpg 300w, https:\/\/corp-web.gauss.i2-sys.com\/es\/wp-content\/uploads\/sites\/5\/2021\/07\/hero_ai_bg.jpg 1024w, https:\/\/corp-web.gauss.i2-sys.com\/es\/wp-content\/uploads\/sites\/5\/2021\/07\/hero_ai_bg.jpg 768w, https:\/\/corp-web.gauss.i2-sys.com\/es\/wp-content\/uploads\/sites\/5\/2021\/07\/hero_ai_bg.jpg 1536w\" sizes=\"(max-width: 1920px) 100vw, 1920px\" \/><div class=\"wp-block-cover__inner-container\">\n<h1 class=\"has-text-align-center\">Politique de cookies<\/h1>\n<\/div><\/div>\n<\/div><\/div>\n\n\n\n<div class=\"wp-block-group container legal-text\"><div class=\"wp-block-group__inner-container\">\n<p>MAKING SCIENCE GROUP SA (ci-apr\u00e8s, le \u00ab\u00a0<strong>PROPRI\u00c9TAIRE<\/strong>\u00a0\u00bb) informe, \u00e0 travers la pr\u00e9sente Politique de Cookies, de l&#8217;utilisation de dispositifs de stockage et de r\u00e9cup\u00e9ration de donn\u00e9es sur les \u00e9quipements terminaux des Utilisateurs.<\/p>\n\n\n\n<h2 class=\"h3\">1. Que sont les cokis ?<\/h2>\n\n\n\n<p>Les cookies sont des fichiers ou des archives qui sont t\u00e9l\u00e9charg\u00e9s sur l&#8217;ordinateur\/smartphone\/tablette de l&#8217;utilisateur lors de l&#8217;acc\u00e8s \u00e0 certaines pages Web et applications qui permettent de stocker les pr\u00e9f\u00e9rences de navigation de l&#8217;utilisateur, rendant l&#8217;interaction entre l&#8217;utilisateur et le site Web plus rapide et plus facile.<\/p>\n\n\n\n<p>Les informations collect\u00e9es par les cookies sont anonymes et ne contiennent aucune information sensible car ils ne collectent pas de donn\u00e9es permettant d&#8217;identifier personnellement l&#8217;utilisateur.&nbsp;Dans tous les cas, l&#8217;Utilisateur peut acc\u00e9der \u00e0 la configuration de son navigateur pour modifier et\/ou bloquer l&#8217;installation des Cookies envoy\u00e9s depuis le Site, sans que cela n&#8217;emp\u00eache l&#8217;acc\u00e8s au contenu.<\/p>\n\n\n\n<h2 class=\"h3\">2. Pourquoi le PROPRI\u00c9TAIRE utilise-t-il les cookies\u00a0?<\/h2>\n\n\n\n<p>Conform\u00e9ment \u00e0 la r\u00e9glementation sur la protection des donn\u00e9es, ce site Web utilise des cookies ou d&#8217;autres dispositifs de stockage et de r\u00e9cup\u00e9ration d&#8217;informations pour suivre les interactions des utilisateurs avec les services propos\u00e9s sur le site Web.<\/p>\n\n\n\n<p>Les cookies nous permettent de reconna\u00eetre le navigateur d&#8217;un utilisateur, ainsi que le type d&#8217;appareil \u00e0 partir duquel le site Web est accessible, et sont utilis\u00e9s pour faciliter la prochaine visite de l&#8217;utilisateur et rendre le site Web plus utile.<\/p>\n\n\n\n<p>Le PROPRI\u00c9TAIRE utilise des cookies pour :<\/p>\n\n\n\n<ol><li>Optimiser l&#8217;exp\u00e9rience de navigation de l&#8217;Utilisateur gr\u00e2ce au suivi de session.<\/li><li>Recueillir des informations pour optimiser la navigation et am\u00e9liorer le Site.<\/li><\/ol>\n\n\n\n<p><strong>Obligatoire<\/strong>&nbsp;: Cookies strictement n\u00e9cessaires pour fournir un service ou un contenu demand\u00e9 par l&#8217;utilisateur.&nbsp;Ceux-ci sont responsables des aspects techniques tels que l&#8217;identification des enregistrements et la gestion des pr\u00e9f\u00e9rences des outils dans l&#8217;utilisation, l&#8217;interaction et la localisation de l&#8217;acc\u00e8s au contenu.<\/p>\n\n\n\n<p><strong>Statistiques\/analyses<\/strong>&nbsp;: Ces cookies collectent des informations relatives \u00e0 l&#8217;utilisation du site, telles que le temps pass\u00e9 sur le site et le contenu visit\u00e9 par les lecteurs afin de mesurer ses performances et d&#8217;am\u00e9liorer la navigation.<\/p>\n\n\n\n<p>Les principaux objectifs poursuivis avec ce type de cookies sont :<\/p>\n\n\n\n<ul><li>Permettre l&#8217;identification anonyme des Utilisateurs navigants et donc le comptage approximatif du nombre de visiteurs.<\/li><li>Identifiez anonymement les contenus les plus visit\u00e9s.<\/li><li>Pour savoir si l&#8217;Utilisateur acc\u00e9dant au site est nouveau ou un visiteur r\u00e9gulier.<\/li><\/ul>\n\n\n\n<p>Les cookies analytiques utilis\u00e9s sur le Site sont list\u00e9s ci-dessous :<\/p>\n\n\n\n<figure class=\"wp-block-table\"><table><tbody><tr><th>Nombre<\/th><th>Finalit\u00e9<\/th><th>Caducidad<\/th><th>prouveur<\/th><\/tr><tr><td>_G\u00e9orgie<\/td><td>Distinguer les utilisateurs.<\/td><td>2 ans<\/td><td>Google<\/td><\/tr><tr><td>_gid<\/td><td>Distinguer les utilisateurs.<\/td><td>24 heures<\/td><td>Google<\/td><\/tr><tr><td>_flingue<\/td><td>R\u00e9glementer les frais de dossier.<\/td><td>1 minute<\/td><td>Google<\/td><\/tr><\/tbody><\/table><\/figure>\n\n\n\n<p><strong>Personnalisation publicitaire<\/strong>&nbsp;: Ces cookies recueillent des informations sur les habitudes de navigation de l&#8217;utilisateur afin de g\u00e9rer les espaces publicitaires et de proposer un contenu plus pertinent et de qualit\u00e9 en fonction des go\u00fbts de l&#8217;utilisateur.<\/p>\n\n\n\n<p>Les cookies analytiques utilis\u00e9s sur le Site sont list\u00e9s ci-dessous :<\/p>\n\n\n\n<figure class=\"wp-block-table\"><table><tbody><tr><th>Nom<\/th><th>But<\/th><th>Expiration<\/th><th>Le fournisseur<\/th><\/tr><tr><th>_gac<\/th><td>Contient des informations relatives \u00e0 la campagne pour l&#8217;utilisateur.&nbsp;Si vous avez li\u00e9 vos comptes Google Analytics et Google Ads, les balises de conversion du site Web Google Ads liront ce cookie, sauf si vous vous d\u00e9sinscrivez.<\/td><td>1 minute<\/td><td>Google Analytics<\/td><\/tr><tr><td>DSID, IDE<\/td><td>Ils sont souvent utilis\u00e9s pour cibler la publicit\u00e9 en fonction du contenu pertinent pour un utilisateur, am\u00e9liorer les rapports sur les performances des campagnes et \u00e9viter de diffuser des publicit\u00e9s que l&#8217;utilisateur a d\u00e9j\u00e0 vues.<\/td><td>24 heures<\/td><td>Google Analytics<\/td><\/tr><tr><td>SSID, HSID, SAPISID, APISID<\/td><td>Mesure les performances des annonces et fournit des recommandations.<\/td><td>2 ans<\/td><td>Google<\/td><\/tr><tr><td>1P_JAR<\/td><td>Google utilise ce cookie pour personnaliser les annonces en fonction de vos int\u00e9r\u00eats.<\/td><td>1 mois<\/td><td>Google<\/td><\/tr><tr><td>CONSENTEMENT<\/td><td>Am\u00e9liore la publicit\u00e9, souvent utilis\u00e9e pour cibler l&#8217;utilisateur.<\/td><td>Persistant<\/td><td>Google<\/td><\/tr><tr><td>ANID<\/td><td>Mesure les performances des annonces et fournit des recommandations.<\/td><td>Persistant<\/td><td>Google<\/td><\/tr><tr><td>SIDCC<\/td><td>Utilis\u00e9 par Google pour fournir des services et extraire des informations de navigation anonymes.<\/td><td>12 mois<\/td><td>Google<\/td><\/tr><tr><td>__Secure-3PSIDCCE<\/td><td>Utilis\u00e9 pour diffuser des annonces plus pertinentes pour vous et vos int\u00e9r\u00eats.<\/td><td>12 mois<\/td><td>Google<\/td><\/tr><tr><td>_gcl_au<\/td><td>Utilis\u00e9 par Google AdSense pour exp\u00e9rimenter l&#8217;efficacit\u00e9 publicitaire sur les sites Web utilisant leurs services.<\/td><td>3 mois<\/td><td>Google<\/td><\/tr><\/tbody><\/table><\/figure>\n\n\n\n<h2 class=\"h3\">3.- Comment d\u00e9sactiver les cookies ?<\/h2>\n\n\n\n<p>Les cookies qui ne sont pas obligatoires pour naviguer sur ce site Web peuvent \u00eatre d\u00e9sactiv\u00e9s dans la section \u00ab&nbsp;Param\u00e8tres des cookies&nbsp;\u00bb.<\/p>\n\n\n\n<p>Ces param\u00e8tres se trouvent dans le pied de page du site Web.&nbsp;De plus, tous les navigateurs permettent d&#8217;apporter des modifications pour d\u00e9sactiver les param\u00e8tres des cookies.<\/p>\n\n\n\n<p>C&#8217;est pourquoi la plupart des navigateurs offrent la possibilit\u00e9 de g\u00e9rer les cookies, afin d&#8217;avoir un contr\u00f4le plus pr\u00e9cis sur la confidentialit\u00e9.<\/p>\n\n\n\n<p>Ces param\u00e8tres se trouvent dans le menu \u00ab&nbsp;options&nbsp;\u00bb ou \u00ab&nbsp;pr\u00e9f\u00e9rences&nbsp;\u00bb de votre navigateur.<\/p>\n\n\n\n<p>Ci-dessous, vous pouvez trouver les liens pour chaque navigateur pour d\u00e9sactiver les cookies en suivant les instructions :<\/p>\n\n\n\n<ul class=\"content-link\"><li><strong>Internet Explorer<\/strong>&nbsp;&nbsp;(&nbsp;<a href=\"https:\/\/goo.gl\/iU2wh2\" target=\"_blank\" rel=\"noreferrer noopener\">https:\/\/goo.gl\/iU2wh2<\/a>&nbsp;)<ul><li>Dans le menu outils, s\u00e9lectionnez \u00ab&nbsp;Options Internet&nbsp;\u00bb.<\/li><li>Cliquez sur l&#8217;onglet confidentialit\u00e9.<\/li><li>Vous pouvez d\u00e9finir les param\u00e8tres de confidentialit\u00e9 avec un curseur \u00e0 six directions qui vous permet de contr\u00f4ler le nombre de cookies qui seront d\u00e9finis : Bloquer tous les cookies, \u00c9lev\u00e9, Moyen \u00c9lev\u00e9, Moyen (niveau par d\u00e9faut), Faible et Accepter tous les cookies.<\/li><\/ul><\/li><li><strong>Mozilla Firefox<\/strong>&nbsp;&nbsp;(&nbsp;<a href=\"https:\/\/goo.gl\/QXWYmv\" target=\"_blank\" rel=\"noreferrer noopener\">https:\/\/goo.gl\/QXWYmv<\/a>&nbsp;)<ul><li>En haut de la fen\u00eatre Firefox, cliquez sur le menu Outils.<\/li><li>S\u00e9lectionnez les options.<\/li><li>S\u00e9lectionnez le volet Confidentialit\u00e9.<\/li><li>Dans l&#8217;option Firefox, vous pouvez choisir d&#8217;utiliser des param\u00e8tres personnalis\u00e9s pour votre historique, ainsi que d&#8217;autres probl\u00e8mes li\u00e9s \u00e0 votre vie priv\u00e9e.<\/li><\/ul><\/li><li><strong>Google Chrome<\/strong>&nbsp;&nbsp;(&nbsp;<a href=\"https:\/\/goo.gl\/fQnkSB\" target=\"_blank\" rel=\"noreferrer noopener\">https:\/\/goo.gl\/fQnkSB<\/a>&nbsp;)<ul><li>Cliquez sur le menu dans la barre d&#8217;outils.<\/li><li>S\u00e9lectionnez Param\u00e8tres.<\/li><li>Cliquez sur Afficher les options avanc\u00e9es.<\/li><li>Dans la s\u00e9lection \u00ab&nbsp;Confidentialit\u00e9&nbsp;\u00bb, cliquez sur le bouton \u00ab&nbsp;Param\u00e8tres du contenu&nbsp;\u00bb.<\/li><li>Dans la s\u00e9lection Cookies, vous pouvez configurer les options.<\/li><\/ul><\/li><li><strong>Safari&nbsp;<\/strong>&nbsp;(&nbsp;<a href=\"https:\/\/goo.gl\/PCjEm3\" target=\"_blank\" rel=\"noreferrer noopener\">https:\/\/goo.gl\/PCjEm3<\/a>&nbsp;,&nbsp;&nbsp;<a href=\"https:\/\/goo.gl\/dQywEo\" target=\"_blank\" rel=\"noreferrer noopener\">https:\/\/goo.gl\/dQywEo<\/a>&nbsp;)<ul><li>Dans le menu de configuration, s\u00e9lectionnez l&#8217;option \u00ab&nbsp;Pr\u00e9f\u00e9rences&nbsp;\u00bb.<\/li><li>Ouvrez l&#8217;onglet confidentialit\u00e9.<\/li><li>S\u00e9lectionnez l&#8217;option souhait\u00e9e dans la section \u00ab&nbsp;bloquer les cookies&nbsp;\u00bb.<\/li><li>Veuillez noter que certaines fonctionnalit\u00e9s et toutes les fonctionnalit\u00e9s du site Web peuvent ne pas \u00eatre disponibles apr\u00e8s la d\u00e9sactivation des cookies.<\/li><\/ul><\/li><\/ul>\n\n\n\n<p class=\"content-link\">Si vous ne souhaitez pas \u00eatre traqu\u00e9 par les cookies, Google a d\u00e9velopp\u00e9 un plug-in \u00e0 installer dans votre navigateur auquel vous pouvez acc\u00e9der au lien suivant :&nbsp;&nbsp;<a href=\"https:\/\/goo.gl\/up4ND\" target=\"_blank\" rel=\"noreferrer noopener\">https:\/\/goo.gl\/up4ND<\/a>&nbsp;.<\/p>\n\n\n\n<h2 class=\"h3\">4. Cookies on mobile devices<\/h2>\n\n\n\n<p>Le propri\u00e9taire du site Web utilise \u00e9galement des cookies ou d&#8217;autres dispositifs de stockage sur les appareils mobiles.<\/p>\n\n\n\n<p>Les cookies qui ne sont pas obligatoires pour naviguer sur ce site peuvent \u00eatre d\u00e9sactiv\u00e9s dans la section \u00ab&nbsp;Param\u00e8tres des cookies&nbsp;\u00bb.<\/p>\n\n\n\n<p>Ces param\u00e8tres se trouvent dans le pied de page du site Web.&nbsp;De plus, comme pour les navigateurs d&#8217;ordinateurs, les navigateurs des appareils mobiles permettent d&#8217;apporter des modifications aux options de confidentialit\u00e9 ou aux param\u00e8tres pour d\u00e9sactiver ou supprimer les cookies.<\/p>\n\n\n\n<p>Si vous souhaitez modifier vos param\u00e8tres de confidentialit\u00e9, suivez les instructions sp\u00e9cifi\u00e9es par le d\u00e9veloppeur de votre navigateur mobile.<\/p>\n\n\n\n<p>Vous trouverez ci-dessous quelques exemples de liens qui vous guideront pour modifier les param\u00e8tres de confidentialit\u00e9 de votre appareil mobile:<\/p>\n\n\n\n<ul class=\"content-link\"><li><strong>IOS<\/strong>: (<a href=\"https:\/\/goo.gl\/61xevS\" target=\"_blank\" rel=\"noreferrer noopener\">https:\/\/goo.gl\/61xevS<\/a>)<\/li><li><strong>Windows Phone<\/strong>: (<a href=\"https:\/\/goo.gl\/tKyb0y\" target=\"_blank\" rel=\"noreferrer noopener\">https:\/\/goo.gl\/tKyb0y<\/a>)<\/li><li><strong>Chrome Mobile<\/strong>: (<a href=\"https:\/\/goo.gl\/XJp7N\" target=\"_blank\" rel=\"noreferrer noopener\">https:\/\/goo.gl\/XJp7N<\/a>)<\/li><li><strong>Opera Mobile<\/strong>: (<a href=\"https:\/\/goo.gl\/Nzr8s7\" target=\"_blank\" rel=\"noreferrer noopener\">https:\/\/goo.gl\/Nzr8s7<\/a>)<\/li><\/ul>\n\n\n\n<h2 class=\"h3\">5. Acceptation des cookies<\/h2>\n\n\n\n<p>Ce site n&#8217;installe pas nos cookies sur les appareils des Utilisateurs tant qu&#8217;ils n&#8217;ont pas accept\u00e9 l&#8217;installation des cookies.<\/p>\n\n\n\n<p>Veuillez noter que si vous n&#8217;acceptez pas l&#8217;installation de cookies ou d\u00e9sactivez certains d&#8217;entre eux dans la configuration, il est possible que certains services ne soient pas disponibles sans l&#8217;utilisation de ceux-ci ou que vous ne puissiez pas acc\u00e9der \u00e0 certains services ou profiter pleinement de profiter de tout ce que ce site Web a \u00e0 offrir.<\/p>\n<\/div><\/div>\n","protected":false},"excerpt":{"rendered":"<p>MAKING SCIENCE GROUP SA (ci-apr\u00e8s, le \u00ab\u00a0PROPRI\u00c9TAIRE\u00a0\u00bb) informe, \u00e0 travers la pr\u00e9sente Politique de Cookies, de l&#8217;utilisation de dispositifs de stockage et de r\u00e9cup\u00e9ration de donn\u00e9es sur les \u00e9quipements terminaux des Utilisateurs. 1. Que sont les cokis ? Les cookies sont des fichiers ou des archives qui sont t\u00e9l\u00e9charg\u00e9s sur l&#8217;ordinateur\/smartphone\/tablette de l&#8217;utilisateur lors de [&hellip;]<\/p>\n","protected":false},"author":1,"featured_media":0,"parent":0,"menu_order":0,"comment_status":"closed","ping_status":"closed","template":"","meta":[],"_links":{"self":[{"href":"https:\/\/corp-web.gauss.i2-sys.com\/fr\/wp-json\/wp\/v2\/pages\/20"}],"collection":[{"href":"https:\/\/corp-web.gauss.i2-sys.com\/fr\/wp-json\/wp\/v2\/pages"}],"about":[{"href":"https:\/\/corp-web.gauss.i2-sys.com\/fr\/wp-json\/wp\/v2\/types\/page"}],"author":[{"embeddable":true,"href":"https:\/\/corp-web.gauss.i2-sys.com\/fr\/wp-json\/wp\/v2\/users\/1"}],"replies":[{"embeddable":true,"href":"https:\/\/corp-web.gauss.i2-sys.com\/fr\/wp-json\/wp\/v2\/comments?post=20"}],"version-history":[{"count":0,"href":"https:\/\/corp-web.gauss.i2-sys.com\/fr\/wp-json\/wp\/v2\/pages\/20\/revisions"}],"wp:attachment":[{"href":"https:\/\/corp-web.gauss.i2-sys.com\/fr\/wp-json\/wp\/v2\/media?parent=20"}],"curies":[{"name":"wp","href":"https:\/\/api.w.org\/{rel}","templated":true}]}}