{"id":2,"date":"2021-07-20T07:57:32","date_gmt":"2021-07-20T07:57:32","guid":{"rendered":"https:\/\/corp-web.gauss.i2-sys.com\/es\/?page_id=2"},"modified":"2021-10-18T14:45:36","modified_gmt":"2021-10-18T14:45:36","slug":"home","status":"publish","type":"page","link":"https:\/\/corp-web.gauss.i2-sys.com\/fr\/","title":{"rendered":"Home"},"content":{"rendered":"\n<div class=\"wp-block-group alignwide module-hero hero-home\"><div class=\"wp-block-group__inner-container\">\n<div class=\"wp-block-columns container\">\n<div class=\"wp-block-column is-vertically-aligned-center col-md-8\">\n<h1 class=\"mb-30\">La r\u00e9ussite des entreprises d\u00e9pend de la rapidit\u00e9 et de la qualit\u00e9 de leurs d\u00e9cisions.<\/h1>\n\n\n\n<p class=\"xl\">Gauss est une plateforme qui offre une suite de solutions technologiques, bas\u00e9es sur son hub de donn\u00e9es marketing, pour la prise de d\u00e9cision dans les processus cl\u00e9s de la strat\u00e9gie de marketing num\u00e9rique.<\/p>\n<\/div>\n<\/div>\n<\/div><\/div>\n\n\n\n<div class=\"wp-block-group\"><div class=\"wp-block-group__inner-container\">\n<div class=\"wp-block-columns alignwide\">\n<div class=\"wp-block-column\" style=\"flex-basis:50%\">\n<figure class=\"wp-block-image\"><img loading=\"lazy\" width=\"672\" height=\"440\" src=\"https:\/\/corp-web.gauss.i2-sys.com\/es\/wp-content\/uploads\/sites\/5\/2021\/08\/img-IA.png\" alt=\"L\u00edder en datos e IA\" class=\"wp-image-59\" srcset=\"https:\/\/corp-web.gauss.i2-sys.com\/es\/wp-content\/uploads\/sites\/5\/2021\/08\/img-IA.png 672w, https:\/\/corp-web.gauss.i2-sys.com\/es\/wp-content\/uploads\/sites\/5\/2021\/08\/img-IA.png 300w\" sizes=\"(max-width: 672px) 100vw, 672px\" \/><\/figure>\n<\/div>\n\n\n\n<div class=\"wp-block-column is-vertically-aligned-center thinner\" style=\"flex-basis:50%\">\n<h2>Leader en mati\u00e8re de donn\u00e9es et d&#8217;IA<\/h2>\n\n\n\n<p>L&#8217;information c&#8217;est la compr\u00e9hension. C&#8217;est ce qu\u2019on appelle l&#8217;intelligence artificielle : rendre l&#8217;incompr\u00e9hensible compr\u00e9hensible et aider \u00e0 comprendre ce que les donn\u00e9es signifient dans une large dimension.<\/p>\n\n\n\n<p class=\"external-link\"><strong><a href=\"https:\/\/corp-web.gauss.i2-sys.com\/fr\/solutions-facebook\/\">Lire la suite<\/a><\/strong><\/p>\n<\/div>\n<\/div>\n<\/div><\/div>\n\n\n\n<div class=\"wp-block-group\"><div class=\"wp-block-group__inner-container\">\n<div class=\"wp-block-columns alignwide\">\n<div class=\"wp-block-column is-vertically-aligned-center thinner\" style=\"flex-basis:50%\">\n<h2>Modernisation des donn\u00e9es<\/h2>\n\n\n\n<p>Rendre vos donn\u00e9es plus accessibles en temps r\u00e9el et respecter les normes de qualit\u00e9 et de fiabilit\u00e9 vous permet d&#8217;\u00eatre une organisation ax\u00e9e sur les donn\u00e9es.<\/p>\n\n\n\n<p class=\"external-link\"><a href=\"https:\/\/corp-web.gauss.i2-sys.com\/fr\/solutions-google\/\"><strong>Lire la suite<\/strong><\/a><\/p>\n<\/div>\n\n\n\n<div class=\"wp-block-column\" style=\"flex-basis:50%\">\n<figure class=\"wp-block-image\"><img loading=\"lazy\" width=\"1024\" height=\"813\" src=\"https:\/\/corp-web.gauss.i2-sys.com\/es\/wp-content\/uploads\/sites\/5\/2021\/07\/hero_dashboard-1024x813.png\" alt=\"Modernizaci\u00f3n de datos\" class=\"wp-image-7\" srcset=\"https:\/\/corp-web.gauss.i2-sys.com\/es\/wp-content\/uploads\/sites\/5\/2021\/07\/hero_dashboard-1024x813.png 1024w, https:\/\/corp-web.gauss.i2-sys.com\/es\/wp-content\/uploads\/sites\/5\/2021\/07\/hero_dashboard-1024x813.png 300w, https:\/\/corp-web.gauss.i2-sys.com\/es\/wp-content\/uploads\/sites\/5\/2021\/07\/hero_dashboard-1024x813.png 768w, https:\/\/corp-web.gauss.i2-sys.com\/es\/wp-content\/uploads\/sites\/5\/2021\/07\/hero_dashboard-1024x813.png 1196w\" sizes=\"(max-width: 1024px) 100vw, 1024px\" \/><\/figure>\n<\/div>\n<\/div>\n<\/div><\/div>\n\n\n\n<div class=\"wp-block-group\"><div class=\"wp-block-group__inner-container\">\n<div class=\"wp-block-columns\">\n<div class=\"wp-block-column\">\n<figure class=\"wp-block-image size-full\"><img loading=\"lazy\" width=\"672\" height=\"419\" src=\"https:\/\/corp-web.gauss.i2-sys.com\/es\/wp-content\/uploads\/sites\/5\/2021\/08\/img-normativa-seguridad-privacidad.png\" alt=\"Privacidad y seguridad de los datos\" class=\"wp-image-62\" srcset=\"https:\/\/corp-web.gauss.i2-sys.com\/es\/wp-content\/uploads\/sites\/5\/2021\/08\/img-normativa-seguridad-privacidad.png 672w, https:\/\/corp-web.gauss.i2-sys.com\/es\/wp-content\/uploads\/sites\/5\/2021\/08\/img-normativa-seguridad-privacidad.png 300w\" sizes=\"(max-width: 672px) 100vw, 672px\" \/><\/figure>\n<\/div>\n\n\n\n<div class=\"wp-block-column is-vertically-aligned-center thinner\">\n<h2>Respect de la r\u00e9glementation en mati\u00e8re de s\u00e9curit\u00e9 et de confidentialit\u00e9 des donn\u00e9es<\/h2>\n\n\n\n<p>L&#8217;environnement sans cookies d&#8217;aujourd&#8217;hui vous oblige \u00e0 passer d&#8217;un \u00e9cosyst\u00e8me num\u00e9rique o\u00f9 vous exploitez les donn\u00e9es des utilisateurs recueillies par des sources externes \u00e0 un \u00e9cosyst\u00e8me o\u00f9 vous devez vous appuyer sur vos propres donn\u00e9es d&#8217;utilisateur (First Party Data).<\/p>\n\n\n\n<p class=\"external-link\"><strong><a href=\"https:\/\/corp-web.gauss.i2-sys.com\/fr\/autres-solutions\/\">Lire la suite<\/a><\/strong><\/p>\n<\/div>\n<\/div>\n<\/div><\/div>\n\n\n\n<div class=\"wp-block-group\"><div class=\"wp-block-group__inner-container\">\n<div class=\"wp-block-cover\"><img loading=\"lazy\" width=\"1341\" height=\"633\" class=\"wp-block-cover__image-background wp-image-64\" alt=\"\" src=\"https:\/\/corp-web.gauss.i2-sys.com\/es\/wp-content\/uploads\/sites\/5\/2021\/08\/img-partners-tecnologicos.png\" data-object-fit=\"cover\" srcset=\"https:\/\/corp-web.gauss.i2-sys.com\/es\/wp-content\/uploads\/sites\/5\/2021\/08\/img-partners-tecnologicos.png 1341w, https:\/\/corp-web.gauss.i2-sys.com\/es\/wp-content\/uploads\/sites\/5\/2021\/08\/img-partners-tecnologicos.png 300w, https:\/\/corp-web.gauss.i2-sys.com\/es\/wp-content\/uploads\/sites\/5\/2021\/08\/img-partners-tecnologicos.png 1024w, https:\/\/corp-web.gauss.i2-sys.com\/es\/wp-content\/uploads\/sites\/5\/2021\/08\/img-partners-tecnologicos.png 768w\" sizes=\"(max-width: 1341px) 100vw, 1341px\" \/><div class=\"wp-block-cover__inner-container\">\n<div class=\"wp-block-group col-md-6 mx-auto\"><div class=\"wp-block-group__inner-container\">\n<h2 class=\"has-text-align-center heading-color has-text-color mb-30\"><strong>Gauss et ses partenaires technologiques<\/strong><\/h2>\n\n\n\n<p class=\"has-text-align-left normal-color has-text-color mb-30\">Nos partenaires sont les leaders mondiaux de la technologie num\u00e9rique. Quels que soient vos objectifs, grands ou petits, nous obtiendrons des r\u00e9sultats. Ensemble, nous faisons progresser votre entreprise plus rapidement et plus efficacement.<\/p>\n\n\n\n<div class=\"wp-block-columns\">\n<div class=\"wp-block-column\">\n<div class=\"wp-block-image\"><figure class=\"aligncenter size-full\"><a href=\"https:\/\/corp-web.gauss.i2-sys.com\/fr\/solutions-google\/\"><img loading=\"lazy\" width=\"58\" height=\"60\" src=\"https:\/\/corp-web.gauss.i2-sys.com\/es\/wp-content\/uploads\/sites\/5\/2021\/08\/google.png\" alt=\"Soluciones Google\" class=\"wp-image-84\" \/><\/a><\/figure><\/div>\n\n\n\n<p class=\"has-text-align-center external-link\"><a href=\"https:\/\/corp-web.gauss.i2-sys.com\/fr\/solutions-google\/\">Solutions Google<\/a><\/p>\n<\/div>\n\n\n\n<div class=\"wp-block-column\">\n<div class=\"wp-block-image\"><figure class=\"aligncenter size-full\"><a href=\"https:\/\/corp-web.gauss.i2-sys.com\/fr\/solutions-facebook\/\"><img loading=\"lazy\" width=\"65\" height=\"64\" src=\"https:\/\/corp-web.gauss.i2-sys.com\/es\/wp-content\/uploads\/sites\/5\/2021\/08\/facebook.png\" alt=\"Soluciones Facebook\" class=\"wp-image-83\" \/><\/a><\/figure><\/div>\n\n\n\n<p class=\"has-text-align-center external-link\"><a href=\"https:\/\/corp-web.gauss.i2-sys.com\/fr\/solutions-facebook\/\">Solutions Facebook<\/a><\/p>\n<\/div>\n<\/div>\n<\/div><\/div>\n<\/div><\/div>\n<\/div><\/div>\n\n\n\n<div class=\"wp-block-group bg-custom-grey pt-big pb-big no-space-footer\"><div class=\"wp-block-group__inner-container\">\n<h2 class=\"has-text-align-center mb-70\">Les clients qui nous font confiance<\/h2>\n\n\n\n<div class=\"wp-block-columns container\">\n<div class=\"wp-block-column\">\n<div class=\"wp-block-image\"><figure class=\"aligncenter size-full\"><img loading=\"lazy\" width=\"160\" height=\"72\" src=\"https:\/\/corp-web.gauss.i2-sys.com\/es\/wp-content\/uploads\/sites\/5\/2021\/08\/optica-universitaria.png\" alt=\"\u00d3ptica Universitaria\" class=\"wp-image-73\" \/><\/figure><\/div>\n<\/div>\n\n\n\n<div class=\"wp-block-column\">\n<div class=\"wp-block-image\"><figure class=\"aligncenter size-full\"><img loading=\"lazy\" width=\"160\" height=\"72\" src=\"https:\/\/corp-web.gauss.i2-sys.com\/es\/wp-content\/uploads\/sites\/5\/2021\/08\/drinks-and-co.png\" alt=\"Drinks &amp; co\" class=\"wp-image-103\" \/><\/figure><\/div>\n<\/div>\n\n\n\n<div class=\"wp-block-column\">\n<div class=\"wp-block-image\"><figure class=\"aligncenter size-full\"><img loading=\"lazy\" width=\"160\" height=\"72\" src=\"https:\/\/corp-web.gauss.i2-sys.com\/es\/wp-content\/uploads\/sites\/5\/2021\/08\/okaa.png\" alt=\"okaa\" class=\"wp-image-72\" \/><\/figure><\/div>\n<\/div>\n\n\n\n<div class=\"wp-block-column\">\n<div class=\"wp-block-image\"><figure class=\"aligncenter size-full\"><img loading=\"lazy\" width=\"160\" height=\"72\" src=\"https:\/\/corp-web.gauss.i2-sys.com\/es\/wp-content\/uploads\/sites\/5\/2021\/08\/venca.png\" alt=\"Venca\" class=\"wp-image-75\" \/><\/figure><\/div>\n<\/div>\n<\/div>\n\n\n\n<div class=\"wp-block-columns container\">\n<div class=\"wp-block-column\">\n<div class=\"wp-block-image\"><figure class=\"aligncenter size-full\"><img loading=\"lazy\" width=\"161\" height=\"72\" src=\"https:\/\/corp-web.gauss.i2-sys.com\/es\/wp-content\/uploads\/sites\/5\/2021\/08\/marina-rinaldi.png\" alt=\"Marina Rinaldi\" class=\"wp-image-78\" \/><\/figure><\/div>\n<\/div>\n\n\n\n<div class=\"wp-block-column\">\n<div class=\"wp-block-image\"><figure class=\"aligncenter size-full\"><img loading=\"lazy\" width=\"160\" height=\"72\" src=\"https:\/\/corp-web.gauss.i2-sys.com\/es\/wp-content\/uploads\/sites\/5\/2021\/08\/pull-and-bear.png\" alt=\"Pull &amp; Bear\" class=\"wp-image-74\" \/><\/figure><\/div>\n<\/div>\n\n\n\n<div class=\"wp-block-column\">\n<div class=\"wp-block-image\"><figure class=\"aligncenter size-full\"><img loading=\"lazy\" width=\"160\" height=\"72\" src=\"https:\/\/corp-web.gauss.i2-sys.com\/es\/wp-content\/uploads\/sites\/5\/2021\/08\/mount-legend.png\" alt=\"Mount Legend\" class=\"wp-image-104\" \/><\/figure><\/div>\n<\/div>\n\n\n\n<div class=\"wp-block-column\">\n<div class=\"wp-block-image\"><figure class=\"aligncenter size-full\"><img loading=\"lazy\" width=\"160\" height=\"72\" src=\"https:\/\/corp-web.gauss.i2-sys.com\/es\/wp-content\/uploads\/sites\/5\/2021\/08\/ebay.png\" alt=\"ebay\" class=\"wp-image-77\" \/><\/figure><\/div>\n<\/div>\n<\/div>\n<\/div><\/div>\n","protected":false},"excerpt":{"rendered":"<p>La r\u00e9ussite des entreprises d\u00e9pend de la rapidit\u00e9 et de la qualit\u00e9 de leurs d\u00e9cisions. Gauss est une plateforme qui offre une suite de solutions technologiques, bas\u00e9es sur son hub de donn\u00e9es marketing, pour la prise de d\u00e9cision dans les processus cl\u00e9s de la strat\u00e9gie de marketing num\u00e9rique. Leader en mati\u00e8re de donn\u00e9es et d&#8217;IA [&hellip;]<\/p>\n","protected":false},"author":1,"featured_media":0,"parent":0,"menu_order":0,"comment_status":"closed","ping_status":"open","template":"","meta":[],"_links":{"self":[{"href":"https:\/\/corp-web.gauss.i2-sys.com\/fr\/wp-json\/wp\/v2\/pages\/2"}],"collection":[{"href":"https:\/\/corp-web.gauss.i2-sys.com\/fr\/wp-json\/wp\/v2\/pages"}],"about":[{"href":"https:\/\/corp-web.gauss.i2-sys.com\/fr\/wp-json\/wp\/v2\/types\/page"}],"author":[{"embeddable":true,"href":"https:\/\/corp-web.gauss.i2-sys.com\/fr\/wp-json\/wp\/v2\/users\/1"}],"replies":[{"embeddable":true,"href":"https:\/\/corp-web.gauss.i2-sys.com\/fr\/wp-json\/wp\/v2\/comments?post=2"}],"version-history":[{"count":4,"href":"https:\/\/corp-web.gauss.i2-sys.com\/fr\/wp-json\/wp\/v2\/pages\/2\/revisions"}],"predecessor-version":[{"id":222,"href":"https:\/\/corp-web.gauss.i2-sys.com\/fr\/wp-json\/wp\/v2\/pages\/2\/revisions\/222"}],"wp:attachment":[{"href":"https:\/\/corp-web.gauss.i2-sys.com\/fr\/wp-json\/wp\/v2\/media?parent=2"}],"curies":[{"name":"wp","href":"https:\/\/api.w.org\/{rel}","templated":true}]}}