{"id":19,"date":"2021-07-20T11:32:53","date_gmt":"2021-07-20T11:32:53","guid":{"rendered":"https:\/\/corp-web.gauss.i2-sys.com\/es\/?page_id=19"},"modified":"2021-09-14T16:58:32","modified_gmt":"2021-09-14T16:58:32","slug":"politique-de-confidentialite","status":"publish","type":"page","link":"https:\/\/corp-web.gauss.i2-sys.com\/fr\/politique-de-confidentialite\/","title":{"rendered":"Politique de confidentialit\u00e9"},"content":{"rendered":"\n<div class=\"wp-block-group module-hero small\"><div class=\"wp-block-group__inner-container\">\n<div class=\"wp-block-cover\"><img loading=\"lazy\" width=\"1920\" height=\"853\" class=\"wp-block-cover__image-background wp-image-35\" alt=\"\" src=\"https:\/\/corp-web.gauss.i2-sys.com\/es\/wp-content\/uploads\/sites\/5\/2021\/07\/hero_ai_bg.jpg\" data-object-fit=\"cover\" srcset=\"https:\/\/corp-web.gauss.i2-sys.com\/es\/wp-content\/uploads\/sites\/5\/2021\/07\/hero_ai_bg.jpg 1920w, https:\/\/corp-web.gauss.i2-sys.com\/es\/wp-content\/uploads\/sites\/5\/2021\/07\/hero_ai_bg.jpg 300w, https:\/\/corp-web.gauss.i2-sys.com\/es\/wp-content\/uploads\/sites\/5\/2021\/07\/hero_ai_bg.jpg 1024w, https:\/\/corp-web.gauss.i2-sys.com\/es\/wp-content\/uploads\/sites\/5\/2021\/07\/hero_ai_bg.jpg 768w, https:\/\/corp-web.gauss.i2-sys.com\/es\/wp-content\/uploads\/sites\/5\/2021\/07\/hero_ai_bg.jpg 1536w\" sizes=\"(max-width: 1920px) 100vw, 1920px\" \/><div class=\"wp-block-cover__inner-container\">\n<h1 class=\"has-text-align-center\">Politique de confidentialit\u00e9<\/h1>\n<\/div><\/div>\n<\/div><\/div>\n\n\n\n<div class=\"wp-block-group container legal-text\"><div class=\"wp-block-group__inner-container\">\n<h2 class=\"h3\">1. Qui est responsable du traitement de vos donn\u00e9es?<\/h2>\n\n\n\n<p>Le responsable du traitement de vos donn\u00e9es personnelles est MAKING SCIENCE GROUP SA (ci-apr\u00e8s, \u00abMAKING SCIENCE\u00bb), avec NIF: A-82861428 et si\u00e8ge social \u00e0 Calle L\u00f3pez de Hoyos 135, Piso 3, 28002, Madrid, Espagne.<\/p>\n\n\n\n<p>Nous vous informons que la propri\u00e9t\u00e9 de ce Site Web (ci-apr\u00e8s, le \u00ab Site Web \u00bb), appartient \u00e0 MAKING SCIENCE.<\/p>\n\n\n\n<p>L&#8217;acc\u00e8s et\/ou l&#8217;utilisation du Site conf\u00e8re la condition d&#8217;Utilisateur (ci-apr\u00e8s, l&#8217;\u00ab Utilisateur \u00bb), et implique l&#8217;acceptation, d\u00e8s cet acc\u00e8s et\/ou utilisation, de la pr\u00e9sente Politique de Confidentialit\u00e9.<\/p>\n\n\n\n<p class=\"content-link\">L&#8217;Utilisateur peut contacter MAKING SCIENCE \u00e0 l&#8217;adresse e-mail suivante :\u00a0\u00a0<a href=\"mailto:protecciondedatos@makingscience.com\">protecciondedatos@makingscience.com<\/a>.<\/p>\n\n\n\n<h2 class=\"h3\">2. Pourquoi MAKING SCIENCE est-il habilit\u00e9 \u00e0 effectuer des traitements de donn\u00e9es ?<\/h2>\n\n\n\n<p>MAKING SCIENCE est en droit de traiter vos donn\u00e9es afin de fournir ses services.<\/p>\n\n\n\n<p>MAKING SCIENCE prend tr\u00e8s au s\u00e9rieux la protection de votre vie priv\u00e9e et de vos donn\u00e9es personnelles.&nbsp;Par cons\u00e9quent, vos informations personnelles sont conserv\u00e9es en toute s\u00e9curit\u00e9 et trait\u00e9es avec le plus grand soin.<\/p>\n\n\n\n<p>La pr\u00e9sente Politique de confidentialit\u00e9 r\u00e9git l&#8217;acc\u00e8s et l&#8217;utilisation du service (ci-apr\u00e8s le \u00ab&nbsp;Service&nbsp;\u00bb) que MAKING SCIENCE met \u00e0 la disposition de l&#8217;Utilisateur int\u00e9ress\u00e9 par les services.<\/p>\n\n\n\n<p>En ce sens, les bases de l\u00e9gitimit\u00e9 utilis\u00e9es par MAKING SCIENCE pour le traitement des donn\u00e9es des Utilisateurs sont :<\/p>\n\n\n\n<ol><li>L&#8217;ex\u00e9cution d&#8217;une relation contractuelle.<\/li><li>Consentement des utilisateurs au traitement de leurs donn\u00e9es personnelles aux fins sp\u00e9cifi\u00e9es dans chaque cas.<\/li><li>Int\u00e9r\u00eat l\u00e9gitime, le cas \u00e9ch\u00e9ant.<\/li><\/ol>\n\n\n\n<h2 class=\"h3\">3. Quelles sont les finalit\u00e9s du traitement de vos donn\u00e9es personnelles par MAKING SCIENCE ?<\/h2>\n\n\n\n<p>Vos donn\u00e9es personnelles collect\u00e9es par MAKING SCIENCE pourront \u00eatre utilis\u00e9es pour les finalit\u00e9s suivantes, selon le consentement donn\u00e9 dans le formulaire d&#8217;inscription correspondant :<\/p>\n\n\n\n<p>3.1 La fourniture de services MAKING SCIENCE.<\/p>\n\n\n\n<p>Afin de fournir le service demand\u00e9 par l&#8217;Utilisateur, MAKING SCIENCE devra traiter les donn\u00e9es personnelles obtenues \u00e0 partir des informations fournies par l&#8217;Utilisateur \u00e0 MAKING SCIENCE.<\/p>\n\n\n\n<h2 class=\"h3\">4. Exactitude des donn\u00e9es fournies par les Utilisateurs et des donn\u00e9es des mineurs<\/h2>\n\n\n\n<p>L&#8217;Utilisateur garantit que les donn\u00e9es personnelles fournies sont vraies et est responsable d&#8217;informer MAKING SCIENCE de toute modification de celles-ci.\u00a0L&#8217;Utilisateur sera responsable, dans tous les cas, de la v\u00e9racit\u00e9 des donn\u00e9es fournies, et MAKING SCIENCE se r\u00e9serve le droit d&#8217;exclure des Services enregistr\u00e9s tout Utilisateur ayant fourni de fausses donn\u00e9es, sans pr\u00e9judice de toute autre action pouvant \u00eatre applicable par la loi.<\/p>\n\n\n\n<h2 class=\"h3\">5. Conservation des donn\u00e9es<\/h2>\n\n\n\n<p>The personal data provided will be kept by MAKING SCIENCE as long as the user does not express his\/her wish to unsubscribe from the services of MAKING SCIENCE in order to receive information about the services of the company. Subsequently, if necessary, MAKING SCIENCE will keep the information blocked for the legally established periods of time.<\/p>\n\n\n\n<h2 class=\"h3\">6. Droits de l&#8217;utilisateur concernant ses donn\u00e9es<\/h2>\n\n\n\n<p>L&#8217;Utilisateur a le droit de<\/p>\n\n\n\n<ol><li>Acc\u00e9dez \u00e0 vos donn\u00e9es personnelles.<\/li><li>Demander la rectification des donn\u00e9es inexactes.<\/li><li>Demander sa suppression.<\/li><li>Demander la limitation du traitement de vos donn\u00e9es.<\/li><li>Vous opposer au traitement de vos donn\u00e9es.<\/li><li>Demander la portabilit\u00e9.<\/li><li>Ne pas \u00eatre soumis \u00e0 des d\u00e9cisions individuelles automatis\u00e9es.<\/li><\/ol>\n\n\n\n<p class=\"content-link\">L&#8217;Utilisateur peut exercer tous ces droits \u00e0 l&#8217;adresse e-mail suivante&nbsp;&nbsp;<a href=\"mailto:protecciondedatos@makingscience.com\">protecciondedatos@makingscience.com en<\/a>&nbsp;&nbsp;indiquant le motif de sa demande et en fournissant une copie de sa Carte Nationale d&#8217;Identit\u00e9.<\/p>\n\n\n\n<p>L&#8217;Utilisateur peut \u00e9galement adresser sa demande par courrier ordinaire \u00e0 l&#8217;adresse suivante :<\/p>\n\n\n\n<p class=\"has-text-align-center\">Making Science Group, SA<br>NIF A-82861428<br>Calle Lopez De Hoyos 135,<br>Piso 3, 28002 Madrid.<\/p>\n\n\n\n<p>Sans pr\u00e9judice de tout autre recours administratif ou judiciaire, l&#8217;Utilisateur a le droit d&#8217;introduire une r\u00e9clamation aupr\u00e8s d&#8217;une autorit\u00e9 de contr\u00f4le, notamment dans l&#8217;\u00c9tat membre dans lequel il a sa r\u00e9sidence habituelle, son lieu de travail ou le lieu de contrefa\u00e7on all\u00e9gu\u00e9e, s&#8217;il consid\u00e8re que le traitement de ses donn\u00e9es personnelles n&#8217;est pas licite et si l&#8217;exercice de ses droits n&#8217;est pas satisfait.&nbsp;L&#8217;autorit\u00e9 de contr\u00f4le aupr\u00e8s de laquelle la r\u00e9clamation a \u00e9t\u00e9 d\u00e9pos\u00e9e informe le plaignant de l&#8217;\u00e9tat d&#8217;avancement et de l&#8217;issue de la r\u00e9clamation.<\/p>\n\n\n\n<h2 class=\"h3\">7. S\u00e9curit\u00e9 des donn\u00e9es<\/h2>\n\n\n\n<p>La protection de la vie priv\u00e9e et des donn\u00e9es personnelles des Utilisateurs est tr\u00e8s importante pour MAKING SCIENCE.&nbsp;Par cons\u00e9quent, MAKING SCIENCE met tout en \u0153uvre pour \u00e9viter que vos donn\u00e9es ne soient utilis\u00e9es de mani\u00e8re inappropri\u00e9e en n&#8217;autorisant l&#8217;acc\u00e8s qu&#8217;au personnel autoris\u00e9.<\/p>\n\n\n\n<p>MAKING SCIENCE maintient les niveaux de s\u00e9curit\u00e9 de la protection des donn\u00e9es personnelles conform\u00e9ment \u00e0 la r\u00e9glementation en vigueur et a mis en place tous les moyens techniques \u00e0 sa disposition pour \u00e9viter la perte, l&#8217;abus, l&#8217;alt\u00e9ration, l&#8217;acc\u00e8s non autoris\u00e9 et le vol des donn\u00e9es fournies par l&#8217;utilisateur via le site Web, sans pr\u00e9judice d&#8217;informer l&#8217;Utilisateur que les mesures de s\u00e9curit\u00e9 sur Internet ne sont pas inviolables.<\/p>\n\n\n\n<p>MAKING SCIENCE s&#8217;engage \u00e0 respecter le devoir de secret et de confidentialit\u00e9 concernant les donn\u00e9es personnelles conform\u00e9ment \u00e0 la l\u00e9gislation applicable, ainsi qu&#8217;\u00e0 les traiter de mani\u00e8re s\u00e9curis\u00e9e dans les cessions et transferts internationaux de donn\u00e9es qui, le cas \u00e9ch\u00e9ant, peuvent intervenir.<\/p>\n\n\n\n<p>Dans les services du site Web qui n\u00e9cessitent une inscription en tant qu&#8217;utilisateur, un mot de passe doit \u00eatre choisi.&nbsp;L&#8217;utilisateur est responsable du maintien de la confidentialit\u00e9 de ce mot de passe, ainsi que de toutes les activit\u00e9s qui se produisent dans la session initi\u00e9e avec son nom et son mot de passe.<\/p>\n\n\n\n<p>L&#8217;Utilisateur s&#8217;engage \u00e0 informer MAKING SCIENCE dans les plus brefs d\u00e9lais de toute utilisation non autoris\u00e9e de l&#8217;identifiant et\/ou du mot de passe de l&#8217;Utilisateur ou de toute autre atteinte \u00e0 la s\u00e9curit\u00e9.&nbsp;MAKING SCIENCE ne pourra \u00eatre tenu responsable de toute perte ou dommage r\u00e9sultant du non-respect par l&#8217;Utilisateur de cette obligation.&nbsp;ING SCIENCE s&#8217;engage \u00e0 respecter le devoir de secret et de confidentialit\u00e9 concernant les donn\u00e9es personnelles conform\u00e9ment \u00e0 la loi applicable.<\/p>\n\n\n\n<h2 class=\"h3\">8. Changements<\/h2>\n\n\n\n<p>MAKING SCIENCE se r\u00e9serve le droit de r\u00e9viser cette politique de confidentialit\u00e9 \u00e0 tout moment.&nbsp;Pour cette raison, veuillez consulter r\u00e9guli\u00e8rement cette politique de confidentialit\u00e9 pour lire la version la plus r\u00e9cente de cette politique de confidentialit\u00e9.<\/p>\n\n\n\n<p>Cependant, toute modification de cette politique de confidentialit\u00e9 sera communiqu\u00e9e \u00e0 l&#8217;utilisateur.<\/p>\n\n\n\n<h2 class=\"h3\">9. Liens vers des sites Web<\/h2>\n\n\n\n<p>Le site Web de MAKING SCIENCE peut contenir des liens vers des sites Web de soci\u00e9t\u00e9s et d&#8217;entit\u00e9s tierces.&nbsp;MAKING SCIENCE ne peut \u00eatre tenu responsable de la mani\u00e8re dont ces soci\u00e9t\u00e9s traitent la vie priv\u00e9e et la protection des donn\u00e9es personnelles, nous vous conseillons donc de lire attentivement les d\u00e9clarations de politique de confidentialit\u00e9 de ces sites Web qui n&#8217;appartiennent pas \u00e0 MAKING SCIENCE en ce qui concerne l&#8217;utilisation, le traitement et protection des donn\u00e9es personnelles..<\/p>\n\n\n\n<p>Les conditions propos\u00e9es par ces sites Internet peuvent diff\u00e9rer de celles propos\u00e9es par MAKING SCIENCE.<\/p>\n\n\n\n<h2 class=\"h3\">10. Questions<\/h2>\n\n\n\n<p class=\"content-link\">Si vous avez des questions concernant cette politique de confidentialit\u00e9 ou le traitement de vos donn\u00e9es, veuillez contacter MAKING SCIENCE par e-mail \u00e0 l&#8217;adresse suivante:\u00a0<a href=\"mailto:protecciondedatos@makingscience.com\">protecciondedatos@makingscience.com<\/a>.<\/p>\n\n\n\n<h2 class=\"h3\">11. Acceptance and Consent.<\/h2>\n\n\n\n<p>The User declares to have been informed of the conditions on personal data protection, accepting and consenting to the trL&#8217;Utilisateur d\u00e9clare avoir \u00e9t\u00e9 inform\u00e9 des conditions de protection des donn\u00e9es personnelles, en acceptant et en consentant au traitement de celles-ci par MAKING SCIENCE, dans la forme et aux fins indiqu\u00e9es dans la pr\u00e9sente Politique de confidentialit\u00e9.<\/p>\n<\/div><\/div>\n","protected":false},"excerpt":{"rendered":"<p>1. Qui est responsable du traitement de vos donn\u00e9es? Le responsable du traitement de vos donn\u00e9es personnelles est MAKING SCIENCE GROUP SA (ci-apr\u00e8s, \u00abMAKING SCIENCE\u00bb), avec NIF: A-82861428 et si\u00e8ge social \u00e0 Calle L\u00f3pez de Hoyos 135, Piso 3, 28002, Madrid, Espagne. Nous vous informons que la propri\u00e9t\u00e9 de ce Site Web (ci-apr\u00e8s, le \u00ab [&hellip;]<\/p>\n","protected":false},"author":1,"featured_media":0,"parent":0,"menu_order":0,"comment_status":"closed","ping_status":"closed","template":"","meta":[],"_links":{"self":[{"href":"https:\/\/corp-web.gauss.i2-sys.com\/fr\/wp-json\/wp\/v2\/pages\/19"}],"collection":[{"href":"https:\/\/corp-web.gauss.i2-sys.com\/fr\/wp-json\/wp\/v2\/pages"}],"about":[{"href":"https:\/\/corp-web.gauss.i2-sys.com\/fr\/wp-json\/wp\/v2\/types\/page"}],"author":[{"embeddable":true,"href":"https:\/\/corp-web.gauss.i2-sys.com\/fr\/wp-json\/wp\/v2\/users\/1"}],"replies":[{"embeddable":true,"href":"https:\/\/corp-web.gauss.i2-sys.com\/fr\/wp-json\/wp\/v2\/comments?post=19"}],"version-history":[{"count":0,"href":"https:\/\/corp-web.gauss.i2-sys.com\/fr\/wp-json\/wp\/v2\/pages\/19\/revisions"}],"wp:attachment":[{"href":"https:\/\/corp-web.gauss.i2-sys.com\/fr\/wp-json\/wp\/v2\/media?parent=19"}],"curies":[{"name":"wp","href":"https:\/\/api.w.org\/{rel}","templated":true}]}}