{"id":18,"date":"2021-07-20T11:32:32","date_gmt":"2021-07-20T11:32:32","guid":{"rendered":"https:\/\/corp-web.gauss.i2-sys.com\/es\/?page_id=18"},"modified":"2021-09-14T16:53:53","modified_gmt":"2021-09-14T16:53:53","slug":"mention-legale","status":"publish","type":"page","link":"https:\/\/corp-web.gauss.i2-sys.com\/fr\/mention-legale\/","title":{"rendered":"Mention l\u00e9gale"},"content":{"rendered":"\n<div class=\"wp-block-group module-hero small\"><div class=\"wp-block-group__inner-container\">\n<div class=\"wp-block-cover\"><img loading=\"lazy\" width=\"1920\" height=\"853\" class=\"wp-block-cover__image-background wp-image-35\" alt=\"\" src=\"https:\/\/corp-web.gauss.i2-sys.com\/es\/wp-content\/uploads\/sites\/5\/2021\/07\/hero_ai_bg.jpg\" data-object-fit=\"cover\" srcset=\"https:\/\/corp-web.gauss.i2-sys.com\/es\/wp-content\/uploads\/sites\/5\/2021\/07\/hero_ai_bg.jpg 1920w, https:\/\/corp-web.gauss.i2-sys.com\/es\/wp-content\/uploads\/sites\/5\/2021\/07\/hero_ai_bg.jpg 300w, https:\/\/corp-web.gauss.i2-sys.com\/es\/wp-content\/uploads\/sites\/5\/2021\/07\/hero_ai_bg.jpg 1024w, https:\/\/corp-web.gauss.i2-sys.com\/es\/wp-content\/uploads\/sites\/5\/2021\/07\/hero_ai_bg.jpg 768w, https:\/\/corp-web.gauss.i2-sys.com\/es\/wp-content\/uploads\/sites\/5\/2021\/07\/hero_ai_bg.jpg 1536w\" sizes=\"(max-width: 1920px) 100vw, 1920px\" \/><div class=\"wp-block-cover__inner-container\">\n<h1 class=\"has-text-align-center\">Mention l\u00e9gale<\/h1>\n<\/div><\/div>\n<\/div><\/div>\n\n\n\n<div class=\"wp-block-group container legal-text\"><div class=\"wp-block-group__inner-container\">\n<h2 class=\"h3\">1. Droit de l&#8217;information<\/h2>\n\n\n\n<p>Nous vous informons que ce site Web est la propri\u00e9t\u00e9 de MAKING SCIENCE GROUP SA, (ci-apr\u00e8s, \u00ab&nbsp;<strong>MAKING SCIENCE<\/strong>&nbsp;\u00bb), avec NIF : A-82861428 et si\u00e8ge social \u00e0 Calle L\u00f3pez de Hoyos 135, Piso 3, 28002, Madrid, Espagne.<\/p>\n\n\n\n<p>L&#8217;acc\u00e8s et\/ou l&#8217;utilisation du site conf\u00e8re la condition d&#8217;utilisateur, et accepte, \u00e0 partir de cet acc\u00e8s et\/ou utilisation, les pr\u00e9sentes Mentions L\u00e9gales.<\/p>\n\n\n\n<p class=\"content-link\">L&#8217;utilisateur (ci-apr\u00e8s l&#8217;\u00ab\u00a0<strong>Utilisateur<\/strong>\u00a0\u00bb) peut contacter MAKING SCIENCE \u00e0 l&#8217;adresse e-mail suivante:\u00a0\u00a0<a href=\"mailto:protecciondedatos@makingscience.com\">protecciondedatos@makingscience.com<\/a>.<\/p>\n\n\n\n<h2 class=\"h3\">2. Utilisation du site Web<\/h2>\n\n\n\n<p>L&#8217;Utilisateur assume la responsabilit\u00e9 de l&#8217;utilisation du Site Internet MAKING SCIENCE (ci-apr\u00e8s le \u00ab Site Internet \u00bb).&nbsp;Le Site Web peut donner acc\u00e8s \u00e0 une multitude de textes, graphiques, dessins, dessins, photographies, contenus multim\u00e9dias et informations (ci-apr\u00e8s le \u00ab&nbsp;<strong>Contenu<\/strong>&nbsp;\u00bb) appartenant \u00e0 MAKING SCIENCE ou \u00e0 des tiers auxquels l&#8217;Utilisateur peut avoir acc\u00e8s.<\/p>\n\n\n\n<p>L&#8217;Utilisateur s&#8217;engage \u00e0 faire un usage appropri\u00e9 des Contenus et Services propos\u00e9s sur le Site et, \u00e0 titre d&#8217;exemple, mais sans s&#8217;y limiter, \u00e0 ne pas les utiliser pour&nbsp;:<\/p>\n\n\n\n<ol><li>Se livrer \u00e0 des activit\u00e9s ill\u00e9gales, ill\u00e9gales ou contraires \u00e0 la bonne foi et \u00e0 l&#8217;ordre public.<\/li><li>Causer des dommages aux syst\u00e8mes physiques et logiques du site MAKING SCIENCE, de ses fournisseurs ou de tiers.<\/li><li>Introduire ou diffuser des virus informatiques ou tout autre syst\u00e8me physique ou logique susceptible de causer les dommages susmentionn\u00e9s.<\/li><li>Tenter d&#8217;acc\u00e9der, d&#8217;utiliser et\/ou de manipuler les donn\u00e9es des fournisseurs tiers de MAKING SCIENCE et d&#8217;autres utilisateurs.<\/li><li>Reproduire ou copier, distribuer, permettre l&#8217;acc\u00e8s au public par toute forme de communication publique, transformer ou modifier le Contenu, sauf autorisation de MAKING SCIENCE.<\/li><li>Supprimer, masquer ou manipuler les Contenus soumis \u00e0 des droits de propri\u00e9t\u00e9 intellectuelle ou industrielle et d&#8217;autres donn\u00e9es identifiant lesdits droits de MAKING SCIENCE ou de tiers incorpor\u00e9s dans les Contenus, ainsi que les dispositifs techniques de protection ou tout m\u00e9canisme d&#8217;information pouvant \u00eatre ins\u00e9r\u00e9s dans les contenus.<\/li><\/ol>\n\n\n\n<p>Ils sont donc insuffisants pour prendre des d\u00e9cisions ou prendre position dans un cas pr\u00e9cis.<\/p>\n\n\n\n<p>L&#8217;utilisateur doit \u00eatre conscient que les documents contenus dans ce site Web peuvent ne pas refl\u00e9ter le dernier statut l\u00e9gislatif ou jurisprudentiel sur les questions discut\u00e9es.&nbsp;De plus, ces documents peuvent \u00eatre modifi\u00e9s, d\u00e9velopp\u00e9s ou mis \u00e0 jour sans pr\u00e9avis.<\/p>\n\n\n\n<p>Le droit d&#8217;enqu\u00eater et de signaler tout comportement susmentionn\u00e9 conform\u00e9ment \u00e0 la loi, ainsi que de coop\u00e9rer avec les autorit\u00e9s dans l&#8217;enqu\u00eate sur de telles actions.<\/p>\n\n\n\n<p>MAKING SCIENCE peut suspendre temporairement, sans pr\u00e9avis, l&#8217;acc\u00e8s au site Web \u00e0 des fins de maintenance, de r\u00e9paration, de mise \u00e0 jour ou de mise \u00e0 niveau.&nbsp;Cependant, MAKING SCIENCE, chaque fois que les circonstances le permettront, informera l&#8217;Utilisateur de la date pr\u00e9vue de suspension des Services.&nbsp;MAKING SCIENCE n&#8217;est pas responsable de l&#8217;utilisation que les utilisateurs peuvent faire du contenu inclus dans le site Web.<\/p>\n\n\n\n<h2 class=\"h3\">3. Propri\u00e9t\u00e9 intellectuelle et industrielle<\/h2>\n\n\n\n<p>MAKING SCIENCE, ou d&#8217;un tiers ayant autoris\u00e9 l&#8217;utilisation de ceux-ci, c&#8217;est donc MAKING SCIENCE qui a l&#8217;exercice exclusif des droits d&#8217;exploitation de ceux-ci.&nbsp;Pour cette raison et en vertu des dispositions de la l\u00e9gislation applicable sur les droits de propri\u00e9t\u00e9 intellectuelle et industrielle.<\/p>\n\n\n\n<p>MAKING SCIENCE n&#8217;accorde aucune licence ou autorisation d&#8217;utilisation de quelque nature que ce soit sur ses droits de propri\u00e9t\u00e9 intellectuelle et industrielle ou sur toute autre propri\u00e9t\u00e9 ou droit li\u00e9 au Site Web, aux Services ou au Contenu du Site Web.<\/p>\n\n\n\n<p>La reproduction et le stockage temporaire du contenu du Site sont autoris\u00e9s dans la mesure strictement n\u00e9cessaire \u00e0 l&#8217;utilisation et \u00e0 la visualisation du Site \u00e0 partir d&#8217;un appareil personnel.<\/p>\n\n\n\n<p>L&#8217;Utilisateur garantit MAKING SCIENCE de toute r\u00e9clamation de tiers r\u00e9sultant de l&#8217;utilisation ill\u00e9gale du Contenu du Site.<\/p>\n\n\n\n<h2 class=\"h3\">4. Responsabilit\u00e9 et garanties<\/h2>\n\n\n\n<p>MAKING SCIENCE d\u00e9clare avoir adopt\u00e9 les mesures n\u00e9cessaires qui, dans la mesure de ses possibilit\u00e9s et de l&#8217;\u00e9tat de la technologie, permettent le bon fonctionnement de son site Web, ainsi que l&#8217;absence de virus et de composants nuisibles.&nbsp;Cependant, MAKING SCIENCE ne peut \u00eatre tenu pour responsable :<\/p>\n\n\n\n<ol><li>La continuit\u00e9 et la disponibilit\u00e9 des Contenus et Services.<\/li><li>L&#8217;absence d&#8217;erreurs dans lesdits Contenus ou la correction des d\u00e9fauts qui pourraient survenir.<\/li><li>L&#8217;absence de virus et\/ou d&#8217;autres composants nuisibles.<\/li><li>Les dommages caus\u00e9s par toute personne qui viole les syst\u00e8mes de s\u00e9curit\u00e9 de MAKING SCIENCE.<\/li><\/ol>\n\n\n\n<p>Les contributions sur ces pages sont fournies \u00e0 titre informatif seulement.&nbsp;MAKING SCIENCE ne garantit pas l&#8217;exhaustivit\u00e9, l&#8217;exactitude et l&#8217;actualit\u00e9 des contenus.<\/p>\n\n\n\n<p>MAKING SCIENCE n&#8217;a aucun contr\u00f4le sur et l&#8217;inclusion de liens vers d&#8217;autres sites Web n&#8217;implique aucune approbation de leur contenu par MAKING SCIENCE ou toute association entre MAKING SCIENCE et leurs propri\u00e9taires.&nbsp;Par cons\u00e9quent, l&#8217;Utilisateur acc\u00e8de au Contenu et aux conditions d&#8217;utilisation de ces sites \u00e0 ses risques et p\u00e9rils.<\/p>\n\n\n\n<h2 class=\"h3\">5. Dur\u00e9e et modification<\/h2>\n\n\n\n<p>Le pr\u00e9sent avis juridique sera en vigueur ind\u00e9finiment, MAKING SCIENCE pouvant apporter des modifications aux conditions qui y sont sp\u00e9cifi\u00e9es, qui entreront en vigueur d\u00e8s sa publication.<\/p>\n\n\n\n<p>MAKING SCIENCE pourra supprimer, ajouter ou modifier tant les Contenus que les Services qu&#8217;il propose, ainsi que la forme sous laquelle ceux-ci apparaissent localis\u00e9s ou pr\u00e9sent\u00e9s.&nbsp;Les conditions publi\u00e9es au moment o\u00f9 l&#8217;utilisateur acc\u00e8de au site Web de MAKING SCIENCE sont r\u00e9put\u00e9es en vigueur.<\/p>\n\n\n\n<p>L&#8217;acc\u00e8s et\/ou l&#8217;utilisation du Site s&#8217;entendent comme l&#8217;acceptation par l&#8217;Utilisateur des pr\u00e9sentes Mentions L\u00e9gales et de ses conditions et, le cas \u00e9ch\u00e9ant, des modifications qui y sont apport\u00e9es.<\/p>\n<\/div><\/div>\n","protected":false},"excerpt":{"rendered":"<p>1. Droit de l&#8217;information Nous vous informons que ce site Web est la propri\u00e9t\u00e9 de MAKING SCIENCE GROUP SA, (ci-apr\u00e8s, \u00ab&nbsp;MAKING SCIENCE&nbsp;\u00bb), avec NIF : A-82861428 et si\u00e8ge social \u00e0 Calle L\u00f3pez de Hoyos 135, Piso 3, 28002, Madrid, Espagne. L&#8217;acc\u00e8s et\/ou l&#8217;utilisation du site conf\u00e8re la condition d&#8217;utilisateur, et accepte, \u00e0 partir de cet [&hellip;]<\/p>\n","protected":false},"author":1,"featured_media":0,"parent":0,"menu_order":0,"comment_status":"closed","ping_status":"closed","template":"","meta":[],"_links":{"self":[{"href":"https:\/\/corp-web.gauss.i2-sys.com\/fr\/wp-json\/wp\/v2\/pages\/18"}],"collection":[{"href":"https:\/\/corp-web.gauss.i2-sys.com\/fr\/wp-json\/wp\/v2\/pages"}],"about":[{"href":"https:\/\/corp-web.gauss.i2-sys.com\/fr\/wp-json\/wp\/v2\/types\/page"}],"author":[{"embeddable":true,"href":"https:\/\/corp-web.gauss.i2-sys.com\/fr\/wp-json\/wp\/v2\/users\/1"}],"replies":[{"embeddable":true,"href":"https:\/\/corp-web.gauss.i2-sys.com\/fr\/wp-json\/wp\/v2\/comments?post=18"}],"version-history":[{"count":0,"href":"https:\/\/corp-web.gauss.i2-sys.com\/fr\/wp-json\/wp\/v2\/pages\/18\/revisions"}],"wp:attachment":[{"href":"https:\/\/corp-web.gauss.i2-sys.com\/fr\/wp-json\/wp\/v2\/media?parent=18"}],"curies":[{"name":"wp","href":"https:\/\/api.w.org\/{rel}","templated":true}]}}