{"id":155,"date":"2021-08-06T12:05:59","date_gmt":"2021-08-06T12:05:59","guid":{"rendered":"https:\/\/corp-web.gauss.i2-sys.com\/es\/?page_id=155"},"modified":"2021-10-25T09:32:12","modified_gmt":"2021-10-25T09:32:12","slug":"autres-solutions","status":"publish","type":"page","link":"https:\/\/corp-web.gauss.i2-sys.com\/fr\/autres-solutions\/","title":{"rendered":"Autres solutions"},"content":{"rendered":"\n<div class=\"wp-block-group\"><div class=\"wp-block-group__inner-container\">\n<div class=\"wp-block-cover\"><img loading=\"lazy\" width=\"1440\" height=\"512\" class=\"wp-block-cover__image-background wp-image-90\" alt=\"\" src=\"https:\/\/corp-web.gauss.i2-sys.com\/es\/wp-content\/uploads\/sites\/5\/2021\/08\/img-hero-fb-solutions.jpg\" data-object-fit=\"cover\" srcset=\"https:\/\/corp-web.gauss.i2-sys.com\/es\/wp-content\/uploads\/sites\/5\/2021\/08\/img-hero-fb-solutions.jpg 1440w, https:\/\/corp-web.gauss.i2-sys.com\/es\/wp-content\/uploads\/sites\/5\/2021\/08\/img-hero-fb-solutions.jpg 300w, https:\/\/corp-web.gauss.i2-sys.com\/es\/wp-content\/uploads\/sites\/5\/2021\/08\/img-hero-fb-solutions.jpg 1024w, https:\/\/corp-web.gauss.i2-sys.com\/es\/wp-content\/uploads\/sites\/5\/2021\/08\/img-hero-fb-solutions.jpg 768w\" sizes=\"(max-width: 1440px) 100vw, 1440px\" \/><div class=\"wp-block-cover__inner-container\">\n<h1 class=\"has-text-align-left container\">Des solutions technologiques pour aider \u00e0 atteindre les objectifs de marketing et de vente<\/h1>\n<\/div><\/div>\n<\/div><\/div>\n\n\n\n<div class=\"wp-block-group float-up\"><div class=\"wp-block-group__inner-container\">\n<div class=\"wp-block-columns\">\n<div class=\"wp-block-column\">\n<figure class=\"wp-block-image size-large\"><img loading=\"lazy\" width=\"1024\" height=\"655\" src=\"https:\/\/storage.googleapis.com\/gauss--corp-web--static--pre--storage--84a2\/wp-content\/uploads\/Otras-soluciones-mook-up-1-1024x655.png\" alt=\"\" class=\"wp-image-249\" \/><\/figure>\n<\/div>\n\n\n\n<div class=\"wp-block-column is-vertically-aligned-bottom thin thin_768\">\n<h2 class=\"h3 mb-30\">Gauss cr\u00e9e un \u00e9cosyst\u00e8me ax\u00e9 sur les donn\u00e9es<\/h2>\n\n\n\n<p>Il permet aux entreprises d&#8217;anticiper les changements, d&#8217;am\u00e9liorer leur efficacit\u00e9, de cr\u00e9er de nouvelles exp\u00e9riences pour les clients et de prendre de meilleures d\u00e9cisions plus rapidement.<\/p>\n<\/div>\n<\/div>\n<\/div><\/div>\n\n\n\n<div class=\"wp-block-group module-soluciones container mt-big\"><div class=\"wp-block-group__inner-container\">\n<div class=\"wp-block-columns\">\n<div class=\"wp-block-column\">\n<div class=\"wp-block-group\"><div class=\"wp-block-group__inner-container\">\n<figure class=\"wp-block-image size-full\"><img loading=\"lazy\" width=\"60\" height=\"36\" src=\"https:\/\/corp-web.gauss.i2-sys.com\/es\/wp-content\/uploads\/sites\/5\/2021\/08\/icon-fb-solutions-1.png\" alt=\"\" class=\"wp-image-139\" \/><\/figure>\n\n\n\n<h2 class=\"h1\">Smart Advertising<\/h2>\n\n\n\n<p>L&#8217;intelligence artificielle appliqu\u00e9e \u00e0 l&#8217;optimisation des investissements dans Digital Marketing Platforms.<\/p>\n\n\n\n<p>Optimisez vos campagnes de publicit\u00e9 num\u00e9rique gr\u00e2ce \u00e0 une connaissance approfondie de l&#8217;acheteur, bas\u00e9e sur les First Party Data, et \u00e0 l&#8217;apprentissage automatique, qui enrichit en temps r\u00e9el les audiences que vous priorisez dans vos campagnes Google\/Facebook.<\/p>\n\n\n\n<p class=\"external-link open-pdf\"><a href=\"https:\/\/corp-web.gauss.i2-sys.com\/es\/wp-content\/uploads\/sites\/5\/2021\/08\/Datasheet_Smart-Advertising_EN.pdf\" target=\"_blank\" rel=\"noreferrer noopener\"><strong>Lire la suite<\/strong><\/a><\/p>\n\n\n\n<div class=\"wp-block-pdf-viewer-block-standard\" style=\"text-align:left\"><div class=\"uploaded-pdf\"><a href=\"https:\/\/corp-web.gauss.i2-sys.com\/es\/wp-content\/uploads\/sites\/5\/2021\/08\/Datasheet_Smart-Advertising_EN.pdf\" data-width=\"\" data-height=\"\"><\/a><\/div><\/div>\n<\/div><\/div>\n<\/div>\n\n\n\n<div class=\"wp-block-column\">\n<div class=\"wp-block-group\"><div class=\"wp-block-group__inner-container\">\n<figure class=\"wp-block-image size-full\"><img loading=\"lazy\" width=\"37\" height=\"48\" src=\"https:\/\/corp-web.gauss.i2-sys.com\/es\/wp-content\/uploads\/sites\/5\/2021\/08\/icon-fb-solutions-2.png\" alt=\"\" class=\"wp-image-140\" \/><\/figure>\n\n\n\n<h2 class=\"h1\">Offline Conversions<\/h2>\n\n\n\n<p>Mesurez l&#8217;impact de vos annonces Google et Facebook sur la conversion en ventes et dynamisez vos campagnes num\u00e9riques en connectant vos donn\u00e9es hors ligne.<\/p>\n\n\n\n<p class=\"external-link open-pdf\"><a href=\"https:\/\/corp-web.gauss.i2-sys.com\/es\/wp-content\/uploads\/sites\/5\/2021\/08\/Datasheet_Gauss-Offline-Conversions_EN.pdf\" target=\"_blank\" rel=\"noreferrer noopener\"><strong>Lire la suite<\/strong><\/a><\/p>\n\n\n\n<div class=\"wp-block-pdf-viewer-block-standard\" style=\"text-align:left\"><div class=\"uploaded-pdf\"><a href=\"https:\/\/corp-web.gauss.i2-sys.com\/es\/wp-content\/uploads\/sites\/5\/2021\/08\/Datasheet_Gauss-Offline-Conversions_EN.pdf\" data-width=\"\" data-height=\"\"><\/a><\/div><\/div>\n<\/div><\/div>\n<\/div>\n<\/div>\n\n\n\n<div class=\"wp-block-columns\">\n<div class=\"wp-block-column\">\n<div class=\"wp-block-group\"><div class=\"wp-block-group__inner-container\">\n<figure class=\"wp-block-image size-full\"><img loading=\"lazy\" width=\"44\" height=\"44\" src=\"https:\/\/corp-web.gauss.i2-sys.com\/es\/wp-content\/uploads\/sites\/5\/2021\/08\/icon-gmt-solutions-3.png\" alt=\"\" class=\"wp-image-153\" \/><\/figure>\n\n\n\n<h2 class=\"h1\">Attribution<\/h2>\n\n\n\n<p>Nous cr\u00e9ons un mod\u00e8le d&#8217;attribution adapt\u00e9 \u00e0 vos objectifs commerciaux afin que vos d\u00e9penses publicitaires soient align\u00e9es sur les strat\u00e9gies qui ont donn\u00e9 les meilleurs r\u00e9sultats en mati\u00e8re de conversion de ventes.<\/p>\n<\/div><\/div>\n<\/div>\n\n\n\n<div class=\"wp-block-column\">\n<div class=\"wp-block-group\"><div class=\"wp-block-group__inner-container\">\n<figure class=\"wp-block-image size-full\"><img loading=\"lazy\" width=\"51\" height=\"44\" src=\"https:\/\/corp-web.gauss.i2-sys.com\/es\/wp-content\/uploads\/sites\/5\/2021\/08\/icon-gmt-solutions-4.png\" alt=\"\" class=\"wp-image-154\" \/><\/figure>\n\n\n\n<h2 class=\"h1\">Data Quality<\/h2>\n\n\n\n<p>Recevez des alertes en temps r\u00e9el sur les \u00e9v\u00e9nements pertinents de votre site web pour vous aider \u00e0 r\u00e9soudre les incidents et ainsi minimiser l&#8217;impact sur votre entreprise. Surveillez, dans un seul panneau de contr\u00f4le, les informations provenant des outils de mesure des diff\u00e9rentes plateformes et comparez-les avec notre propre outil pour voir les divergences.<\/p>\n\n\n\n<p class=\"external-link open-pdf\"><a href=\"https:\/\/corp-web.gauss.i2-sys.com\/es\/wp-content\/uploads\/sites\/5\/2021\/08\/Datasheet_Gauss-Data-Quality_EN.pdf\" target=\"_blank\" rel=\"noreferrer noopener\"><strong>Lire la suite<\/strong><\/a><\/p>\n\n\n\n<div class=\"wp-block-pdf-viewer-block-standard\" style=\"text-align:left\"><div class=\"uploaded-pdf\"><a href=\"https:\/\/corp-web.gauss.i2-sys.com\/es\/wp-content\/uploads\/sites\/5\/2021\/08\/Datasheet_Gauss-Data-Quality_EN.pdf\" data-width=\"\" data-height=\"\"><\/a><\/div><\/div>\n<\/div><\/div>\n<\/div>\n<\/div>\n<\/div><\/div>\n\n\n\n<div class=\"wp-block-group module-soluciones container mt-big\"><div class=\"wp-block-group__inner-container\">\n<div class=\"wp-block-columns\">\n<div class=\"wp-block-column\">\n<div class=\"wp-block-group\"><div class=\"wp-block-group__inner-container\">\n<figure class=\"wp-block-image size-full\"><img loading=\"lazy\" width=\"34\" height=\"37\" src=\"https:\/\/corp-web.gauss.i2-sys.com\/es\/wp-content\/uploads\/sites\/5\/2021\/08\/icon-fb-solutions-3.png\" alt=\"\" class=\"wp-image-141\" \/><\/figure>\n\n\n\n<h2 class=\"h1\">Dynamic Creatives<\/h2>\n\n\n\n<p>Engagez votre public plus efficacement en affichant sur Facebook le produit le plus appropri\u00e9 aux int\u00e9r\u00eats sp\u00e9cifiques que chaque utilisateur a manifest\u00e9s sur votre site web.<\/p>\n<\/div><\/div>\n<\/div>\n\n\n\n<div class=\"wp-block-column\">\n<div class=\"wp-block-group\"><div class=\"wp-block-group__inner-container\">\n<figure class=\"wp-block-image size-full\"><img loading=\"lazy\" width=\"46\" height=\"37\" src=\"https:\/\/corp-web.gauss.i2-sys.com\/es\/wp-content\/uploads\/sites\/5\/2021\/08\/icon-fb-solutions-4.png\" alt=\"\" class=\"wp-image-142\" \/><\/figure>\n\n\n\n<h2 class=\"h1\">Feed Automation<\/h2>\n\n\n\n<p>Vendez vos produits sur la plateforme Facebook et d\u00e9veloppez votre activit\u00e9 en cr\u00e9ant votre catalogue num\u00e9rique de produits (flux).<\/p>\n<\/div><\/div>\n<\/div>\n<\/div>\n<\/div><\/div>\n\n\n\n<div class=\"wp-block-group module-soluciones container mt-big\"><div class=\"wp-block-group__inner-container\">\n<div class=\"wp-block-columns\">\n<div class=\"wp-block-column thinner\">\n<div class=\"wp-block-group\"><div class=\"wp-block-group__inner-container\">\n<figure class=\"wp-block-image size-full\"><img loading=\"lazy\" width=\"48\" height=\"41\" src=\"https:\/\/corp-web.gauss.i2-sys.com\/es\/wp-content\/uploads\/sites\/5\/2021\/08\/icon-otras-soluciones-1.png\" alt=\"\" class=\"wp-image-156\" \/><\/figure>\n\n\n\n<h2 class=\"has-text-align-left h1\">Data collect<\/h2>\n\n\n\n<p class=\"has-text-align-left\">Recueillez des donn\u00e9es de navigation sur Internet et regroupez-les avec le reste des donn\u00e9es de votre organisation pour acc\u00e9l\u00e9rer le parcours de vos clients \u00e0 travers des actions marketing mieux cibl\u00e9es.<\/p>\n\n\n\n<p class=\"has-text-align-left external-link open-pdf\"><a href=\"https:\/\/corp-web.gauss.i2-sys.com\/es\/wp-content\/uploads\/sites\/5\/2021\/08\/Datasheet_Gauss-Data-Collect_EN.pdf\" target=\"_blank\" rel=\"noreferrer noopener\"><strong>Lire la suite<\/strong><\/a><\/p>\n\n\n\n<div class=\"wp-block-pdf-viewer-block-standard\" style=\"text-align:left\"><div class=\"uploaded-pdf\"><a href=\"https:\/\/corp-web.gauss.i2-sys.com\/es\/wp-content\/uploads\/sites\/5\/2021\/08\/Datasheet_Gauss-Data-Collect_EN.pdf\" data-width=\"\" data-height=\"\"><\/a><\/div><\/div>\n<\/div><\/div>\n<\/div>\n\n\n\n<div class=\"wp-block-column empty\"><\/div>\n<\/div>\n<\/div><\/div>\n\n\n\n<div class=\"wp-block-group bg-custom-grey pt-big pb-big no-space-footer\"><div class=\"wp-block-group__inner-container\">\n<h2 class=\"has-text-align-center mb-70\">Les clients qui nous font confiance<\/h2>\n\n\n\n<div class=\"wp-block-columns container\">\n<div class=\"wp-block-column\">\n<div class=\"wp-block-image\"><figure class=\"aligncenter size-full\"><img loading=\"lazy\" width=\"160\" height=\"72\" src=\"https:\/\/corp-web.gauss.i2-sys.com\/es\/wp-content\/uploads\/sites\/5\/2021\/08\/optica-universitaria.png\" alt=\"\u00d3ptica Universitaria\" class=\"wp-image-73\" \/><\/figure><\/div>\n<\/div>\n\n\n\n<div class=\"wp-block-column\">\n<div class=\"wp-block-image\"><figure class=\"aligncenter size-full\"><img loading=\"lazy\" width=\"160\" height=\"72\" src=\"https:\/\/corp-web.gauss.i2-sys.com\/es\/wp-content\/uploads\/sites\/5\/2021\/08\/drinks-and-co.png\" alt=\"Drinks &amp; co\" class=\"wp-image-103\" \/><\/figure><\/div>\n<\/div>\n\n\n\n<div class=\"wp-block-column\">\n<div class=\"wp-block-image\"><figure class=\"aligncenter size-full\"><img loading=\"lazy\" width=\"160\" height=\"72\" src=\"https:\/\/corp-web.gauss.i2-sys.com\/es\/wp-content\/uploads\/sites\/5\/2021\/08\/okaa.png\" alt=\"okaa\" class=\"wp-image-72\" \/><\/figure><\/div>\n<\/div>\n\n\n\n<div class=\"wp-block-column\">\n<div class=\"wp-block-image\"><figure class=\"aligncenter size-full\"><img loading=\"lazy\" width=\"160\" height=\"72\" src=\"https:\/\/corp-web.gauss.i2-sys.com\/es\/wp-content\/uploads\/sites\/5\/2021\/08\/venca.png\" alt=\"Venca\" class=\"wp-image-75\" \/><\/figure><\/div>\n<\/div>\n<\/div>\n\n\n\n<div class=\"wp-block-columns container\">\n<div class=\"wp-block-column\">\n<div class=\"wp-block-image\"><figure class=\"aligncenter size-full\"><img loading=\"lazy\" width=\"161\" height=\"72\" src=\"https:\/\/corp-web.gauss.i2-sys.com\/es\/wp-content\/uploads\/sites\/5\/2021\/08\/marina-rinaldi.png\" alt=\"Marina Rinaldi\" class=\"wp-image-78\" \/><\/figure><\/div>\n<\/div>\n\n\n\n<div class=\"wp-block-column\">\n<div class=\"wp-block-image\"><figure class=\"aligncenter size-full\"><img loading=\"lazy\" width=\"160\" height=\"72\" src=\"https:\/\/corp-web.gauss.i2-sys.com\/es\/wp-content\/uploads\/sites\/5\/2021\/08\/pull-and-bear.png\" alt=\"Pull &amp; Bear\" class=\"wp-image-74\" \/><\/figure><\/div>\n<\/div>\n\n\n\n<div class=\"wp-block-column\">\n<div class=\"wp-block-image\"><figure class=\"aligncenter size-full\"><img loading=\"lazy\" width=\"160\" height=\"72\" src=\"https:\/\/corp-web.gauss.i2-sys.com\/es\/wp-content\/uploads\/sites\/5\/2021\/08\/mount-legend.png\" alt=\"Mount Legend\" class=\"wp-image-104\" \/><\/figure><\/div>\n<\/div>\n\n\n\n<div class=\"wp-block-column\">\n<div class=\"wp-block-image\"><figure class=\"aligncenter size-full\"><img loading=\"lazy\" width=\"160\" height=\"72\" src=\"https:\/\/corp-web.gauss.i2-sys.com\/es\/wp-content\/uploads\/sites\/5\/2021\/08\/ebay.png\" alt=\"ebay\" class=\"wp-image-77\" \/><\/figure><\/div>\n<\/div>\n<\/div>\n<\/div><\/div>\n","protected":false},"excerpt":{"rendered":"<p>Gauss cr\u00e9e un \u00e9cosyst\u00e8me ax\u00e9 sur les donn\u00e9es Il permet aux entreprises d&#8217;anticiper les changements, d&#8217;am\u00e9liorer leur efficacit\u00e9, de cr\u00e9er de nouvelles exp\u00e9riences pour les clients et de prendre de meilleures d\u00e9cisions plus rapidement. Smart Advertising L&#8217;intelligence artificielle appliqu\u00e9e \u00e0 l&#8217;optimisation des investissements dans Digital Marketing Platforms. Optimisez vos campagnes de publicit\u00e9 num\u00e9rique gr\u00e2ce \u00e0 [&hellip;]<\/p>\n","protected":false},"author":1,"featured_media":0,"parent":0,"menu_order":0,"comment_status":"closed","ping_status":"closed","template":"","meta":[],"_links":{"self":[{"href":"https:\/\/corp-web.gauss.i2-sys.com\/fr\/wp-json\/wp\/v2\/pages\/155"}],"collection":[{"href":"https:\/\/corp-web.gauss.i2-sys.com\/fr\/wp-json\/wp\/v2\/pages"}],"about":[{"href":"https:\/\/corp-web.gauss.i2-sys.com\/fr\/wp-json\/wp\/v2\/types\/page"}],"author":[{"embeddable":true,"href":"https:\/\/corp-web.gauss.i2-sys.com\/fr\/wp-json\/wp\/v2\/users\/1"}],"replies":[{"embeddable":true,"href":"https:\/\/corp-web.gauss.i2-sys.com\/fr\/wp-json\/wp\/v2\/comments?post=155"}],"version-history":[{"count":7,"href":"https:\/\/corp-web.gauss.i2-sys.com\/fr\/wp-json\/wp\/v2\/pages\/155\/revisions"}],"predecessor-version":[{"id":251,"href":"https:\/\/corp-web.gauss.i2-sys.com\/fr\/wp-json\/wp\/v2\/pages\/155\/revisions\/251"}],"wp:attachment":[{"href":"https:\/\/corp-web.gauss.i2-sys.com\/fr\/wp-json\/wp\/v2\/media?parent=155"}],"curies":[{"name":"wp","href":"https:\/\/api.w.org\/{rel}","templated":true}]}}