{"id":9,"date":"2021-07-20T09:30:08","date_gmt":"2021-07-20T09:30:08","guid":{"rendered":"https:\/\/corp-web.gauss.i2-sys.com\/es\/?page_id=9"},"modified":"2021-09-15T14:14:48","modified_gmt":"2021-09-15T14:14:48","slug":"soluciones-google","status":"publish","type":"page","link":"https:\/\/corp-web.gauss.i2-sys.com\/es\/soluciones-google\/","title":{"rendered":"Soluciones Google"},"content":{"rendered":"\n<div class=\"wp-block-group\"><div class=\"wp-block-group__inner-container\">\n<div class=\"wp-block-cover\"><img loading=\"lazy\" width=\"1440\" height=\"512\" class=\"wp-block-cover__image-background wp-image-90\" alt=\"\" src=\"https:\/\/corp-web.gauss.i2-sys.com\/es\/wp-content\/uploads\/sites\/2\/2021\/08\/img-hero-fb-solutions.jpg\" data-object-fit=\"cover\" srcset=\"https:\/\/corp-web.gauss.i2-sys.com\/es\/wp-content\/uploads\/sites\/2\/2021\/08\/img-hero-fb-solutions.jpg 1440w, https:\/\/corp-web.gauss.i2-sys.com\/es\/wp-content\/uploads\/sites\/2\/2021\/08\/img-hero-fb-solutions.jpg 300w, https:\/\/corp-web.gauss.i2-sys.com\/es\/wp-content\/uploads\/sites\/2\/2021\/08\/img-hero-fb-solutions.jpg 1024w, https:\/\/corp-web.gauss.i2-sys.com\/es\/wp-content\/uploads\/sites\/2\/2021\/08\/img-hero-fb-solutions.jpg 768w\" sizes=\"(max-width: 1440px) 100vw, 1440px\" \/><div class=\"wp-block-cover__inner-container\">\n<figure class=\"wp-block-image size-full is-resized container\"><img loading=\"lazy\" src=\"https:\/\/corp-web.gauss.i2-sys.com\/es\/wp-content\/uploads\/sites\/2\/2021\/08\/google_marketing_platform.png\" alt=\"Partner Google\" class=\"wp-image-171\" width=\"180\" height=\"63\" srcset=\"https:\/\/corp-web.gauss.i2-sys.com\/es\/wp-content\/uploads\/sites\/2\/2021\/08\/google_marketing_platform.png 360w, https:\/\/corp-web.gauss.i2-sys.com\/es\/wp-content\/uploads\/sites\/2\/2021\/08\/google_marketing_platform.png 300w\" sizes=\"(max-width: 180px) 100vw, 180px\" \/><\/figure>\n\n\n\n<h1 class=\"has-text-align-left container\">Soluciones tecnol\u00f3gicas que ayudan a alcanzar los objetivos de marketing y ventas<\/h1>\n<\/div><\/div>\n<\/div><\/div>\n\n\n\n<div class=\"wp-block-group float-up\"><div class=\"wp-block-group__inner-container\">\n<div class=\"wp-block-columns\">\n<div class=\"wp-block-column\">\n<figure class=\"wp-block-image size-full\"><img loading=\"lazy\" width=\"678\" height=\"366\" src=\"https:\/\/corp-web.gauss.i2-sys.com\/es\/wp-content\/uploads\/sites\/2\/2021\/08\/gmp.png\" alt=\"Google Marketing Platform\" class=\"wp-image-168\" srcset=\"https:\/\/corp-web.gauss.i2-sys.com\/es\/wp-content\/uploads\/sites\/2\/2021\/08\/gmp.png 678w, https:\/\/corp-web.gauss.i2-sys.com\/es\/wp-content\/uploads\/sites\/2\/2021\/08\/gmp.png 300w\" sizes=\"(max-width: 678px) 100vw, 678px\" \/><\/figure>\n<\/div>\n\n\n\n<div class=\"wp-block-column is-vertically-aligned-center thin\">\n<h2 class=\"h3 mb-30\">Socios de ventas y compa\u00f1\u00eda certificada de Google Marketing Platform <\/h2>\n\n\n\n<p>Tanto si necesitas ayuda con un proyecto como si necesitas una soluci\u00f3n global, tenemos los recursos y la experiencia que necesitas para ayudarte a lograr tus objetivos de marketing y ventas.<\/p>\n<\/div>\n<\/div>\n<\/div><\/div>\n\n\n\n<div class=\"wp-block-group module-soluciones container mt-big\"><div class=\"wp-block-group__inner-container\">\n<div class=\"wp-block-columns\">\n<div class=\"wp-block-column\">\n<div class=\"wp-block-group\"><div class=\"wp-block-group__inner-container\">\n<figure class=\"wp-block-image size-full\"><img loading=\"lazy\" width=\"60\" height=\"36\" src=\"https:\/\/corp-web.gauss.i2-sys.com\/es\/wp-content\/uploads\/sites\/2\/2021\/08\/icon-fb-solutions-1.png\" alt=\"\" class=\"wp-image-139\"\/><\/figure>\n\n\n\n<h2 class=\"h1\">Smart Advertising<\/h2>\n\n\n\n<p>Inteligencia artificial aplicada a la optimizaci\u00f3n de la inversi\u00f3n en Google Ads.<\/p>\n\n\n\n<p>Optimizar las campa\u00f1as de publicidad digital a trav\u00e9s de un conocimiento m\u00e1s profundo del comprador, basado en First Party Data, y machine learning, que enriquece en tiempo real las audiencias a las que priorizas en tus campa\u00f1as de Google.<\/p>\n\n\n\n<p class=\"external-link open-pdf\"><a href=\"https:\/\/corp-web.gauss.i2-sys.com\/es\/wp-content\/uploads\/sites\/2\/2021\/08\/Datasheet_Smart-Advertising_EN.pdf\" target=\"_blank\" rel=\"noreferrer noopener\"><strong>Ver m\u00e1s<\/strong><\/a><\/p>\n\n\n\n<div class=\"wp-block-pdf-viewer-block-standard\" style=\"text-align:left\"><div class=\"uploaded-pdf\"><a href=\"https:\/\/corp-web.gauss.i2-sys.com\/es\/wp-content\/uploads\/sites\/2\/2021\/08\/Datasheet_Smart-Advertising_EN.pdf\" data-width=\"\" data-height=\"\"><\/a><\/div><\/div>\n<\/div><\/div>\n<\/div>\n\n\n\n<div class=\"wp-block-column\">\n<div class=\"wp-block-group\"><div class=\"wp-block-group__inner-container\">\n<figure class=\"wp-block-image size-full\"><img loading=\"lazy\" width=\"37\" height=\"48\" src=\"https:\/\/corp-web.gauss.i2-sys.com\/es\/wp-content\/uploads\/sites\/2\/2021\/08\/icon-fb-solutions-2.png\" alt=\"\" class=\"wp-image-140\"\/><\/figure>\n\n\n\n<h2 class=\"h1\">Offline Conversions<\/h2>\n\n\n\n<p>Mide el impacto que tus anuncios en Google han tenido en la conversi\u00f3n a ventas e impulsa tus campa\u00f1as digitales conectando tu dato offline.<\/p>\n\n\n\n<p class=\"external-link open-pdf\"><a href=\"https:\/\/corp-web.gauss.i2-sys.com\/es\/wp-content\/uploads\/sites\/2\/2021\/08\/Datasheet_Gauss-Offline-Conversions_EN.pdf\" target=\"_blank\" rel=\"noreferrer noopener\"><strong>Ver m\u00e1s<\/strong><\/a><\/p>\n\n\n\n<div class=\"wp-block-pdf-viewer-block-standard\" style=\"text-align:left\"><div class=\"uploaded-pdf\"><a href=\"https:\/\/corp-web.gauss.i2-sys.com\/es\/wp-content\/uploads\/sites\/2\/2021\/08\/Datasheet_Gauss-Offline-Conversions_EN.pdf\" data-width=\"\" data-height=\"\"><\/a><\/div><\/div>\n<\/div><\/div>\n<\/div>\n<\/div>\n\n\n\n<div class=\"wp-block-columns\">\n<div class=\"wp-block-column\">\n<div class=\"wp-block-group\"><div class=\"wp-block-group__inner-container\">\n<figure class=\"wp-block-image size-full\"><img loading=\"lazy\" width=\"44\" height=\"44\" src=\"https:\/\/corp-web.gauss.i2-sys.com\/es\/wp-content\/uploads\/sites\/2\/2021\/08\/icon-gmt-solutions-3.png\" alt=\"\" class=\"wp-image-153\"\/><\/figure>\n\n\n\n<h2 class=\"h1\">Attribution<\/h2>\n\n\n\n<p>Creamos un modelo de atribuci\u00f3n adaptado a tus objetivos de negocio para que tu inversi\u00f3n en publicidad est\u00e9 alineada con las estrategias que han ofrecido mejores resultados en la conversi\u00f3n a ventas.<\/p>\n<\/div><\/div>\n<\/div>\n\n\n\n<div class=\"wp-block-column\">\n<div class=\"wp-block-group\"><div class=\"wp-block-group__inner-container\">\n<figure class=\"wp-block-image size-full\"><img loading=\"lazy\" width=\"51\" height=\"44\" src=\"https:\/\/corp-web.gauss.i2-sys.com\/es\/wp-content\/uploads\/sites\/2\/2021\/08\/icon-gmt-solutions-4.png\" alt=\"\" class=\"wp-image-154\"\/><\/figure>\n\n\n\n<h2 class=\"h1\">Data Quality!<\/h2>\n\n\n\n<p>Recibe alertas en tiempo real de eventos relevantes de tu web, que te ayuden a resolver incidencias minimizando el impacto en tu negocio. Monitoriza en un \u00fanico panel de control, la informaci\u00f3n proveniente de las diferentes herramientas de medici\u00f3n de las plataformas y comp\u00e1rala con nuestra propia herramienta para ver discrepancias.<\/p>\n\n\n\n<p class=\"external-link open-pdf\"><a href=\"https:\/\/corp-web.gauss.i2-sys.com\/es\/wp-content\/uploads\/sites\/2\/2021\/08\/Datasheet_Gauss-Data-Quality_EN.pdf\" target=\"_blank\" rel=\"noreferrer noopener\"><strong>Ver m\u00e1s<\/strong><\/a><\/p>\n\n\n\n<div class=\"wp-block-pdf-viewer-block-standard\" style=\"text-align:left\"><div class=\"uploaded-pdf\"><a href=\"https:\/\/corp-web.gauss.i2-sys.com\/es\/wp-content\/uploads\/sites\/2\/2021\/08\/Datasheet_Gauss-Data-Quality_EN.pdf\" data-width=\"\" data-height=\"\"><\/a><\/div><\/div>\n<\/div><\/div>\n<\/div>\n<\/div>\n<\/div><\/div>\n\n\n\n<div class=\"wp-block-group bg-custom-grey pt-big pb-big no-space-footer\"><div class=\"wp-block-group__inner-container\">\n<h2 class=\"has-text-align-center mb-70\">Contamos con la confianza de nuestros clientes<\/h2>\n\n\n\n<div class=\"wp-block-columns container\">\n<div class=\"wp-block-column\">\n<div class=\"wp-block-image\"><figure class=\"aligncenter size-full\"><img loading=\"lazy\" width=\"160\" height=\"72\" src=\"https:\/\/corp-web.gauss.i2-sys.com\/es\/wp-content\/uploads\/sites\/2\/2021\/08\/optica-universitaria.png\" alt=\"\u00d3ptica Universitaria\" class=\"wp-image-73\"\/><\/figure><\/div>\n<\/div>\n\n\n\n<div class=\"wp-block-column\">\n<div class=\"wp-block-image\"><figure class=\"aligncenter size-full\"><img loading=\"lazy\" width=\"160\" height=\"72\" src=\"https:\/\/corp-web.gauss.i2-sys.com\/es\/wp-content\/uploads\/sites\/2\/2021\/08\/drinks-and-co.png\" alt=\"Drinks &amp; co\" class=\"wp-image-103\"\/><\/figure><\/div>\n<\/div>\n\n\n\n<div class=\"wp-block-column\">\n<div class=\"wp-block-image\"><figure class=\"aligncenter size-full\"><img loading=\"lazy\" width=\"160\" height=\"72\" src=\"https:\/\/corp-web.gauss.i2-sys.com\/es\/wp-content\/uploads\/sites\/2\/2021\/08\/okaa.png\" alt=\"okaa\" class=\"wp-image-72\"\/><\/figure><\/div>\n<\/div>\n\n\n\n<div class=\"wp-block-column\">\n<div class=\"wp-block-image\"><figure class=\"aligncenter size-full\"><img loading=\"lazy\" width=\"160\" height=\"72\" src=\"https:\/\/corp-web.gauss.i2-sys.com\/es\/wp-content\/uploads\/sites\/2\/2021\/08\/venca.png\" alt=\"Venca\" class=\"wp-image-75\"\/><\/figure><\/div>\n<\/div>\n<\/div>\n\n\n\n<div class=\"wp-block-columns container\">\n<div class=\"wp-block-column\">\n<div class=\"wp-block-image\"><figure class=\"aligncenter size-full\"><img loading=\"lazy\" width=\"161\" height=\"72\" src=\"https:\/\/corp-web.gauss.i2-sys.com\/es\/wp-content\/uploads\/sites\/2\/2021\/08\/marina-rinaldi.png\" alt=\"Marina Rinaldi\" class=\"wp-image-78\"\/><\/figure><\/div>\n<\/div>\n\n\n\n<div class=\"wp-block-column\">\n<div class=\"wp-block-image\"><figure class=\"aligncenter size-full\"><img loading=\"lazy\" width=\"160\" height=\"72\" src=\"https:\/\/corp-web.gauss.i2-sys.com\/es\/wp-content\/uploads\/sites\/2\/2021\/08\/pull-and-bear.png\" alt=\"Pull &amp; Bear\" class=\"wp-image-74\"\/><\/figure><\/div>\n<\/div>\n\n\n\n<div class=\"wp-block-column\">\n<div class=\"wp-block-image\"><figure class=\"aligncenter size-full\"><img loading=\"lazy\" width=\"160\" height=\"72\" src=\"https:\/\/corp-web.gauss.i2-sys.com\/es\/wp-content\/uploads\/sites\/2\/2021\/08\/mount-legend.png\" alt=\"Mount Legend\" class=\"wp-image-104\"\/><\/figure><\/div>\n<\/div>\n\n\n\n<div class=\"wp-block-column\">\n<div class=\"wp-block-image\"><figure class=\"aligncenter size-full\"><img loading=\"lazy\" width=\"160\" height=\"72\" src=\"https:\/\/corp-web.gauss.i2-sys.com\/es\/wp-content\/uploads\/sites\/2\/2021\/08\/ebay.png\" alt=\"ebay\" class=\"wp-image-77\"\/><\/figure><\/div>\n<\/div>\n<\/div>\n<\/div><\/div>\n","protected":false},"excerpt":{"rendered":"<p>Socios de ventas y compa\u00f1\u00eda certificada de Google Marketing Platform Tanto si necesitas ayuda con un proyecto como si necesitas una soluci\u00f3n global, tenemos los recursos y la experiencia que necesitas para ayudarte a lograr tus objetivos de marketing y ventas. Smart Advertising Inteligencia artificial aplicada a la optimizaci\u00f3n de la inversi\u00f3n en Google Ads. [&hellip;]<\/p>\n","protected":false},"author":1,"featured_media":0,"parent":0,"menu_order":0,"comment_status":"closed","ping_status":"closed","template":"","meta":[],"_links":{"self":[{"href":"https:\/\/corp-web.gauss.i2-sys.com\/es\/wp-json\/wp\/v2\/pages\/9"}],"collection":[{"href":"https:\/\/corp-web.gauss.i2-sys.com\/es\/wp-json\/wp\/v2\/pages"}],"about":[{"href":"https:\/\/corp-web.gauss.i2-sys.com\/es\/wp-json\/wp\/v2\/types\/page"}],"author":[{"embeddable":true,"href":"https:\/\/corp-web.gauss.i2-sys.com\/es\/wp-json\/wp\/v2\/users\/1"}],"replies":[{"embeddable":true,"href":"https:\/\/corp-web.gauss.i2-sys.com\/es\/wp-json\/wp\/v2\/comments?post=9"}],"version-history":[{"count":0,"href":"https:\/\/corp-web.gauss.i2-sys.com\/es\/wp-json\/wp\/v2\/pages\/9\/revisions"}],"wp:attachment":[{"href":"https:\/\/corp-web.gauss.i2-sys.com\/es\/wp-json\/wp\/v2\/media?parent=9"}],"curies":[{"name":"wp","href":"https:\/\/api.w.org\/{rel}","templated":true}]}}