{"id":20,"date":"2021-07-20T11:33:08","date_gmt":"2021-07-20T11:33:08","guid":{"rendered":"https:\/\/corp-web.gauss.i2-sys.com\/es\/?page_id=20"},"modified":"2021-07-25T15:22:24","modified_gmt":"2021-07-25T15:22:24","slug":"politica-de-cookies","status":"publish","type":"page","link":"https:\/\/corp-web.gauss.i2-sys.com\/es\/politica-de-cookies\/","title":{"rendered":"Pol\u00edtica de cookies"},"content":{"rendered":"\n<div class=\"wp-block-group module-hero small\"><div class=\"wp-block-group__inner-container\">\n<div class=\"wp-block-cover\"><img loading=\"lazy\" width=\"1920\" height=\"853\" class=\"wp-block-cover__image-background wp-image-35\" alt=\"\" src=\"https:\/\/corp-web.gauss.i2-sys.com\/es\/wp-content\/uploads\/sites\/2\/2021\/07\/hero_ai_bg.jpg\" data-object-fit=\"cover\" srcset=\"https:\/\/corp-web.gauss.i2-sys.com\/es\/wp-content\/uploads\/sites\/2\/2021\/07\/hero_ai_bg.jpg 1920w, https:\/\/corp-web.gauss.i2-sys.com\/es\/wp-content\/uploads\/sites\/2\/2021\/07\/hero_ai_bg.jpg 300w, https:\/\/corp-web.gauss.i2-sys.com\/es\/wp-content\/uploads\/sites\/2\/2021\/07\/hero_ai_bg.jpg 1024w, https:\/\/corp-web.gauss.i2-sys.com\/es\/wp-content\/uploads\/sites\/2\/2021\/07\/hero_ai_bg.jpg 768w, https:\/\/corp-web.gauss.i2-sys.com\/es\/wp-content\/uploads\/sites\/2\/2021\/07\/hero_ai_bg.jpg 1536w\" sizes=\"(max-width: 1920px) 100vw, 1920px\" \/><div class=\"wp-block-cover__inner-container\">\n<h1 class=\"has-text-align-center\">Pol\u00edtica de cookies<\/h1>\n<\/div><\/div>\n<\/div><\/div>\n\n\n\n<div class=\"wp-block-group container legal-text\"><div class=\"wp-block-group__inner-container\"><div class=\"wp-block-group__inner-container\">\n<p>MAKING SCIENCE GROUP S.A. (en adelante, el \u201c<strong>TITULAR<\/strong>\u201d) informa, a trav\u00e9s de la presente Pol\u00edtica de Cookies, acerca de la utilizaci\u00f3n de dispositivos de almacenamiento y recuperaci\u00f3n de datos en equipos terminales de los Usuarios.<\/p>\n\n\n\n<h2 class=\"h3\">1. \u00bfQu\u00e9 son las cookies?<\/h2>\n\n\n\n<p>Las cookies son archivos o ficheros que se descargan en el ordenador\/smartphone\/tablet del Usuario al acceder a determinadas p\u00e1ginas web y aplicaciones que permiten almacenar preferencias de la navegaci\u00f3n del Usuario, haciendo que la interacci\u00f3n entre el Usuario y el Sitio Web sea m\u00e1s r\u00e1pida y f\u00e1cil.<\/p>\n\n\n\n<p>La informaci\u00f3n recogida por las cookies es an\u00f3nima y no contiene ninguna informaci\u00f3n sensible ya que no recogen datos que puedan identificar personalmente al Usuario. En cualquier caso, el Usuario podr\u00e1 acceder a la configuraci\u00f3n de su navegador para modificar y\/o bloquear la instalaci\u00f3n de las Cookies enviadas desde el Sitio Web, sin que ello impida al acceso a los contenidos.<\/p>\n\n\n\n<h2 class=\"h3\">2. \u00bfPara qu\u00e9 utiliza el TITULAR las cookies?<\/h2>\n\n\n\n<p>De conformidad con la normativa de protecci\u00f3n de datos, el presente Sitio Web utiliza cookies u otros dispositivos de almacenamiento y recuperaci\u00f3n de informaci\u00f3n para realizar un seguimiento de las interacciones de los Usuarios con los servicios ofrecidos en el Sitio Web.<\/p>\n\n\n\n<p>Las&nbsp;cookies&nbsp;permiten reconocer el navegador de un Usuario, as\u00ed como el tipo de dispositivo desde el que se accede al Sitio Web, y se utilizan para facilitar la pr\u00f3xima visita del Usuario y hacer que el Sitio Web resulte m\u00e1s \u00fatil.<\/p>\n\n\n\n<p>El TITULAR utiliza las cookies para:<\/p>\n\n\n\n<ol><li>Optimizar la navegaci\u00f3n del Usuario mediante el seguimiento de la sesi\u00f3n.<\/li><li>Recopilar informaci\u00f3n para optimizar la navegaci\u00f3n y mejorar el Sitio Web.<\/li><\/ol>\n\n\n\n<p><strong>Obligatorias<\/strong>: Cookies estrictamente necesarias para prestar un servicio o contenido solicitado por el usuario. \u00c9stas se encargan de aspectos t\u00e9cnicos como identificar registros y gestionar preferencias de herramientas en el uso, interacci\u00f3n y localizaci\u00f3n del acceso a los contenidos.<\/p>\n\n\n\n<p><strong>Estad\u00edsticas\/anal\u00edticas<\/strong>: Estas cookies recogen informaci\u00f3n relativa al uso de la p\u00e1gina como la permanencia en p\u00e1gina y los contenidos visitados por los lectores para medir su rendimiento y mejorar la navegaci\u00f3n.<\/p>\n\n\n\n<p>Los objetivos principales que se persiguen con este tipo de cookies son:<\/p>\n\n\n\n<ul><li>Permitir la identificaci\u00f3n an\u00f3nima de los Usuarios navegantes y por lo tanto la contabilizaci\u00f3n aproximada del n\u00famero de visitantes.<\/li><li>Identificar de forma an\u00f3nima los contenidos m\u00e1s visitados.<\/li><li>Saber si el Usuario que est\u00e1 accediendo es nuevo o repite visita.<\/li><\/ul>\n\n\n\n<p>A continuaci\u00f3n, se detallan las cookies anal\u00edticas que se utilizan en el Sitio Web:<\/p>\n\n\n\n<figure class=\"wp-block-table\"><table><tbody><tr><th>Nombre<\/th><th>Finalidad<\/th><th>Caducidad<\/th><th>proveedor<\/th><\/tr><tr><td>_ga<\/td><td>Distinguir usuarios.<\/td><td>2 a\u00f1os<\/td><td>Google<\/td><\/tr><tr><td>_gid<\/td><td>Distinguir usuarios.<\/td><td>24 horas<\/td><td>Google<\/td><\/tr><tr><td>_gat<\/td><td>Regular la tasa de solicitud.<\/td><td>1 minuto<\/td><td>Google<\/td><\/tr><\/tbody><\/table><\/figure>\n\n\n\n<p><strong>Personalizaci\u00f3n de Publicidad<\/strong>: Estas cookies obtienen informaci\u00f3n de la navegaci\u00f3n del usuario para gestionar espacios publicitarios y ofrecer un contenido m\u00e1s relevante y de calidad para \u00e9l a partir de sus gustos.<\/p>\n\n\n\n<p>A continuaci\u00f3n, se detallan las cookies anal\u00edticas que se utilizan en el Sitio Web:<\/p>\n\n\n\n<figure class=\"wp-block-table\"><table><tbody><tr><th>Nombre<\/th><th>Finalidad<\/th><th>Caducidad<\/th><th>proveedor<\/th><\/tr><tr><th>_gac<\/th><td>Contiene informaci\u00f3n relacionada con la campa\u00f1a para el usuario. Si ha vinculado sus cuentas de Google Analytics y Google Ads, las etiquetas de conversi\u00f3n del sitio web de Google Ads leer\u00e1n esta cookie a menos que opte por no participar.<\/td><td>1 minuto<\/td><td>Google Analytics<\/td><\/tr><tr><td>DSID, IDE<\/td><td>Suelen utilizarse para orientar la publicidad seg\u00fan el contenido que es relevante para un usuario, mejorar los informes de rendimiento de la campa\u00f1a y evitar mostrar anuncios que el usuario ya haya visto.<\/td><td>24 horas<\/td><td>Google Analytics<\/td><\/tr><tr><td>SSID, HSID, SAPISID, APISID<\/td><td>Mide el rendimiento de los anuncios y proporciona recomendaciones.<\/td><td>2 a\u00f1os<\/td><td>Google<\/td><\/tr><tr><td>1P_JAR<\/td><td>Google utiliza esta cookie para personalizar los anuncios seg\u00fan tus intereses.<\/td><td>1 mes<\/td><td>Google<\/td><\/tr><tr><td>CONSENT<\/td><td>Mejora la publicidad, suele utilizarse para orientarse al usuario.<\/td><td>Persistente<\/td><td>Google<\/td><\/tr><tr><td>ANID<\/td><td>Mide el rendimiento de los anuncios y proporciona recomendaciones.<\/td><td>Persistente<\/td><td>Google<\/td><\/tr><tr><td>SIDCC<\/td><td>Utilizada por Google para proveer servicios y extraer informaci\u00f3n an\u00f3nima sobre la navegaci\u00f3n.<\/td><td>12 meses<\/td><td>Google<\/td><\/tr><tr><td>__Secure-3PSIDCCE<\/td><td>Utilizada para entregar anuncios m\u00e1s relevantes para usted y sus intereses.<\/td><td>12 meses<\/td><td>Google<\/td><\/tr><tr><td>_gcl_au<\/td><td>Utilizada por Google AdSense para experimentar con la eficiencia publicitaria a trav\u00e9s de las webs usando sus servicios.<\/td><td>3 meses<\/td><td>Google<\/td><\/tr><\/tbody><\/table><\/figure>\n\n\n\n<h2 class=\"h3\">3.- \u00bfC\u00f3mo deshabilitar las cookies?<\/h2>\n\n\n\n<p>Aquellas cookies que no sean obligatorias para la navegaci\u00f3n del presente Sitio Web podr\u00e1n deshabilitarse en el apartado \u201cConfiguraci\u00f3n de las Cookies\u201d.<\/p>\n\n\n\n<p>Estos ajustes se encuentran en el pie de p\u00e1gina del Sitio Web. Adem\u00e1s, todos los navegadores permiten hacer cambios para desactivar la configuraci\u00f3n de las cookies.<\/p>\n\n\n\n<p>Este es el motivo por el que la mayor\u00eda de navegadores ofrecen la posibilidad de administrar las cookies, para obtener un control m\u00e1s preciso sobre la privacidad.<\/p>\n\n\n\n<p>Estos ajustes se encuentran ubicados en las \u00abopciones\u00bb o \u00abpreferencias\u00bb del men\u00fa de su navegador.<\/p>\n\n\n\n<p>A continuaci\u00f3n, podr\u00e1 encontrar los links de cada navegador para deshabilitar las cookies siguiendo las instrucciones:<\/p>\n\n\n\n<ul class=\"content-link\"><li><strong>Internet Explorer<\/strong>&nbsp;(<a href=\"https:\/\/goo.gl\/iU2wh2\" target=\"_blank\" rel=\"noreferrer noopener\">https:\/\/goo.gl\/iU2wh2<\/a>)<ul><li>En el men\u00fa de herramientas, selecciones \u201cOpciones de Internet\u201d.<\/li><li>Haga clic en la pesta\u00f1a de privacidad.<\/li><li>Podr\u00e1 configurar la privacidad con un cursor con seis posiciones que le permite controlar la cantidad de cookies que se instalar\u00e1n: Bloquear todas las cookies, Alta, Media Alto, Media (nivel por defecto), Baja y Aceptar todas las cookies.<\/li><\/ul><\/li><li><strong>Mozilla Firefox<\/strong>&nbsp;(<a href=\"https:\/\/goo.gl\/QXWYmv\" target=\"_blank\" rel=\"noreferrer noopener\">https:\/\/goo.gl\/QXWYmv<\/a>)<ul><li>En la parte superior de la venta de Firefox hacer clic en el men\u00fa Herramientas.<\/li><li>Seleccionar Opciones.<\/li><li>Seleccionar el panel Privacidad.<\/li><li>En la opci\u00f3n Firefox podr\u00e1 elegir Usar una configuraci\u00f3n personalizada de su historial, as\u00ed como otras cuestiones relacionadas con su Privacidad.<\/li><\/ul><\/li><li><strong>Google Chrome<\/strong>&nbsp;(<a href=\"https:\/\/goo.gl\/fQnkSB\" target=\"_blank\" rel=\"noreferrer noopener\">https:\/\/goo.gl\/fQnkSB<\/a>)<ul><li>Hacer clic en el men\u00fa situado en la barra de herramientas.<\/li><li>Seleccionar Configuraci\u00f3n.<\/li><li>Hacer clic en Mostar opciones avanzadas.<\/li><li>En la selecci\u00f3n \u201cPrivacidad\u201d hacer clic en el bot\u00f3n Configuraci\u00f3n de contenido.<\/li><li>En la selecci\u00f3n de Cookies, se pueden configurar las opciones.<\/li><\/ul><\/li><li><strong>Safari&nbsp;<\/strong>(<a href=\"https:\/\/goo.gl\/PCjEm3\" target=\"_blank\" rel=\"noreferrer noopener\">https:\/\/goo.gl\/PCjEm3<\/a>,&nbsp;<a href=\"https:\/\/goo.gl\/dQywEo\" target=\"_blank\" rel=\"noreferrer noopener\">https:\/\/goo.gl\/dQywEo<\/a>)<ul><li>En el men\u00fa de configuraci\u00f3n seleccione la opci\u00f3n de \u201cPreferencias\u201d.<\/li><li>Abra la pesta\u00f1a de privacidad.<\/li><li>Seleccione la opci\u00f3n que quiera de la secci\u00f3n de \u201cbloquear cookies\u201d.<\/li><li>Recuerde que ciertas funciones y la plena funcionalidad del Sitio Web pueden no estar disponibles despu\u00e9s de deshabilitar las cookies.<\/li><\/ul><\/li><\/ul>\n\n\n\n<p class=\"content-link\">Si no desea ser rastreado por las cookies, Google ha desarrollado un complemento para instalar en su navegador al que puede acceder en el siguiente enlace:&nbsp;<a href=\"https:\/\/goo.gl\/up4ND\" target=\"_blank\" rel=\"noreferrer noopener\">https:\/\/goo.gl\/up4ND<\/a>.<\/p>\n\n\n\n<h2 class=\"h3\">4. Cookies en los dispositivos m\u00f3viles<\/h2>\n\n\n\n<p>El titular del Sitio Web tambi\u00e9n usa cookies u otros dispositivos de almacenamiento en dispositivos m\u00f3viles.<\/p>\n\n\n\n<p>Aquellas cookies que no sean obligatorias para la navegaci\u00f3n del presente Sitio Web podr\u00e1n deshabilitarse en el apartado \u201cConfiguraci\u00f3n de las Cookies\u201d.<\/p>\n\n\n\n<p>Estos ajustes se encuentran en el pie de p\u00e1gina del Sitio Web. Adem\u00e1s, al igual que sucede en los navegadores de ordenadores, lo navegadores de los dispositivos m\u00f3viles permiten realizar cambios en las opciones o ajustes de privacidad para desactivar o eliminar las cookies.<\/p>\n\n\n\n<p>Si desea modificar las opciones de privacidad siga las instrucciones especificadas por el desarrollador de su navegador para dispositivo m\u00f3vil.<\/p>\n\n\n\n<p>A continuaci\u00f3n, podr\u00e1 encontrar algunos ejemplos de los links que le guiar\u00e1n para modificar las opciones de privacidad en su dispositivo m\u00f3vil:<\/p>\n\n\n\n<ul class=\"content-link\"><li><strong>IOS<\/strong>: (<a href=\"https:\/\/goo.gl\/61xevS\" target=\"_blank\" rel=\"noreferrer noopener\">https:\/\/goo.gl\/61xevS<\/a>)<\/li><li><strong>Windows Phone<\/strong>: (<a href=\"https:\/\/goo.gl\/tKyb0y\" target=\"_blank\" rel=\"noreferrer noopener\">https:\/\/goo.gl\/tKyb0y<\/a>)<\/li><li><strong>Chrome Mobile<\/strong>: (<a href=\"https:\/\/goo.gl\/XJp7N\" target=\"_blank\" rel=\"noreferrer noopener\">https:\/\/goo.gl\/XJp7N<\/a>)<\/li><li><strong>Opera Mobile<\/strong>: (<a href=\"https:\/\/goo.gl\/Nzr8s7\" target=\"_blank\" rel=\"noreferrer noopener\">https:\/\/goo.gl\/Nzr8s7<\/a>)<\/li><\/ul>\n\n\n\n<h2 class=\"h3\">5. Aceptaci\u00f3n de cookies<\/h2>\n\n\n\n<p>El presente sitio web no instala nuestras cookies en los dispositivos de los Usuarios hasta que estos hayan aceptado la instalaci\u00f3n de las mismas.<\/p>\n\n\n\n<p>Le informamos que en el caso de no aceptar la instalaci\u00f3n de cookies o de deshabilitar alguna de estas en la configuraci\u00f3n, es posible que ciertos servicios no est\u00e9n disponibles sin la utilizaci\u00f3n de estas o que no pueda acceder a determinados servicios ni tampoco aprovechar por completo todo lo que este Sitio Web le ofrece.<\/p>\n<\/div><\/div><\/div>\n","protected":false},"excerpt":{"rendered":"<p>MAKING SCIENCE GROUP S.A. (en adelante, el \u201cTITULAR\u201d) informa, a trav\u00e9s de la presente Pol\u00edtica de Cookies, acerca de la utilizaci\u00f3n de dispositivos de almacenamiento y recuperaci\u00f3n de datos en equipos terminales de los Usuarios. 1. \u00bfQu\u00e9 son las cookies? Las cookies son archivos o ficheros que se descargan en el ordenador\/smartphone\/tablet del Usuario al [&hellip;]<\/p>\n","protected":false},"author":1,"featured_media":0,"parent":0,"menu_order":0,"comment_status":"closed","ping_status":"closed","template":"","meta":[],"_links":{"self":[{"href":"https:\/\/corp-web.gauss.i2-sys.com\/es\/wp-json\/wp\/v2\/pages\/20"}],"collection":[{"href":"https:\/\/corp-web.gauss.i2-sys.com\/es\/wp-json\/wp\/v2\/pages"}],"about":[{"href":"https:\/\/corp-web.gauss.i2-sys.com\/es\/wp-json\/wp\/v2\/types\/page"}],"author":[{"embeddable":true,"href":"https:\/\/corp-web.gauss.i2-sys.com\/es\/wp-json\/wp\/v2\/users\/1"}],"replies":[{"embeddable":true,"href":"https:\/\/corp-web.gauss.i2-sys.com\/es\/wp-json\/wp\/v2\/comments?post=20"}],"version-history":[{"count":1,"href":"https:\/\/corp-web.gauss.i2-sys.com\/es\/wp-json\/wp\/v2\/pages\/20\/revisions"}],"predecessor-version":[{"id":38,"href":"https:\/\/corp-web.gauss.i2-sys.com\/es\/wp-json\/wp\/v2\/pages\/20\/revisions\/38"}],"wp:attachment":[{"href":"https:\/\/corp-web.gauss.i2-sys.com\/es\/wp-json\/wp\/v2\/media?parent=20"}],"curies":[{"name":"wp","href":"https:\/\/api.w.org\/{rel}","templated":true}]}}