{"id":2,"date":"2021-07-20T07:57:32","date_gmt":"2021-07-20T07:57:32","guid":{"rendered":"https:\/\/corp-web.gauss.i2-sys.com\/es\/?page_id=2"},"modified":"2021-09-13T11:55:31","modified_gmt":"2021-09-13T11:55:31","slug":"home","status":"publish","type":"page","link":"https:\/\/corp-web.gauss.i2-sys.com\/es\/","title":{"rendered":"Home"},"content":{"rendered":"\n<div class=\"wp-block-group alignwide module-hero hero-home\"><div class=\"wp-block-group__inner-container\">\n<div class=\"wp-block-columns container\">\n<div class=\"wp-block-column is-vertically-aligned-center col-md-8\">\n<h1 class=\"mb-30\">Las empresas triunfan seg\u00fan la velocidad y la calidad de sus decisiones<\/h1>\n\n\n\n<p class=\"xl\">Gauss es una plataforma que ofrece una suite de soluciones tecnol\u00f3gicas basadas en su hub de datos de marketing para la toma de decisi\u00f3n en procesos clave de la estrategia de marketing digital.<\/p>\n<\/div>\n<\/div>\n<\/div><\/div>\n\n\n\n<div class=\"wp-block-group\"><div class=\"wp-block-group__inner-container\">\n<div class=\"wp-block-columns alignwide\">\n<div class=\"wp-block-column\" style=\"flex-basis:50%\">\n<figure class=\"wp-block-image\"><img loading=\"lazy\" width=\"672\" height=\"440\" src=\"https:\/\/corp-web.gauss.i2-sys.com\/es\/wp-content\/uploads\/sites\/2\/2021\/08\/img-IA.png\" alt=\"L\u00edder en datos e IA\" class=\"wp-image-59\" srcset=\"https:\/\/corp-web.gauss.i2-sys.com\/es\/wp-content\/uploads\/sites\/2\/2021\/08\/img-IA.png 672w, https:\/\/corp-web.gauss.i2-sys.com\/es\/wp-content\/uploads\/sites\/2\/2021\/08\/img-IA.png 300w\" sizes=\"(max-width: 672px) 100vw, 672px\" \/><\/figure>\n<\/div>\n\n\n\n<div class=\"wp-block-column is-vertically-aligned-center thinner\" style=\"flex-basis:50%\">\n<h2>L\u00edder en datos e IA<\/h2>\n\n\n\n<p>La informaci\u00f3n es comprensi\u00f3n y esto es la inteligencia artificial, hacer comprensible lo incomprensible, ayudando a entender qu\u00e9 significa el dato desde una dimensi\u00f3n mayor.<\/p>\n\n\n\n<p class=\"external-link\"><strong><a href=\"https:\/\/corp-web.gauss.i2-sys.com\/es\/soluciones-facebook\/\">Ver m\u00e1s<\/a><\/strong><\/p>\n<\/div>\n<\/div>\n<\/div><\/div>\n\n\n\n<div class=\"wp-block-group\"><div class=\"wp-block-group__inner-container\">\n<div class=\"wp-block-columns alignwide\">\n<div class=\"wp-block-column is-vertically-aligned-center thinner\" style=\"flex-basis:50%\">\n<h2>Modernizaci\u00f3n de datos<\/h2>\n\n\n\n<p>Hacer que tus datos sean m\u00e1s accesibles en tiempo real y cumplan con los est\u00e1ndares de calidad y fiabilidad, te permite ser una organizaci\u00f3n impulsada por el dato.<\/p>\n\n\n\n<p class=\"external-link\"><a href=\"https:\/\/corp-web.gauss.i2-sys.com\/es\/soluciones-google\/\"><strong>Ver m\u00e1s<\/strong><\/a><\/p>\n<\/div>\n\n\n\n<div class=\"wp-block-column\" style=\"flex-basis:50%\">\n<figure class=\"wp-block-image\"><img loading=\"lazy\" width=\"1024\" height=\"813\" src=\"https:\/\/corp-web.gauss.i2-sys.com\/es\/wp-content\/uploads\/sites\/2\/2021\/07\/hero_dashboard-1024x813.png\" alt=\"Modernizaci\u00f3n de datos\" class=\"wp-image-7\" srcset=\"https:\/\/corp-web.gauss.i2-sys.com\/es\/wp-content\/uploads\/sites\/2\/2021\/07\/hero_dashboard-1024x813.png 1024w, https:\/\/corp-web.gauss.i2-sys.com\/es\/wp-content\/uploads\/sites\/2\/2021\/07\/hero_dashboard-1024x813.png 300w, https:\/\/corp-web.gauss.i2-sys.com\/es\/wp-content\/uploads\/sites\/2\/2021\/07\/hero_dashboard-1024x813.png 768w, https:\/\/corp-web.gauss.i2-sys.com\/es\/wp-content\/uploads\/sites\/2\/2021\/07\/hero_dashboard-1024x813.png 1196w\" sizes=\"(max-width: 1024px) 100vw, 1024px\" \/><\/figure>\n<\/div>\n<\/div>\n<\/div><\/div>\n\n\n\n<div class=\"wp-block-group\"><div class=\"wp-block-group__inner-container\">\n<div class=\"wp-block-columns\">\n<div class=\"wp-block-column\">\n<figure class=\"wp-block-image size-full\"><img loading=\"lazy\" width=\"672\" height=\"419\" src=\"https:\/\/corp-web.gauss.i2-sys.com\/es\/wp-content\/uploads\/sites\/2\/2021\/08\/img-normativa-seguridad-privacidad.png\" alt=\"Privacidad y seguridad de los datos\" class=\"wp-image-62\" srcset=\"https:\/\/corp-web.gauss.i2-sys.com\/es\/wp-content\/uploads\/sites\/2\/2021\/08\/img-normativa-seguridad-privacidad.png 672w, https:\/\/corp-web.gauss.i2-sys.com\/es\/wp-content\/uploads\/sites\/2\/2021\/08\/img-normativa-seguridad-privacidad.png 300w\" sizes=\"(max-width: 672px) 100vw, 672px\" \/><\/figure>\n<\/div>\n\n\n\n<div class=\"wp-block-column is-vertically-aligned-center thinner\">\n<h2>Conforme con la normativa de seguridad y privacidad de los datos<\/h2>\n\n\n\n<p>El actual entorno cookieless te obliga a alejarte de un ecosistema digital en el que aprovechas los datos de los usuarios recopilados por fuentes externas para avanzar hacia uno en el que debes depender de tus propios datos de usuario (First Party Data).<\/p>\n\n\n\n<p class=\"external-link\"><strong><a href=\"https:\/\/corp-web.gauss.i2-sys.com\/es\/otras-soluciones\/\">Ver m\u00e1s<\/a><\/strong><\/p>\n<\/div>\n<\/div>\n<\/div><\/div>\n\n\n\n<div class=\"wp-block-group\"><div class=\"wp-block-group__inner-container\">\n<div class=\"wp-block-cover\"><img loading=\"lazy\" width=\"1341\" height=\"633\" class=\"wp-block-cover__image-background wp-image-64\" alt=\"\" src=\"https:\/\/corp-web.gauss.i2-sys.com\/es\/wp-content\/uploads\/sites\/2\/2021\/08\/img-partners-tecnologicos.png\" data-object-fit=\"cover\" srcset=\"https:\/\/corp-web.gauss.i2-sys.com\/es\/wp-content\/uploads\/sites\/2\/2021\/08\/img-partners-tecnologicos.png 1341w, https:\/\/corp-web.gauss.i2-sys.com\/es\/wp-content\/uploads\/sites\/2\/2021\/08\/img-partners-tecnologicos.png 300w, https:\/\/corp-web.gauss.i2-sys.com\/es\/wp-content\/uploads\/sites\/2\/2021\/08\/img-partners-tecnologicos.png 1024w, https:\/\/corp-web.gauss.i2-sys.com\/es\/wp-content\/uploads\/sites\/2\/2021\/08\/img-partners-tecnologicos.png 768w\" sizes=\"(max-width: 1341px) 100vw, 1341px\" \/><div class=\"wp-block-cover__inner-container\">\n<div class=\"wp-block-group col-md-6 mx-auto\"><div class=\"wp-block-group__inner-container\">\n<h2 class=\"has-text-align-center heading-color has-text-color mb-30\">Gauss y sus partners tecnol\u00f3gicos<\/h2>\n\n\n\n<p class=\"has-text-align-left normal-color has-text-color mb-30\">Nuestros socios son l\u00edderes mundiales en tecnolog\u00eda digital. Con independencia de la magnitud de tus objetivos, conseguiremos resultados. Juntos, hacemos que tu negocio avance con mayor rapidez y eficiencia.<\/p>\n\n\n\n<div class=\"wp-block-columns\">\n<div class=\"wp-block-column\">\n<div class=\"wp-block-image\"><figure class=\"aligncenter size-full\"><a href=\"https:\/\/corp-web.gauss.i2-sys.com\/es\/soluciones-google\/\"><img loading=\"lazy\" width=\"58\" height=\"60\" src=\"https:\/\/corp-web.gauss.i2-sys.com\/es\/wp-content\/uploads\/sites\/2\/2021\/08\/google.png\" alt=\"Soluciones Google\" class=\"wp-image-84\"\/><\/a><\/figure><\/div>\n\n\n\n<p class=\"has-text-align-center external-link\"><a href=\"https:\/\/corp-web.gauss.i2-sys.com\/es\/soluciones-google\/\">Soluciones Google<\/a><\/p>\n<\/div>\n\n\n\n<div class=\"wp-block-column\">\n<div class=\"wp-block-image\"><figure class=\"aligncenter size-full\"><a href=\"https:\/\/corp-web.gauss.i2-sys.com\/es\/soluciones-facebook\/\"><img loading=\"lazy\" width=\"65\" height=\"64\" src=\"https:\/\/corp-web.gauss.i2-sys.com\/es\/wp-content\/uploads\/sites\/2\/2021\/08\/facebook.png\" alt=\"Soluciones Facebook\" class=\"wp-image-83\"\/><\/a><\/figure><\/div>\n\n\n\n<p class=\"has-text-align-center external-link\"><a href=\"https:\/\/corp-web.gauss.i2-sys.com\/es\/soluciones-facebook\/\">Soluciones Facebook<\/a><\/p>\n<\/div>\n<\/div>\n<\/div><\/div>\n<\/div><\/div>\n<\/div><\/div>\n\n\n\n<div class=\"wp-block-group bg-custom-grey pt-big pb-big no-space-footer\"><div class=\"wp-block-group__inner-container\">\n<h2 class=\"has-text-align-center mb-70\">Contamos con la confianza de nuestros clientes<\/h2>\n\n\n\n<div class=\"wp-block-columns container\">\n<div class=\"wp-block-column\">\n<div class=\"wp-block-image\"><figure class=\"aligncenter size-full\"><img loading=\"lazy\" width=\"160\" height=\"72\" src=\"https:\/\/corp-web.gauss.i2-sys.com\/es\/wp-content\/uploads\/sites\/2\/2021\/08\/optica-universitaria.png\" alt=\"\u00d3ptica Universitaria\" class=\"wp-image-73\"\/><\/figure><\/div>\n<\/div>\n\n\n\n<div class=\"wp-block-column\">\n<div class=\"wp-block-image\"><figure class=\"aligncenter size-full\"><img loading=\"lazy\" width=\"160\" height=\"72\" src=\"https:\/\/corp-web.gauss.i2-sys.com\/es\/wp-content\/uploads\/sites\/2\/2021\/08\/drinks-and-co.png\" alt=\"Drinks &amp; co\" class=\"wp-image-103\"\/><\/figure><\/div>\n<\/div>\n\n\n\n<div class=\"wp-block-column\">\n<div class=\"wp-block-image\"><figure class=\"aligncenter size-full\"><img loading=\"lazy\" width=\"160\" height=\"72\" src=\"https:\/\/corp-web.gauss.i2-sys.com\/es\/wp-content\/uploads\/sites\/2\/2021\/08\/okaa.png\" alt=\"okaa\" class=\"wp-image-72\"\/><\/figure><\/div>\n<\/div>\n\n\n\n<div class=\"wp-block-column\">\n<div class=\"wp-block-image\"><figure class=\"aligncenter size-full\"><img loading=\"lazy\" width=\"160\" height=\"72\" src=\"https:\/\/corp-web.gauss.i2-sys.com\/es\/wp-content\/uploads\/sites\/2\/2021\/08\/venca.png\" alt=\"Venca\" class=\"wp-image-75\"\/><\/figure><\/div>\n<\/div>\n<\/div>\n\n\n\n<div class=\"wp-block-columns container\">\n<div class=\"wp-block-column\">\n<div class=\"wp-block-image\"><figure class=\"aligncenter size-full\"><img loading=\"lazy\" width=\"161\" height=\"72\" src=\"https:\/\/corp-web.gauss.i2-sys.com\/es\/wp-content\/uploads\/sites\/2\/2021\/08\/marina-rinaldi.png\" alt=\"Marina Rinaldi\" class=\"wp-image-78\"\/><\/figure><\/div>\n<\/div>\n\n\n\n<div class=\"wp-block-column\">\n<div class=\"wp-block-image\"><figure class=\"aligncenter size-full\"><img loading=\"lazy\" width=\"160\" height=\"72\" src=\"https:\/\/corp-web.gauss.i2-sys.com\/es\/wp-content\/uploads\/sites\/2\/2021\/08\/pull-and-bear.png\" alt=\"Pull &amp; Bear\" class=\"wp-image-74\"\/><\/figure><\/div>\n<\/div>\n\n\n\n<div class=\"wp-block-column\">\n<div class=\"wp-block-image\"><figure class=\"aligncenter size-full\"><img loading=\"lazy\" width=\"160\" height=\"72\" src=\"https:\/\/corp-web.gauss.i2-sys.com\/es\/wp-content\/uploads\/sites\/2\/2021\/08\/mount-legend.png\" alt=\"Mount Legend\" class=\"wp-image-104\"\/><\/figure><\/div>\n<\/div>\n\n\n\n<div class=\"wp-block-column\">\n<div class=\"wp-block-image\"><figure class=\"aligncenter size-full\"><img loading=\"lazy\" width=\"160\" height=\"72\" src=\"https:\/\/corp-web.gauss.i2-sys.com\/es\/wp-content\/uploads\/sites\/2\/2021\/08\/ebay.png\" alt=\"ebay\" class=\"wp-image-77\"\/><\/figure><\/div>\n<\/div>\n<\/div>\n<\/div><\/div>\n","protected":false},"excerpt":{"rendered":"<p>Las empresas triunfan seg\u00fan la velocidad y la calidad de sus decisiones Gauss es una plataforma que ofrece una suite de soluciones tecnol\u00f3gicas basadas en su hub de datos de marketing para la toma de decisi\u00f3n en procesos clave de la estrategia de marketing digital. L\u00edder en datos e IA La informaci\u00f3n es comprensi\u00f3n y [&hellip;]<\/p>\n","protected":false},"author":1,"featured_media":0,"parent":0,"menu_order":0,"comment_status":"closed","ping_status":"open","template":"","meta":[],"_links":{"self":[{"href":"https:\/\/corp-web.gauss.i2-sys.com\/es\/wp-json\/wp\/v2\/pages\/2"}],"collection":[{"href":"https:\/\/corp-web.gauss.i2-sys.com\/es\/wp-json\/wp\/v2\/pages"}],"about":[{"href":"https:\/\/corp-web.gauss.i2-sys.com\/es\/wp-json\/wp\/v2\/types\/page"}],"author":[{"embeddable":true,"href":"https:\/\/corp-web.gauss.i2-sys.com\/es\/wp-json\/wp\/v2\/users\/1"}],"replies":[{"embeddable":true,"href":"https:\/\/corp-web.gauss.i2-sys.com\/es\/wp-json\/wp\/v2\/comments?post=2"}],"version-history":[{"count":1,"href":"https:\/\/corp-web.gauss.i2-sys.com\/es\/wp-json\/wp\/v2\/pages\/2\/revisions"}],"predecessor-version":[{"id":202,"href":"https:\/\/corp-web.gauss.i2-sys.com\/es\/wp-json\/wp\/v2\/pages\/2\/revisions\/202"}],"wp:attachment":[{"href":"https:\/\/corp-web.gauss.i2-sys.com\/es\/wp-json\/wp\/v2\/media?parent=2"}],"curies":[{"name":"wp","href":"https:\/\/api.w.org\/{rel}","templated":true}]}}