{"id":19,"date":"2021-07-20T11:32:53","date_gmt":"2021-07-20T11:32:53","guid":{"rendered":"https:\/\/corp-web.gauss.i2-sys.com\/es\/?page_id=19"},"modified":"2021-07-25T15:24:37","modified_gmt":"2021-07-25T15:24:37","slug":"politica-de-privacidad","status":"publish","type":"page","link":"https:\/\/corp-web.gauss.i2-sys.com\/es\/politica-de-privacidad\/","title":{"rendered":"Pol\u00edtica de privacidad"},"content":{"rendered":"\n<div class=\"wp-block-group module-hero small\"><div class=\"wp-block-group__inner-container\">\n<div class=\"wp-block-cover\"><img loading=\"lazy\" width=\"1920\" height=\"853\" class=\"wp-block-cover__image-background wp-image-35\" alt=\"\" src=\"https:\/\/corp-web.gauss.i2-sys.com\/es\/wp-content\/uploads\/sites\/2\/2021\/07\/hero_ai_bg.jpg\" data-object-fit=\"cover\" srcset=\"https:\/\/corp-web.gauss.i2-sys.com\/es\/wp-content\/uploads\/sites\/2\/2021\/07\/hero_ai_bg.jpg 1920w, https:\/\/corp-web.gauss.i2-sys.com\/es\/wp-content\/uploads\/sites\/2\/2021\/07\/hero_ai_bg.jpg 300w, https:\/\/corp-web.gauss.i2-sys.com\/es\/wp-content\/uploads\/sites\/2\/2021\/07\/hero_ai_bg.jpg 1024w, https:\/\/corp-web.gauss.i2-sys.com\/es\/wp-content\/uploads\/sites\/2\/2021\/07\/hero_ai_bg.jpg 768w, https:\/\/corp-web.gauss.i2-sys.com\/es\/wp-content\/uploads\/sites\/2\/2021\/07\/hero_ai_bg.jpg 1536w\" sizes=\"(max-width: 1920px) 100vw, 1920px\" \/><div class=\"wp-block-cover__inner-container\">\n<h1 class=\"has-text-align-center\">Pol\u00edtica de privacidad<\/h1>\n<\/div><\/div>\n<\/div><\/div>\n\n\n\n<div class=\"wp-block-group container legal-text\"><div class=\"wp-block-group__inner-container\"><div class=\"wp-block-group__inner-container\">\n<h2 class=\"h3\">1. \u00bfQui\u00e9n es el responsable del tratamiento de sus datos?<\/h2>\n\n\n\n<p>El responsable del tratamiento de sus datos personales es MAKING SCIENCE GROUP S.A. (en adelante, \u201cMAKING SCIENCE\u201d), con N.I.F.: A-82861428 y domicilio social en la Calle L\u00f3pez de Hoyos 135, Piso 3, 28002, Madrid, Espa\u00f1a.<\/p>\n\n\n\n<p>Le informamos que la titularidad de este Sitio Web (en adelante, el \u201cSitio Web\u201d), es de MAKING SCIENCE.<\/p>\n\n\n\n<p>El acceso y\/o uso del Sitio Web, le atribuye la condici\u00f3n de Usuario (en adelante, el \u00abUsuario\u00bb), e implica la aceptaci\u00f3n, desde dicho acceso y\/o uso, de la presente Pol\u00edtica de Privacidad.<\/p>\n\n\n\n<p class=\"content-link\">El Usuario podr\u00e1 contactar con MAKING SCIENCE en la siguiente direcci\u00f3n de correo electr\u00f3nico:&nbsp;<a href=\"mailto:protecciondedatos@makingscience.com\">protecciondedatos@makingscience.com<\/a>.<\/p>\n\n\n\n<h2 class=\"h3\">2. \u00bfPor qu\u00e9 MAKING SCIENCE est\u00e1 legitimado para llevar a cabo el tratamiento de datos?<\/h2>\n\n\n\n<p>MAKING SCIENCE est\u00e1 legitimada para tratar sus datos para poder llevar a cabo la prestaci\u00f3n de sus servicios.<\/p>\n\n\n\n<p>MAKING SCIENCE se toma muy en serio la protecci\u00f3n de su privacidad y de sus datos personales. Por lo tanto, su informaci\u00f3n personal se conserva de forma segura y se trata con el m\u00e1ximo cuidado.<\/p>\n\n\n\n<p>La presente Pol\u00edtica de Privacidad regula el acceso y el uso al servicio (en adelante, el \u201cServicio\u201d) que MAKING SCIENCE pone a disposici\u00f3n del Usuario interesado en los servicios.<\/p>\n\n\n\n<p>En este sentido, las bases de legitimaci\u00f3n utilizadas por MAKING SCIENCE para el tratamiento de los datos de los Usuarios son:<\/p>\n\n\n\n<ol><li>La ejecuci\u00f3n de una relaci\u00f3n contractual.<\/li><li>El consentimiento de los Usuarios al tratamiento de sus datos personales para las finalidades especificadas en cada caso.<\/li><li>El inter\u00e9s leg\u00edtimo, en su caso.<\/li><\/ol>\n\n\n\n<h2 class=\"h3\">3. \u00bfCu\u00e1les son las finalidades del tratamiento de sus datos de car\u00e1cter personal por parte de MAKING SCIENCE?<\/h2>\n\n\n\n<p>Sus datos de car\u00e1cter personal recabados por MAKING SCIENCE podr\u00e1n ser utilizados para las siguientes finalidades, seg\u00fan el consentimiento otorgado en el formulario de registro correspondiente:<\/p>\n\n\n\n<p>3.1 La prestaci\u00f3n de los servicios de MAKING SCIENCE.<\/p>\n\n\n\n<p>Para la prestaci\u00f3n del servicio demandado por el Usuario, MAKING SCIENCE necesitar\u00e1 tratar datos personales obtenidos a partir de la informaci\u00f3n que el Usuario facilite a MAKING SCIENCE.<\/p>\n\n\n\n<h2 class=\"h3\">4. Veracidad de los datos facilitados por los Usuarios y datos de menores<\/h2>\n\n\n\n<p>El Usuario garantiza que los datos personales facilitados son veraces y se hace responsable de comunicar a MAKING SCIENCE cualquier modificaci\u00f3n de estos. El Usuario responder\u00e1, en cualquier caso, de la veracidad de los datos facilitados, reserv\u00e1ndose MAKING SCIENCE el derecho a excluir de los Servicios registrados a todo Usuario que haya facilitado datos falsos, sin perjuicio de las dem\u00e1s acciones que procedan en Derecho.<\/p>\n\n\n\n<h2 class=\"h3\">5. Conservaci\u00f3n de los datos<\/h2>\n\n\n\n<p>Los datos personales proporcionados se conservar\u00e1n por parte de MAKING SCIENCE mientras el Usuario no manifieste su voluntad de darse de baja de los servicios de MAKING SCIENCE, y ello con la finalidad de recibir informaci\u00f3n sobre los servicios de la empresa. Posteriormente, en caso de ser necesario, MAKING SCIENCE mantendr\u00e1 la informaci\u00f3n bloqueada los plazos legalmente establecidos.<\/p>\n\n\n\n<h2 class=\"h3\">6. Derechos del Usuario en relaci\u00f3n con sus datos<\/h2>\n\n\n\n<p>El Usuario tienen derecho a<\/p>\n\n\n\n<ol><li>Acceder a sus datos personales.<\/li><li>Solicitar la rectificaci\u00f3n de los datos inexactos.<\/li><li>Solicitar su supresi\u00f3n.<\/li><li>Solicitar la limitaci\u00f3n del tratamiento de sus datos.<\/li><li>Oponerse al tratamiento de sus datos.<\/li><li>Solicitar su portabilidad.<\/li><li>No ser objeto de decisiones individuales automatizadas.<\/li><\/ol>\n\n\n\n<p class=\"content-link\">El Usuario puede ejercer todos estos derechos en la siguiente direcci\u00f3n de email&nbsp;<a href=\"mailto:protecciondedatos@makingscience.com\">protecciondedatos@makingscience.com<\/a>&nbsp;indicando el motivo de su petici\u00f3n y aportando una copia de su D.N.I.<\/p>\n\n\n\n<p>El Usuario puede tambi\u00e9n enviar su petici\u00f3n por correo ordinario a la siguiente direcci\u00f3n:<\/p>\n\n\n\n<p class=\"has-text-align-center\">Making Science Group, S.A<br>N.I.F. A-82861428<br>Calle Lopez De Hoyos 135,<br>Piso 3, 28002 Madrid.<\/p>\n\n\n\n<p>Sin perjuicio de cualquier otro recurso administrativo o acci\u00f3n judicial, el Usuario tendr\u00e1 derecho a presentar una reclamaci\u00f3n ante una Autoridad de Control, en particular en el Estado miembro en el que tenga su residencia habitual, lugar de trabajo o lugar de la supuesta infracci\u00f3n, en caso de que considere que el tratamiento de sus datos personales no es adecuado a la normativa, as\u00ed como en el caso de no ver satisfecho el ejercicio de sus derechos. La autoridad de control ante la que se haya presentado la reclamaci\u00f3n informar\u00e1 al reclamante sobre el curso y el resultado de la reclamaci\u00f3n.<\/p>\n\n\n\n<h2 class=\"h3\">7. Seguridad de los datos.<\/h2>\n\n\n\n<p>La protecci\u00f3n de la privacidad y los datos personales de los Usuarios es muy importante para MAKING SCIENCE. Por lo tanto, MAKING SCIENCE hace todo lo que est\u00e1 en su mano para impedir que sus datos se utilicen de forma inadecuada, permitiendo el acceso a los mismo \u00fanicamente a personal autorizado.<\/p>\n\n\n\n<p>MAKING SCIENCE mantiene los niveles de seguridad de protecci\u00f3n de datos personales conforme a la normativa aplicable y ha establecido todos los medios t\u00e9cnicos a su alcance para evitar la p\u00e9rdida, mal uso, alteraci\u00f3n, acceso no autorizado y robo de los datos que el Usuario facilite a trav\u00e9s del Sitio Web sin perjuicio de informarle de que las medidas de seguridad en Internet no son inexpugnables.<\/p>\n\n\n\n<p>MAKING SCIENCE se compromete a cumplir con el deber de secreto y confidencialidad respecto de los datos personales de acuerdo con la legislaci\u00f3n aplicable, as\u00ed como a conferirles un tratamiento seguro en las cesiones y transferencias internacionales de datos que, en su caso, puedan producirse.<\/p>\n\n\n\n<p>En aquellos servicios del Sitio Web que precisen registrarse como Usuario, se deber\u00e1 elegir una contrase\u00f1a. El Usuario es el responsable de mantener la confidencialidad de esta contrase\u00f1a, as\u00ed como de todas las actividades que ocurran en la sesi\u00f3n iniciada con su nombre y contrase\u00f1a.<\/p>\n\n\n\n<p>El Usuario se compromete a notificar MAKING SCIENCE a la mayor brevedad el uso no autorizado de su nombre de Usuario y\/o contrase\u00f1a o cualquier otro fallo en la seguridad. MAKING SCIENCE no ser\u00e1 responsable por los da\u00f1os o p\u00e9rdidas que se pudieran originar debido al no cumplimiento de esta obligaci\u00f3n por parte del Usuario.ING SCIENCE se compromete a cumplir con el deber de secreto y confidencialidad respecto de los datos personales de acuerdo con la legislaci\u00f3n aplicable.<\/p>\n\n\n\n<h2 class=\"h3\">8. Cambios<\/h2>\n\n\n\n<p>MAKING SCIENCE se reserva el derecho de revisar su Pol\u00edtica de Privacidad en el momento que considere oportuno. Por esta raz\u00f3n, le rogamos que compruebe de forma regular esta Pol\u00edtica de Privacidad para leer la versi\u00f3n m\u00e1s reciente de la misma.<\/p>\n\n\n\n<p>No obstante, cualquier cambio que se produzca en la presente Pol\u00edtica de Privacidad se comunicar\u00e1 al Usuario.<\/p>\n\n\n\n<h2 class=\"h3\">9. Links a p\u00e1ginas web<\/h2>\n\n\n\n<p>EL Sitio Web de MAKING SCIENCE podr\u00eda contener links a p\u00e1ginas web de compa\u00f1\u00edas y entidades de terceros. MAKING SCIENCE no puede hacerse responsable de la forma en la que estas compa\u00f1\u00edas tratan la protecci\u00f3n de la privacidad y de los datos personales, por lo que le aconsejamos que lea detenidamente las declaraciones de Pol\u00edtica de Privacidad de estas p\u00e1ginas web que no son propiedad de MAKING SCIENCE con relaci\u00f3n al uso, procesamiento y protecci\u00f3n de datos personales.<\/p>\n\n\n\n<p>Las condiciones que ofrecen estas p\u00e1ginas web pueden no ser las mismas que las que ofrece MAKING SCIENCE.<\/p>\n\n\n\n<h2 class=\"h3\">10. Preguntas<\/h2>\n\n\n\n<p class=\"content-link\">Si tienen alguna pregunta sobre esta Pol\u00edtica de Privacidad o el tratamiento de sus datos rogamos que se ponga en contacto con MAKING SCIENCE mediante correo electr\u00f3nico dirigido a la siguiente direcci\u00f3n de correo electr\u00f3nico:&nbsp;<a href=\"mailto:protecciondedatos@makingscience.com\">protecciondedatos@makingscience.com<\/a>.<\/p>\n\n\n\n<h2 class=\"h3\">11. Aceptaci\u00f3n y Consentimiento.<\/h2>\n\n\n\n<p>El Usuario declara haber sido informado de las condiciones sobre protecci\u00f3n de datos personales, aceptando y consintiendo el tratamiento de estos por parte de MAKING SCIENCE, en la forma y para las finalidades indicadas en la presente Pol\u00edtica de Privacidad.<\/p>\n<\/div><\/div><\/div>\n\n\n\n<p><\/p>\n","protected":false},"excerpt":{"rendered":"<p>1. \u00bfQui\u00e9n es el responsable del tratamiento de sus datos? El responsable del tratamiento de sus datos personales es MAKING SCIENCE GROUP S.A. (en adelante, \u201cMAKING SCIENCE\u201d), con N.I.F.: A-82861428 y domicilio social en la Calle L\u00f3pez de Hoyos 135, Piso 3, 28002, Madrid, Espa\u00f1a. Le informamos que la titularidad de este Sitio Web (en [&hellip;]<\/p>\n","protected":false},"author":1,"featured_media":0,"parent":0,"menu_order":0,"comment_status":"closed","ping_status":"closed","template":"","meta":[],"_links":{"self":[{"href":"https:\/\/corp-web.gauss.i2-sys.com\/es\/wp-json\/wp\/v2\/pages\/19"}],"collection":[{"href":"https:\/\/corp-web.gauss.i2-sys.com\/es\/wp-json\/wp\/v2\/pages"}],"about":[{"href":"https:\/\/corp-web.gauss.i2-sys.com\/es\/wp-json\/wp\/v2\/types\/page"}],"author":[{"embeddable":true,"href":"https:\/\/corp-web.gauss.i2-sys.com\/es\/wp-json\/wp\/v2\/users\/1"}],"replies":[{"embeddable":true,"href":"https:\/\/corp-web.gauss.i2-sys.com\/es\/wp-json\/wp\/v2\/comments?post=19"}],"version-history":[{"count":0,"href":"https:\/\/corp-web.gauss.i2-sys.com\/es\/wp-json\/wp\/v2\/pages\/19\/revisions"}],"wp:attachment":[{"href":"https:\/\/corp-web.gauss.i2-sys.com\/es\/wp-json\/wp\/v2\/media?parent=19"}],"curies":[{"name":"wp","href":"https:\/\/api.w.org\/{rel}","templated":true}]}}