{"id":18,"date":"2021-07-20T11:32:32","date_gmt":"2021-07-20T11:32:32","guid":{"rendered":"https:\/\/corp-web.gauss.i2-sys.com\/es\/?page_id=18"},"modified":"2021-07-25T15:40:58","modified_gmt":"2021-07-25T15:40:58","slug":"aviso-legal","status":"publish","type":"page","link":"https:\/\/corp-web.gauss.i2-sys.com\/es\/aviso-legal\/","title":{"rendered":"Aviso legal"},"content":{"rendered":"\n<div class=\"wp-block-group module-hero small\"><div class=\"wp-block-group__inner-container\">\n<div class=\"wp-block-cover\"><img loading=\"lazy\" width=\"1920\" height=\"853\" class=\"wp-block-cover__image-background wp-image-35\" alt=\"\" src=\"https:\/\/corp-web.gauss.i2-sys.com\/es\/wp-content\/uploads\/sites\/2\/2021\/07\/hero_ai_bg.jpg\" data-object-fit=\"cover\" srcset=\"https:\/\/corp-web.gauss.i2-sys.com\/es\/wp-content\/uploads\/sites\/2\/2021\/07\/hero_ai_bg.jpg 1920w, https:\/\/corp-web.gauss.i2-sys.com\/es\/wp-content\/uploads\/sites\/2\/2021\/07\/hero_ai_bg.jpg 300w, https:\/\/corp-web.gauss.i2-sys.com\/es\/wp-content\/uploads\/sites\/2\/2021\/07\/hero_ai_bg.jpg 1024w, https:\/\/corp-web.gauss.i2-sys.com\/es\/wp-content\/uploads\/sites\/2\/2021\/07\/hero_ai_bg.jpg 768w, https:\/\/corp-web.gauss.i2-sys.com\/es\/wp-content\/uploads\/sites\/2\/2021\/07\/hero_ai_bg.jpg 1536w\" sizes=\"(max-width: 1920px) 100vw, 1920px\" \/><div class=\"wp-block-cover__inner-container\">\n<h1 class=\"has-text-align-center\">Aviso legal<\/h1>\n<\/div><\/div>\n<\/div><\/div>\n\n\n\n<div class=\"wp-block-group container legal-text\"><div class=\"wp-block-group__inner-container\"><div class=\"wp-block-group__inner-container\">\n<h2 class=\"h3\">1. Derecho de la informaci\u00f3n<\/h2>\n\n\n\n<p>Le informamos que este sitio Web es titularidad de MAKING SCIENCE GROUP S.A., (en adelante, \u201c<strong>MAKING SCIENCE<\/strong>\u201d), con N.I.F.: A-82861428 y domicilio social en Calle L\u00f3pez de Hoyos 135, Piso 3, 28002, Madrid, Espa\u00f1a.<\/p>\n\n\n\n<p>El acceso y\/o o uso del sitio web le atribuye la condici\u00f3n de usuario, y acepta, desde dicho acceso y\/o uso, el presente Aviso Legal.<\/p>\n\n\n\n<p class=\"content-link\">El usuario (en adelante, el \u201c<strong>Usuario<\/strong>\u201d) puede ponerse en contacto con MAKING SCIENCE a trav\u00e9s de la siguiente direcci\u00f3n de correo electr\u00f3nico:&nbsp;<a href=\"mailto:protecciondedatos@makingscience.com\">protecciondedatos@makingscience.com<\/a>.<\/p>\n\n\n\n<h2 class=\"h3\">2. Uso del sitio web<\/h2>\n\n\n\n<p>El Usuario asume la responsabilidad del uso del Sitio Web de MAKING SCIENCE (en adelante, el \u201cSitio Web\u201d). El Sitio Web puede proporcionar acceso a multitud de textos, gr\u00e1ficos, dibujos, dise\u00f1os, fotograf\u00edas, contenidos multimedia, e informaciones (en adelante, los \u00ab<strong>Contenidos<\/strong>\u00ab) pertenecientes a MAKING SCIENCE o a terceros a los que el Usuario puede tener acceso.<\/p>\n\n\n\n<p>El Usuario se compromete a hacer un uso adecuado de los Contenidos y Servicios ofrecidos a trav\u00e9s del Sitio Web y con car\u00e1cter enunciativo, pero no limitativo, a no emplearlos para:<\/p>\n\n\n\n<ol><li>Incurrir en actividades il\u00edcitas, ilegales o contrarias a la buena fe y al orden p\u00fablico.<\/li><li>Provocar da\u00f1os en los sistemas f\u00edsicos y l\u00f3gicos del Sitio Web de MAKING SCIENCE, de sus proveedores o de terceras personas.<\/li><li>Introducir o difundir en la red virus inform\u00e1ticos o cualesquiera otros sistemas f\u00edsicos o l\u00f3gicos que sean susceptibles de provocar los da\u00f1os anteriormente mencionados.<\/li><li>Intentar acceder, utilizar y\/o manipular los datos de MAKING SCIENCE terceros proveedores y otros usuarios.<\/li><li>Reproducir o copiar, distribuir, permitir el acceso del p\u00fablico a trav\u00e9s de cualquier modalidad de comunicaci\u00f3n p\u00fablica, transformar o modificar los Contenidos, a menos que se cuente con la autorizaci\u00f3n de MAKING SCIENCE.<\/li><li>(vi) Suprimir, ocultar o manipular los Contenidos sujetos a derechos de propiedad intelectual o industrial y dem\u00e1s datos identificativos de dichos derechos de MAKING SCIENCE o de terceros incorporados a los Contenidos, as\u00ed como los dispositivos t\u00e9cnicos de protecci\u00f3n o cualesquiera mecanismos de informaci\u00f3n que puedan insertarse en los Contenidos.<\/li><\/ol>\n\n\n\n<p>MAKING SCIENCE advierte de que los materiales contenidos en este sitio web han sido incluidos a mero t\u00edtulo informativo, por lo que resultan insuficientes para tomar decisiones o asumir posiciones en un caso concreto.<\/p>\n\n\n\n<p>El Usuario debe tener en cuenta que los materiales contenidos en este sitio web pudieran no reflejar el estado legislativo o jurisprudencial m\u00e1s reciente sobre las cuestiones analizadas. Asimismo, estos materiales pueden ser modificados, desarrollados o actualizados sin notificaci\u00f3n previa.<\/p>\n\n\n\n<p>MAKING SCIENCE tendr\u00e1 derecho a investigar y denunciar cualquiera de las conductas mencionadas de acuerdo con la Ley, as\u00ed como a colaborar con las autoridades en la investigaci\u00f3n de dichas actuaciones.<\/p>\n\n\n\n<p>MAKING SCIENCE podr\u00e1 suspender temporalmente y sin previo aviso, la accesibilidad al Sitio Web con motivo de operaciones de mantenimiento, reparaci\u00f3n, actualizaci\u00f3n o mejora. No obstante, siempre que las circunstancias lo permitan, MAKING SCIENCE comunicar\u00e1 al Usuario, con antelaci\u00f3n suficiente, la fecha prevista para la suspensi\u00f3n de los Servicios. MAKING SCIENCE no se responsabiliza del uso que los Usuarios puedan hacer de los Contenidos incluidos en el Sitio Web.<\/p>\n\n\n\n<h2 class=\"h3\">3. Propiedad Intelectual e Industrial<\/h2>\n\n\n\n<p>Todos los derechos de propiedad intelectual del Contenido del Sitio Web y su dise\u00f1o gr\u00e1fico son propiedad exclusiva de MAKING SCIENCE, o bien de un tercero que ha autorizado la utilizaci\u00f3n de estos, por lo que es a MAKING SCIENCE a quien le corresponde el ejercicio exclusivo de los derechos de explotaci\u00f3n de estos. Por ello y en virtud de lo dispuesto en la legislaci\u00f3n aplicable en materia de Derechos de Propiedad Intelectual e Industrial.<\/p>\n\n\n\n<p>MAKING SCIENCE no concede ninguna licencia o autorizaci\u00f3n de uso de ninguna clase sobre sus derechos de propiedad intelectual e industrial o sobre cualquier otra propiedad o derecho relacionado con el Sitio Web, los Servicios o los Contenidos de este.<\/p>\n\n\n\n<p>Se permite la reproducci\u00f3n y almacenamiento temporal de los contenidos del Sitio Web en tanto ello sea estrictamente necesario para el uso y visualizaci\u00f3n del Sitio Web desde un dispositivo personal.<\/p>\n\n\n\n<p>La legitimidad de los derechos de propiedad intelectual o industrial correspondientes a los Contenidos aportados por los usuarios es responsabilidad exclusiva de los mismos, por lo que el Usuario mantendr\u00e1 indemne a MAKING SCIENCE de cualquier reclamaci\u00f3n de terceros derivada de la utilizaci\u00f3n il\u00edcita de Contenidos en el Sitio Web.<\/p>\n\n\n\n<h2 class=\"h3\">4. Responsabilidad y Garant\u00edas<\/h2>\n\n\n\n<p>MAKING SCIENCE declara que ha adoptado las medidas necesarias que, dentro de sus posibilidades y el estado de la tecnolog\u00eda, permitan el correcto funcionamiento de su Sitio Web, as\u00ed como la ausencia de virus y componentes da\u00f1inos. Sin embargo, MAKING SCIENCE no puede hacerse responsable de:<\/p>\n\n\n\n<ol><li>La continuidad y disponibilidad de los Contenidos y Servicios.<\/li><li>La ausencia de errores en dichos Contenidos ni la correcci\u00f3n de cualquier defecto que pudiera ocurrir.<\/li><li>La ausencia de virus y\/o dem\u00e1s componentes da\u00f1inos.<\/li><li>Los da\u00f1os o perjuicios que cause cualquier persona que vulnere los sistemas de seguridad de MAKING SCIENCE.<\/li><\/ol>\n\n\n\n<p>Las aportaciones que se pueden encontrar en estas p\u00e1ginas se han realizado \u00fanicamente a t\u00edtulo informativo. MAKING SCIENCE no garantiza la integridad, exactitud y actualidad de sus contenidos.<\/p>\n\n\n\n<p>MAKING SCIENCE no asume ninguna responsabilidad sobre los enlaces a otras p\u00e1ginas web que se encuentren en el Sitio Web pudiendo dirigir al Usuario a otros sitios web sobre los que MAKING SCIENCE no tiene ning\u00fan tipo de control, por lo que la inclusi\u00f3n de v\u00ednculos a otros sitios web no implica la aprobaci\u00f3n de sus contenidos por parte de MAKING SCIENCE ni la existencia de ning\u00fan tipo de asociaci\u00f3n entre MAKING SCIENCE y sus titulares. Por ello el Usuario accede bajo su exclusiva responsabilidad al Contenido y en las condiciones de uso que rijan en los mismos.<\/p>\n\n\n\n<h2 class=\"h3\">5. Duraci\u00f3n y modificaci\u00f3n<\/h2>\n\n\n\n<p>El presente Aviso Legal estar\u00e1 vigente con car\u00e1cter indefinido, pudiendo MAKING SCIENCE efectuar cambios sobre las condiciones especificadas en el mismo, y que entrar\u00e1n en vigor desde el momento de su publicaci\u00f3n.<\/p>\n\n\n\n<p>MAKING SCIENCE podr\u00e1 suprimir, a\u00f1adir o cambiar tanto los Contenidos como los Servicios que presta, as\u00ed como tambi\u00e9n la forma en la que los mismos aparezcan localizados o presentados. Se entienden como vigentes, las condiciones que est\u00e9n publicadas en el momento en el que el Usuario acceda al Sitio Web de MAKING SCIENCE.<\/p>\n\n\n\n<p>El acceso y\/o el uso del Sitio Web se entender\u00e1 como una aceptaci\u00f3n por parte del Usuario del presente Aviso Legal y sus condiciones y, en su caso, los cambios efectuados en las mismas.<\/p>\n<\/div><\/div><\/div>\n","protected":false},"excerpt":{"rendered":"<p>1. Derecho de la informaci\u00f3n Le informamos que este sitio Web es titularidad de MAKING SCIENCE GROUP S.A., (en adelante, \u201cMAKING SCIENCE\u201d), con N.I.F.: A-82861428 y domicilio social en Calle L\u00f3pez de Hoyos 135, Piso 3, 28002, Madrid, Espa\u00f1a. El acceso y\/o o uso del sitio web le atribuye la condici\u00f3n de usuario, y acepta, [&hellip;]<\/p>\n","protected":false},"author":1,"featured_media":0,"parent":0,"menu_order":0,"comment_status":"closed","ping_status":"closed","template":"","meta":[],"_links":{"self":[{"href":"https:\/\/corp-web.gauss.i2-sys.com\/es\/wp-json\/wp\/v2\/pages\/18"}],"collection":[{"href":"https:\/\/corp-web.gauss.i2-sys.com\/es\/wp-json\/wp\/v2\/pages"}],"about":[{"href":"https:\/\/corp-web.gauss.i2-sys.com\/es\/wp-json\/wp\/v2\/types\/page"}],"author":[{"embeddable":true,"href":"https:\/\/corp-web.gauss.i2-sys.com\/es\/wp-json\/wp\/v2\/users\/1"}],"replies":[{"embeddable":true,"href":"https:\/\/corp-web.gauss.i2-sys.com\/es\/wp-json\/wp\/v2\/comments?post=18"}],"version-history":[{"count":1,"href":"https:\/\/corp-web.gauss.i2-sys.com\/es\/wp-json\/wp\/v2\/pages\/18\/revisions"}],"predecessor-version":[{"id":40,"href":"https:\/\/corp-web.gauss.i2-sys.com\/es\/wp-json\/wp\/v2\/pages\/18\/revisions\/40"}],"wp:attachment":[{"href":"https:\/\/corp-web.gauss.i2-sys.com\/es\/wp-json\/wp\/v2\/media?parent=18"}],"curies":[{"name":"wp","href":"https:\/\/api.w.org\/{rel}","templated":true}]}}